{"id":262384,"date":"2023-10-28T13:20:00","date_gmt":"2023-10-28T13:20:00","guid":{"rendered":"https:\/\/poccky.com\/?post_type=product&#038;p=262384"},"modified":"2023-10-28T13:20:06","modified_gmt":"2023-10-28T13:20:06","slug":"loregfe","status":"publish","type":"product","link":"https:\/\/poccky.com\/index.php\/product\/loregfe\/","title":{"rendered":"Loregfe"},"content":{"rendered":"","protected":false},"excerpt":{"rendered":"<p>Belle jeune femme. issue du milieu bourgeois parisien. \u00e0 la beaut\u00e9 froide. dot\u00e9e de magnifiques grands yeux verts fonc\u00e9s\/noisettes. propose ACCOMPAGNEMENT ou RENCONTRE complice et d\u00e9complex\u00e9e HAUT DE GAMME. tout en simplicit\u00e9. dans une ambiance PORNO-CHIC. sulfureuse. voire de C\u00c9R\u00c9BRALIT\u00c9. o\u00f9 s\u00e9duction. intensit\u00e9. raffinement. qualit\u00e9. authenticit\u00e9 seront de mise&#8230;<\/p>\n<p>Loin d&#8217;\u00eatre exp\u00e9ditive. j&#8217;offre toujours l&#8217;EXCLUSIVIT\u00c9 de ma personne lors de notre moment bas\u00e9 sur l&#8217;ECHANGE. le RESPECT et la DISCR\u00c9TION et privil\u00e9gie la QUALIT\u00c9 de mes rencontres \u00e0 la quantit\u00e9.<\/p>\n<p>De nature joueuse. j&#8217;appr\u00e9cie par moment certains jeux de r\u00f4le (faisabilit\u00e9 et volont\u00e9 r\u00e9ciproque).<\/p>\n<p>S\u00c9LECTIVE. tout comme vous messieurs. j&#8217;attache une importance particuli\u00e8re \u00e0 la COURTOISIE. \u00e0 l&#8217;HYGI\u00c8NE et au FEELING.<\/p>\n<p>OCCASIONNELLE. je ne suis pas joignable tout le temps. mais n&#8217;h\u00e9sitez pas \u00e0 me laisser un message en me contactant par SMS ou T\u00c9L\u00c9PHONE UNIQUEMENT (PAS DE NUMERO MASQU\u00c9) en prenant le temps de vous PR\u00c9SENTER BRI\u00c8VEMENT PAR: AGE. ORIGINES et QUARTIER. My details Below mentioned<\/p>\n<p>                Nationality:<br \/>\n                E.G FRENCH <\/p>\n<p>                Languages:<br \/>\n                French<\/p>\n<p>                Age:<br \/>\n                25<\/p>\n<p>                Height:<br \/>\n                175<\/p>\n<p>                Weight:<br \/>\n                64<\/p>\n<p>                Hair:<br \/>\n                Black<\/p>\n<p>                Eyes:<br \/>\n                Hazel<\/p>\n","protected":false},"featured_media":106686,"comment_status":"open","ping_status":"closed","template":"","meta":{"site-sidebar-layout":"default","site-content-layout":"","ast-site-content-layout":"","site-content-style":"default","site-sidebar-style":"default","ast-global-header-display":"","ast-banner-title-visibility":"","ast-main-header-display":"","ast-hfb-above-header-display":"","ast-hfb-below-header-display":"","ast-hfb-mobile-header-display":"","site-post-title":"","ast-breadcrumbs-content":"","ast-featured-img":"","footer-sml-layout":"","theme-transparent-header-meta":"","adv-header-id-meta":"","stick-header-meta":"","header-above-stick-meta":"","header-main-stick-meta":"","header-below-stick-meta":"","astra-migrate-meta-layouts":"default","ast-page-background-enabled":"default","ast-page-background-meta":{"desktop":{"background-color":"var(--ast-global-color-4)","background-image":"","background-repeat":"repeat","background-position":"center center","background-size":"auto","background-attachment":"scroll","background-type":"","background-media":"","overlay-type":"","overlay-color":"","overlay-opacity":"","overlay-gradient":""},"tablet":{"background-color":"","background-image":"","background-repeat":"repeat","background-position":"center center","background-size":"auto","background-attachment":"scroll","background-type":"","background-media":"","overlay-type":"","overlay-color":"","overlay-opacity":"","overlay-gradient":""},"mobile":{"background-color":"","background-image":"","background-repeat":"repeat","background-position":"center center","background-size":"auto","background-attachment":"scroll","background-type":"","background-media":"","overlay-type":"","overlay-color":"","overlay-opacity":"","overlay-gradient":""}},"ast-content-background-meta":{"desktop":{"background-color":"var(--ast-global-color-5)","background-image":"","background-repeat":"repeat","background-position":"center center","background-size":"auto","background-attachment":"scroll","background-type":"","background-media":"","overlay-type":"","overlay-color":"","overlay-opacity":"","overlay-gradient":""},"tablet":{"background-color":"var(--ast-global-color-5)","background-image":"","background-repeat":"repeat","background-position":"center center","background-size":"auto","background-attachment":"scroll","background-type":"","background-media":"","overlay-type":"","overlay-color":"","overlay-opacity":"","overlay-gradient":""},"mobile":{"background-color":"var(--ast-global-color-5)","background-image":"","background-repeat":"repeat","background-position":"center center","background-size":"auto","background-attachment":"scroll","background-type":"","background-media":"","overlay-type":"","overlay-color":"","overlay-opacity":"","overlay-gradient":""}}},"product_brand":[],"product_cat":[244,188,1118],"product_tag":[],"class_list":{"0":"post-262384","1":"product","2":"type-product","3":"status-publish","4":"has-post-thumbnail","6":"product_cat-france","7":"product_cat-freelancer","8":"product_cat-paris","9":"desktop-align-left","10":"tablet-align-left","11":"mobile-align-left","13":"first","14":"instock","15":"shipping-taxable","16":"product-type-simple"},"_links":{"self":[{"href":"https:\/\/poccky.com\/index.php\/wp-json\/wp\/v2\/product\/262384","targetHints":{"allow":["GET"]}}],"collection":[{"href":"https:\/\/poccky.com\/index.php\/wp-json\/wp\/v2\/product"}],"about":[{"href":"https:\/\/poccky.com\/index.php\/wp-json\/wp\/v2\/types\/product"}],"replies":[{"embeddable":true,"href":"https:\/\/poccky.com\/index.php\/wp-json\/wp\/v2\/comments?post=262384"}],"wp:featuredmedia":[{"embeddable":true,"href":"https:\/\/poccky.com\/index.php\/wp-json\/wp\/v2\/media\/106686"}],"wp:attachment":[{"href":"https:\/\/poccky.com\/index.php\/wp-json\/wp\/v2\/media?parent=262384"}],"wp:term":[{"taxonomy":"product_brand","embeddable":true,"href":"https:\/\/poccky.com\/index.php\/wp-json\/wp\/v2\/product_brand?post=262384"},{"taxonomy":"product_cat","embeddable":true,"href":"https:\/\/poccky.com\/index.php\/wp-json\/wp\/v2\/product_cat?post=262384"},{"taxonomy":"product_tag","embeddable":true,"href":"https:\/\/poccky.com\/index.php\/wp-json\/wp\/v2\/product_tag?post=262384"}],"curies":[{"name":"wp","href":"https:\/\/api.w.org\/{rel}","templated":true}]}}