{"id":261864,"date":"2023-10-28T12:48:22","date_gmt":"2023-10-28T12:48:22","guid":{"rendered":"https:\/\/poccky.com\/?post_type=product&#038;p=261864"},"modified":"2023-10-28T12:48:30","modified_gmt":"2023-10-28T12:48:30","slug":"christine-6","status":"publish","type":"product","link":"https:\/\/poccky.com\/index.php\/product\/christine-6\/","title":{"rendered":"Christine"},"content":{"rendered":"","protected":false},"excerpt":{"rendered":"<p>Je suis Christine. escort girl. d\u00e9licieuse libertine de 38 ans. . originaire de POLYNESIE Si vous souhaitez prendre d\u2019ors et d\u00e9j\u00e0 un rendez-vous avec moi. vous pouvez me contacter pour r\u00e9server. dans un premier temps par mail \u00e0 l\u2019adresse suivante :                                              christine.sexygirl.outlook.fr A tr\u00e8s bient\u00f4t\u2026 tendres bisesSi vous \u00eates \u00e0 la recherche d&#8217;un service d&#8217;escort girl \u00e0 PARIS et profiter d\u2019une compagnie exotique. je serais dans votre ville durant tout le mois de mai. je serais  ravie de vous accompagner le jour ou la nuit pour un d\u00eener (Tr\u00e8s bonne danseuse. je serais tr\u00e8s \u00e0 l\u2019aise pour vous accompagner dans des d\u00eeners dansant et toujours partante pour vous faire une d\u00e9monstration de Tamour\u00e9. vous faire faire vos premiers pas de valse tahitienne. et ka\u00efna. (danses de mon \u00eele natale). un voyage ou un repas d&#8217;affaires. une sortie dans un nightclub (mais pas en club \u00e9changiste) ou \u00e0 une soir\u00e9e priv\u00e9e. etc&#8230;  ou encore de vous recevoir. My details Below mentioned<\/p>\n<p>                Nationality:<br \/>\n                Fran\u00e7aise <\/p>\n<p>                Languages:<br \/>\n                Fran\u00e7ais<\/p>\n<p>                Age:<br \/>\n                38<\/p>\n<p>                Height:<br \/>\n                155 cm<\/p>\n<p>                Weight:<br \/>\n                44 kg<\/p>\n<p>                Hair:<br \/>\n                long brune<\/p>\n<p>                Eyes:<br \/>\n                noisette<\/p>\n<p>                Measurements:<br \/>\n                90-60-90<\/p>\n","protected":false},"featured_media":104382,"comment_status":"open","ping_status":"closed","template":"","meta":{"site-sidebar-layout":"default","site-content-layout":"","ast-site-content-layout":"","site-content-style":"default","site-sidebar-style":"default","ast-global-header-display":"","ast-banner-title-visibility":"","ast-main-header-display":"","ast-hfb-above-header-display":"","ast-hfb-below-header-display":"","ast-hfb-mobile-header-display":"","site-post-title":"","ast-breadcrumbs-content":"","ast-featured-img":"","footer-sml-layout":"","theme-transparent-header-meta":"","adv-header-id-meta":"","stick-header-meta":"","header-above-stick-meta":"","header-main-stick-meta":"","header-below-stick-meta":"","astra-migrate-meta-layouts":"default","ast-page-background-enabled":"default","ast-page-background-meta":{"desktop":{"background-color":"var(--ast-global-color-4)","background-image":"","background-repeat":"repeat","background-position":"center center","background-size":"auto","background-attachment":"scroll","background-type":"","background-media":"","overlay-type":"","overlay-color":"","overlay-opacity":"","overlay-gradient":""},"tablet":{"background-color":"","background-image":"","background-repeat":"repeat","background-position":"center center","background-size":"auto","background-attachment":"scroll","background-type":"","background-media":"","overlay-type":"","overlay-color":"","overlay-opacity":"","overlay-gradient":""},"mobile":{"background-color":"","background-image":"","background-repeat":"repeat","background-position":"center center","background-size":"auto","background-attachment":"scroll","background-type":"","background-media":"","overlay-type":"","overlay-color":"","overlay-opacity":"","overlay-gradient":""}},"ast-content-background-meta":{"desktop":{"background-color":"var(--ast-global-color-5)","background-image":"","background-repeat":"repeat","background-position":"center center","background-size":"auto","background-attachment":"scroll","background-type":"","background-media":"","overlay-type":"","overlay-color":"","overlay-opacity":"","overlay-gradient":""},"tablet":{"background-color":"var(--ast-global-color-5)","background-image":"","background-repeat":"repeat","background-position":"center center","background-size":"auto","background-attachment":"scroll","background-type":"","background-media":"","overlay-type":"","overlay-color":"","overlay-opacity":"","overlay-gradient":""},"mobile":{"background-color":"var(--ast-global-color-5)","background-image":"","background-repeat":"repeat","background-position":"center center","background-size":"auto","background-attachment":"scroll","background-type":"","background-media":"","overlay-type":"","overlay-color":"","overlay-opacity":"","overlay-gradient":""}}},"product_brand":[],"product_cat":[244,188,1118],"product_tag":[],"class_list":{"0":"post-261864","1":"product","2":"type-product","3":"status-publish","4":"has-post-thumbnail","6":"product_cat-france","7":"product_cat-freelancer","8":"product_cat-paris","9":"desktop-align-left","10":"tablet-align-left","11":"mobile-align-left","13":"first","14":"instock","15":"shipping-taxable","16":"product-type-simple"},"_links":{"self":[{"href":"https:\/\/poccky.com\/index.php\/wp-json\/wp\/v2\/product\/261864","targetHints":{"allow":["GET"]}}],"collection":[{"href":"https:\/\/poccky.com\/index.php\/wp-json\/wp\/v2\/product"}],"about":[{"href":"https:\/\/poccky.com\/index.php\/wp-json\/wp\/v2\/types\/product"}],"replies":[{"embeddable":true,"href":"https:\/\/poccky.com\/index.php\/wp-json\/wp\/v2\/comments?post=261864"}],"wp:featuredmedia":[{"embeddable":true,"href":"https:\/\/poccky.com\/index.php\/wp-json\/wp\/v2\/media\/104382"}],"wp:attachment":[{"href":"https:\/\/poccky.com\/index.php\/wp-json\/wp\/v2\/media?parent=261864"}],"wp:term":[{"taxonomy":"product_brand","embeddable":true,"href":"https:\/\/poccky.com\/index.php\/wp-json\/wp\/v2\/product_brand?post=261864"},{"taxonomy":"product_cat","embeddable":true,"href":"https:\/\/poccky.com\/index.php\/wp-json\/wp\/v2\/product_cat?post=261864"},{"taxonomy":"product_tag","embeddable":true,"href":"https:\/\/poccky.com\/index.php\/wp-json\/wp\/v2\/product_tag?post=261864"}],"curies":[{"name":"wp","href":"https:\/\/api.w.org\/{rel}","templated":true}]}}