{"id":261825,"date":"2023-10-28T12:43:29","date_gmt":"2023-10-28T12:43:29","guid":{"rendered":"https:\/\/poccky.com\/?post_type=product&#038;p=261825"},"modified":"2023-10-28T12:43:38","modified_gmt":"2023-10-28T12:43:38","slug":"transexuelle-mila-escort-a-trocadero","status":"publish","type":"product","link":"https:\/\/poccky.com\/index.php\/product\/transexuelle-mila-escort-a-trocadero\/","title":{"rendered":"TRANSEXUELLE MILA ESCORT A TROCADERO"},"content":{"rendered":"","protected":false},"excerpt":{"rendered":"<p>Mon nom est Mila .J&#8217;ai 26 ans. une ind\u00e9pendant  escort transexuelle  de passage \u00e0 Paris pour un temps limit\u00e9. J&#8217;ai la peau tr\u00e8s douce cr\u00e9meuse . cheveux brun ombr\u00e9 . de grands beaux yeux bruns et une personnalit\u00e9 chaleureuse c\u00e2lin pour correspondre . Avec un ajustement 95D-60-90 et la figure 7&#8243; uncut  avec un corps mince comme un mod\u00e8le aussi je suis tr\u00e8s passable en public . J&#8217;aime \u00eatre une v\u00e9ritable exp\u00e9rience de petite amie pour messieurs distingu\u00e9s . Que vous cherchiez une soir\u00e9e de d\u00e9tente avec un verre de vin et de conversation. ou un rendez-vous excitant \u00e0 Paris. je vais vous donner mon attention. je vais vous donner un massage relaxant . Notre temps est tranquille et pratique pour le monsieur de type recherche et confident romantique . je prends bien soin de ma sant\u00e9 et le corps. et mon visage est beau . je suis passionn\u00e9 de la vie et c&#8217;est dans ma nature de faire plaisir \u00e0 mon travail . je suis ludique ou grave et avoir une id\u00e9e d&#8217;un bon sens de l&#8217; humour . Mes r\u00eaves sont encore \u00e0 \u00eatre . r\u00e9alis\u00e9 ce travail est gratifiant pour moi . parce que j&#8217;aime le bonheur que je peux donner \u00e0 ceux que je touche et j&#8217;ai rencontr\u00e9 beaucoup de gens int\u00e9ressants qui m&#8217;ont appris tellement je suis impatient de vous rencontrer.A tr\u00e8s  bient\u00f4t appelez-moi au :0033.6 12.62 .23.44 . vous obtiendrez ce que vous voulez .Mila  :)Bisous My details Below mentioned<\/p>\n<p>                Nationality:<br \/>\n                SPANISH <\/p>\n<p>                Languages:<br \/>\n                FRENCAIS ENGLISH SPANISH<\/p>\n<p>                Age:<br \/>\n                25<\/p>\n<p>                Height:<br \/>\n                177CM<\/p>\n<p>                Weight:<br \/>\n                63<\/p>\n<p>                Hair:<br \/>\n                BRUN OMBRE<\/p>\n<p>                Eyes:<br \/>\n                HOEY BROWN<\/p>\n<p>                Measurements:<br \/>\n                95d-60-60<\/p>\n","protected":false},"featured_media":105004,"comment_status":"open","ping_status":"closed","template":"","meta":{"site-sidebar-layout":"default","site-content-layout":"","ast-site-content-layout":"","site-content-style":"default","site-sidebar-style":"default","ast-global-header-display":"","ast-banner-title-visibility":"","ast-main-header-display":"","ast-hfb-above-header-display":"","ast-hfb-below-header-display":"","ast-hfb-mobile-header-display":"","site-post-title":"","ast-breadcrumbs-content":"","ast-featured-img":"","footer-sml-layout":"","theme-transparent-header-meta":"","adv-header-id-meta":"","stick-header-meta":"","header-above-stick-meta":"","header-main-stick-meta":"","header-below-stick-meta":"","astra-migrate-meta-layouts":"default","ast-page-background-enabled":"default","ast-page-background-meta":{"desktop":{"background-color":"var(--ast-global-color-4)","background-image":"","background-repeat":"repeat","background-position":"center center","background-size":"auto","background-attachment":"scroll","background-type":"","background-media":"","overlay-type":"","overlay-color":"","overlay-opacity":"","overlay-gradient":""},"tablet":{"background-color":"","background-image":"","background-repeat":"repeat","background-position":"center center","background-size":"auto","background-attachment":"scroll","background-type":"","background-media":"","overlay-type":"","overlay-color":"","overlay-opacity":"","overlay-gradient":""},"mobile":{"background-color":"","background-image":"","background-repeat":"repeat","background-position":"center center","background-size":"auto","background-attachment":"scroll","background-type":"","background-media":"","overlay-type":"","overlay-color":"","overlay-opacity":"","overlay-gradient":""}},"ast-content-background-meta":{"desktop":{"background-color":"var(--ast-global-color-5)","background-image":"","background-repeat":"repeat","background-position":"center center","background-size":"auto","background-attachment":"scroll","background-type":"","background-media":"","overlay-type":"","overlay-color":"","overlay-opacity":"","overlay-gradient":""},"tablet":{"background-color":"var(--ast-global-color-5)","background-image":"","background-repeat":"repeat","background-position":"center center","background-size":"auto","background-attachment":"scroll","background-type":"","background-media":"","overlay-type":"","overlay-color":"","overlay-opacity":"","overlay-gradient":""},"mobile":{"background-color":"var(--ast-global-color-5)","background-image":"","background-repeat":"repeat","background-position":"center center","background-size":"auto","background-attachment":"scroll","background-type":"","background-media":"","overlay-type":"","overlay-color":"","overlay-opacity":"","overlay-gradient":""}}},"product_brand":[],"product_cat":[244,188,1118],"product_tag":[],"class_list":{"0":"post-261825","1":"product","2":"type-product","3":"status-publish","4":"has-post-thumbnail","6":"product_cat-france","7":"product_cat-freelancer","8":"product_cat-paris","9":"desktop-align-left","10":"tablet-align-left","11":"mobile-align-left","13":"first","14":"instock","15":"shipping-taxable","16":"product-type-simple"},"_links":{"self":[{"href":"https:\/\/poccky.com\/index.php\/wp-json\/wp\/v2\/product\/261825","targetHints":{"allow":["GET"]}}],"collection":[{"href":"https:\/\/poccky.com\/index.php\/wp-json\/wp\/v2\/product"}],"about":[{"href":"https:\/\/poccky.com\/index.php\/wp-json\/wp\/v2\/types\/product"}],"replies":[{"embeddable":true,"href":"https:\/\/poccky.com\/index.php\/wp-json\/wp\/v2\/comments?post=261825"}],"wp:featuredmedia":[{"embeddable":true,"href":"https:\/\/poccky.com\/index.php\/wp-json\/wp\/v2\/media\/105004"}],"wp:attachment":[{"href":"https:\/\/poccky.com\/index.php\/wp-json\/wp\/v2\/media?parent=261825"}],"wp:term":[{"taxonomy":"product_brand","embeddable":true,"href":"https:\/\/poccky.com\/index.php\/wp-json\/wp\/v2\/product_brand?post=261825"},{"taxonomy":"product_cat","embeddable":true,"href":"https:\/\/poccky.com\/index.php\/wp-json\/wp\/v2\/product_cat?post=261825"},{"taxonomy":"product_tag","embeddable":true,"href":"https:\/\/poccky.com\/index.php\/wp-json\/wp\/v2\/product_tag?post=261825"}],"curies":[{"name":"wp","href":"https:\/\/api.w.org\/{rel}","templated":true}]}}