{"id":261356,"date":"2023-10-28T11:45:08","date_gmt":"2023-10-28T11:45:08","guid":{"rendered":"https:\/\/poccky.com\/?post_type=product&#038;p=261356"},"modified":"2023-10-28T11:45:15","modified_gmt":"2023-10-28T11:45:15","slug":"princesse","status":"publish","type":"product","link":"https:\/\/poccky.com\/index.php\/product\/princesse\/","title":{"rendered":"Princesse"},"content":{"rendered":"","protected":false},"excerpt":{"rendered":"<p>Bonjour.<\/p>\n<p>Vous \u00eates ici car vous cherchez un moment coquin diff\u00e9rent de ceux que vous pouvez trouver d&#8217;habitude? Dans ce cas. vous \u00eates sur le bon profil !! En effet. nous sommes ici pour vous proposer des services d\u2019accompagnement mais surtout pour vous donner la possibilit\u00e9 de faire du voyeurisme personnalis\u00e9 !!<\/p>\n<p>Avec mes cheveux bruns mi-lon.G mes yeux marrons et ma peau mate. je porte en moi les cl\u00e9s de tout un univers sensoriel. Ma poitrine douce et mes belles petites fesses rondes. vous feront profiter d&#8217;un \u00e9lan de jeunesse venant du sud. En outre mon physique de femme latine. je poss\u00e8de une classe naturelle doubl\u00e9e d&#8217;une ponctualit\u00e9 hors norme et une discr\u00e9tion totale. Je r\u00e9ussirai sans encombre \u00e0 mettre \u00e0 l&#8217;aise le plus timide d&#8217;entre vous.<\/p>\n<p>Mon t\u00e9l\u00e9phone reste allum\u00e9 pour fixer un rendez-vous \u00e0 l&#8217;avance (au 06.12.56.04.35). Les num\u00e9ros masqu\u00e9 sont proscrit. En ce qui concerne l&#8217;adresse mail (princesse-du-soleil-770.hotmail.fr). vous pouvez envoyer un message \u00e0 n&#8217;importe quelle heure. Cependant. il est possible que la r\u00e9ponse ne soit pas imm\u00e9diate.<\/p>\n<p>Au plaisir de recevoir votre texto ou votre mail. Bonne journ\u00e9e !<\/p>\n<p>Ps: Toute tentative de n\u00e9gociation des prix ou des conditions nous obligera \u00e0 cesser tout contact. My details Below mentioned<\/p>\n<p>                Nationality:<br \/>\n                Fran\u00e7aise <\/p>\n<p>                Languages:<br \/>\n                fran\u00e7ais.  english.  portugues.  espagnol<\/p>\n<p>                Age:<br \/>\n                20<\/p>\n<p>                Height:<br \/>\n                170<\/p>\n<p>                Weight:<br \/>\n                57<\/p>\n<p>                Hair:<br \/>\n                 bruns. mi-long<\/p>\n<p>                Eyes:<br \/>\n                bruns<\/p>\n","protected":false},"featured_media":105430,"comment_status":"open","ping_status":"closed","template":"","meta":{"site-sidebar-layout":"default","site-content-layout":"","ast-site-content-layout":"","site-content-style":"default","site-sidebar-style":"default","ast-global-header-display":"","ast-banner-title-visibility":"","ast-main-header-display":"","ast-hfb-above-header-display":"","ast-hfb-below-header-display":"","ast-hfb-mobile-header-display":"","site-post-title":"","ast-breadcrumbs-content":"","ast-featured-img":"","footer-sml-layout":"","theme-transparent-header-meta":"","adv-header-id-meta":"","stick-header-meta":"","header-above-stick-meta":"","header-main-stick-meta":"","header-below-stick-meta":"","astra-migrate-meta-layouts":"default","ast-page-background-enabled":"default","ast-page-background-meta":{"desktop":{"background-color":"var(--ast-global-color-4)","background-image":"","background-repeat":"repeat","background-position":"center center","background-size":"auto","background-attachment":"scroll","background-type":"","background-media":"","overlay-type":"","overlay-color":"","overlay-opacity":"","overlay-gradient":""},"tablet":{"background-color":"","background-image":"","background-repeat":"repeat","background-position":"center center","background-size":"auto","background-attachment":"scroll","background-type":"","background-media":"","overlay-type":"","overlay-color":"","overlay-opacity":"","overlay-gradient":""},"mobile":{"background-color":"","background-image":"","background-repeat":"repeat","background-position":"center center","background-size":"auto","background-attachment":"scroll","background-type":"","background-media":"","overlay-type":"","overlay-color":"","overlay-opacity":"","overlay-gradient":""}},"ast-content-background-meta":{"desktop":{"background-color":"var(--ast-global-color-5)","background-image":"","background-repeat":"repeat","background-position":"center center","background-size":"auto","background-attachment":"scroll","background-type":"","background-media":"","overlay-type":"","overlay-color":"","overlay-opacity":"","overlay-gradient":""},"tablet":{"background-color":"var(--ast-global-color-5)","background-image":"","background-repeat":"repeat","background-position":"center center","background-size":"auto","background-attachment":"scroll","background-type":"","background-media":"","overlay-type":"","overlay-color":"","overlay-opacity":"","overlay-gradient":""},"mobile":{"background-color":"var(--ast-global-color-5)","background-image":"","background-repeat":"repeat","background-position":"center center","background-size":"auto","background-attachment":"scroll","background-type":"","background-media":"","overlay-type":"","overlay-color":"","overlay-opacity":"","overlay-gradient":""}}},"product_brand":[],"product_cat":[244,188,1118],"product_tag":[],"class_list":{"0":"post-261356","1":"product","2":"type-product","3":"status-publish","4":"has-post-thumbnail","6":"product_cat-france","7":"product_cat-freelancer","8":"product_cat-paris","9":"desktop-align-left","10":"tablet-align-left","11":"mobile-align-left","13":"first","14":"instock","15":"shipping-taxable","16":"product-type-simple"},"_links":{"self":[{"href":"https:\/\/poccky.com\/index.php\/wp-json\/wp\/v2\/product\/261356","targetHints":{"allow":["GET"]}}],"collection":[{"href":"https:\/\/poccky.com\/index.php\/wp-json\/wp\/v2\/product"}],"about":[{"href":"https:\/\/poccky.com\/index.php\/wp-json\/wp\/v2\/types\/product"}],"replies":[{"embeddable":true,"href":"https:\/\/poccky.com\/index.php\/wp-json\/wp\/v2\/comments?post=261356"}],"wp:featuredmedia":[{"embeddable":true,"href":"https:\/\/poccky.com\/index.php\/wp-json\/wp\/v2\/media\/105430"}],"wp:attachment":[{"href":"https:\/\/poccky.com\/index.php\/wp-json\/wp\/v2\/media?parent=261356"}],"wp:term":[{"taxonomy":"product_brand","embeddable":true,"href":"https:\/\/poccky.com\/index.php\/wp-json\/wp\/v2\/product_brand?post=261356"},{"taxonomy":"product_cat","embeddable":true,"href":"https:\/\/poccky.com\/index.php\/wp-json\/wp\/v2\/product_cat?post=261356"},{"taxonomy":"product_tag","embeddable":true,"href":"https:\/\/poccky.com\/index.php\/wp-json\/wp\/v2\/product_tag?post=261356"}],"curies":[{"name":"wp","href":"https:\/\/api.w.org\/{rel}","templated":true}]}}