{"id":260910,"date":"2023-10-28T10:52:36","date_gmt":"2023-10-28T10:52:36","guid":{"rendered":"https:\/\/poccky.com\/?post_type=product&#038;p=260910"},"modified":"2023-10-28T10:52:41","modified_gmt":"2023-10-28T10:52:41","slug":"angelahoney","status":"publish","type":"product","link":"https:\/\/poccky.com\/index.php\/product\/angelahoney\/","title":{"rendered":"Angelahoney"},"content":{"rendered":"","protected":false},"excerpt":{"rendered":"<p>french. photos real.<br \/>\nElegant and sensual. I am the perfect company to share the best moments of pleasure. I like to seduce my guest and I know how to make happy a real gentlemen. &#8230;.Do not doubt it and allow you to surprise.<br \/>\nI speak english. french. ..<br \/>\ncall me<br \/>\n\u2014\u2014\u2014\u2014\u2014\u2014\u2014\u2014<br \/>\nMes Services &#8211; .69. role player. SEXE ANAL. Message prostate. dress code . massage sensual. fk . GFE. BDSM. bj. Dirtytalk. Lingerie Fetish .Foot Fetish and other sexe. call for more information<\/p>\n<p>Bonjour C&#8217;est ANGELA. Une jeune femme. \u00e0 la beaut\u00e9 naturelle et raffin\u00e9e. belle. \u00e9lanc\u00e9e avec une longue chevelure noire rehaussant mon regard brun envoutant. dot\u00e9e de mensurations de r\u00eaves.<br \/>\nLuxurieuse. je connais et appr\u00e9cie les plaisirs de la vie avec gourmandise. je saurai vous offrir un moment de luxe sensuel et \u00e9rotique avec la plus grande d\u00e9licatesse.<br \/>\nEscort de luxe. je me r\u00e9serve exclusivement \u00e0 des hommes s\u00e9lectifs et exigeants souhaitant vivre plus qu\u2019un acte sexuel avec une tr\u00e8s belle femme. mais \u00e0 la recherche d\u2019une rencontre exceptionnelle ou la qualit\u00e9 de l\u2019\u00e9change seront proche de l\u2019authenticit\u00e9 et du naturel que chaque aventure \u00e9veille.<br \/>\nCALL ME For more info\u2026 je vous attend\u2026a plus My details Below mentioned<\/p>\n<p>                Nationality:<br \/>\n                French <\/p>\n<p>                Languages:<br \/>\n                English. French<\/p>\n<p>                Age:<br \/>\n                26<\/p>\n<p>                Height:<br \/>\n                166<\/p>\n<p>                Weight:<br \/>\n                57<\/p>\n<p>                Hair:<br \/>\n                 Black<\/p>\n<p>                Eyes:<br \/>\n                green<\/p>\n<p>                Measurements:<br \/>\n                95-66-96<\/p>\n","protected":false},"featured_media":98847,"comment_status":"open","ping_status":"closed","template":"","meta":{"site-sidebar-layout":"default","site-content-layout":"","ast-site-content-layout":"","site-content-style":"default","site-sidebar-style":"default","ast-global-header-display":"","ast-banner-title-visibility":"","ast-main-header-display":"","ast-hfb-above-header-display":"","ast-hfb-below-header-display":"","ast-hfb-mobile-header-display":"","site-post-title":"","ast-breadcrumbs-content":"","ast-featured-img":"","footer-sml-layout":"","theme-transparent-header-meta":"","adv-header-id-meta":"","stick-header-meta":"","header-above-stick-meta":"","header-main-stick-meta":"","header-below-stick-meta":"","astra-migrate-meta-layouts":"default","ast-page-background-enabled":"default","ast-page-background-meta":{"desktop":{"background-color":"var(--ast-global-color-4)","background-image":"","background-repeat":"repeat","background-position":"center center","background-size":"auto","background-attachment":"scroll","background-type":"","background-media":"","overlay-type":"","overlay-color":"","overlay-opacity":"","overlay-gradient":""},"tablet":{"background-color":"","background-image":"","background-repeat":"repeat","background-position":"center center","background-size":"auto","background-attachment":"scroll","background-type":"","background-media":"","overlay-type":"","overlay-color":"","overlay-opacity":"","overlay-gradient":""},"mobile":{"background-color":"","background-image":"","background-repeat":"repeat","background-position":"center center","background-size":"auto","background-attachment":"scroll","background-type":"","background-media":"","overlay-type":"","overlay-color":"","overlay-opacity":"","overlay-gradient":""}},"ast-content-background-meta":{"desktop":{"background-color":"var(--ast-global-color-5)","background-image":"","background-repeat":"repeat","background-position":"center center","background-size":"auto","background-attachment":"scroll","background-type":"","background-media":"","overlay-type":"","overlay-color":"","overlay-opacity":"","overlay-gradient":""},"tablet":{"background-color":"var(--ast-global-color-5)","background-image":"","background-repeat":"repeat","background-position":"center center","background-size":"auto","background-attachment":"scroll","background-type":"","background-media":"","overlay-type":"","overlay-color":"","overlay-opacity":"","overlay-gradient":""},"mobile":{"background-color":"var(--ast-global-color-5)","background-image":"","background-repeat":"repeat","background-position":"center center","background-size":"auto","background-attachment":"scroll","background-type":"","background-media":"","overlay-type":"","overlay-color":"","overlay-opacity":"","overlay-gradient":""}}},"product_brand":[],"product_cat":[244,188,1118],"product_tag":[],"class_list":{"0":"post-260910","1":"product","2":"type-product","3":"status-publish","4":"has-post-thumbnail","6":"product_cat-france","7":"product_cat-freelancer","8":"product_cat-paris","9":"desktop-align-left","10":"tablet-align-left","11":"mobile-align-left","13":"first","14":"instock","15":"shipping-taxable","16":"product-type-simple"},"_links":{"self":[{"href":"https:\/\/poccky.com\/index.php\/wp-json\/wp\/v2\/product\/260910","targetHints":{"allow":["GET"]}}],"collection":[{"href":"https:\/\/poccky.com\/index.php\/wp-json\/wp\/v2\/product"}],"about":[{"href":"https:\/\/poccky.com\/index.php\/wp-json\/wp\/v2\/types\/product"}],"replies":[{"embeddable":true,"href":"https:\/\/poccky.com\/index.php\/wp-json\/wp\/v2\/comments?post=260910"}],"wp:featuredmedia":[{"embeddable":true,"href":"https:\/\/poccky.com\/index.php\/wp-json\/wp\/v2\/media\/98847"}],"wp:attachment":[{"href":"https:\/\/poccky.com\/index.php\/wp-json\/wp\/v2\/media?parent=260910"}],"wp:term":[{"taxonomy":"product_brand","embeddable":true,"href":"https:\/\/poccky.com\/index.php\/wp-json\/wp\/v2\/product_brand?post=260910"},{"taxonomy":"product_cat","embeddable":true,"href":"https:\/\/poccky.com\/index.php\/wp-json\/wp\/v2\/product_cat?post=260910"},{"taxonomy":"product_tag","embeddable":true,"href":"https:\/\/poccky.com\/index.php\/wp-json\/wp\/v2\/product_tag?post=260910"}],"curies":[{"name":"wp","href":"https:\/\/api.w.org\/{rel}","templated":true}]}}