{"id":260827,"date":"2023-10-28T10:42:31","date_gmt":"2023-10-28T10:42:31","guid":{"rendered":"https:\/\/poccky.com\/?post_type=product&#038;p=260827"},"modified":"2023-10-28T10:42:37","modified_gmt":"2023-10-28T10:42:37","slug":"eva-39","status":"publish","type":"product","link":"https:\/\/poccky.com\/index.php\/product\/eva-39\/","title":{"rendered":"Eva"},"content":{"rendered":"","protected":false},"excerpt":{"rendered":"<p>Eine zarte Blume mit einem engelhaften Gesicht und dem K\u00f6rper einer Jungfrau. So kommt Eva zu Dir wenn Du sie bestellst f\u00fcr ein erotisches Treffen.<\/p>\n<p>Eva und der Escort Berlin \u2013 das passt zusammen. denn ist sie Escort Begleitung und heimliche Geliebte. Eva ist 21 Jahre jun.G spricht russisch und deutsch und liebt den Oralsex. Ihre Figur ist beneidenswert. denn mit einer Konfektionsgr\u00f6\u00dfe 34\/36 und einer Oberweite 75B hat diese Sch\u00f6nheit Modelma\u00dfe.<\/p>\n<p>Nicht nur den Oral Sex liebt Eva. sondern auch aufregende Dildo-Spiele passiv und aktiv. Ihr Service kann sich sehen lassen. denn f\u00fcr den Mann h\u00e4lt sie viele \u00dcberraschungen bereit. Sie liebt hei\u00dfe Dusch- und Badespiele genauso wie die K\u00f6rperbesamung und den wilden Stellungswechsel. Sie liebt den Escort. da das Leben auf diese Weise abwechslungsreich und aufregend ist. Sie liebt den Oral Sex und tr\u00e4gt sehr gern High Heels. Wenn gew\u00fcnscht kann sie sich traumhaft bewegen bei einem hei\u00dfen Striptease. der den Mann in Erstaunen und Aufregung versetzen wird. Bei Gefallen freut sich Eva darauf. den Mann bei einem weiteren Treffen wieder zu sehen. Bei ihr kann der Mann sicher sein. dass ein Treffen unentdeckt und stets seri\u00f6s behandelt wird. So ist Eva. die den Oral Sex so sehr liebt. gern die heimliche Geliebte. der aufregende Seitensprung oder eine Frau. die der Mann auch regelm\u00e4\u00dfig treffen kann. My details Below mentioned<\/p>\n<p>                Languages:<br \/>\n                Deutsch.  Englisch.  Russisch<\/p>\n<p>                Age:<br \/>\n                26<\/p>\n<p>                Height:<br \/>\n                165 cm<\/p>\n<p>                Hair:<br \/>\n                blondphone_android Phone:<br \/>\n          015117980713<\/p>\n","protected":false},"featured_media":98818,"comment_status":"open","ping_status":"closed","template":"","meta":{"site-sidebar-layout":"default","site-content-layout":"","ast-site-content-layout":"","site-content-style":"default","site-sidebar-style":"default","ast-global-header-display":"","ast-banner-title-visibility":"","ast-main-header-display":"","ast-hfb-above-header-display":"","ast-hfb-below-header-display":"","ast-hfb-mobile-header-display":"","site-post-title":"","ast-breadcrumbs-content":"","ast-featured-img":"","footer-sml-layout":"","theme-transparent-header-meta":"","adv-header-id-meta":"","stick-header-meta":"","header-above-stick-meta":"","header-main-stick-meta":"","header-below-stick-meta":"","astra-migrate-meta-layouts":"default","ast-page-background-enabled":"default","ast-page-background-meta":{"desktop":{"background-color":"var(--ast-global-color-4)","background-image":"","background-repeat":"repeat","background-position":"center center","background-size":"auto","background-attachment":"scroll","background-type":"","background-media":"","overlay-type":"","overlay-color":"","overlay-opacity":"","overlay-gradient":""},"tablet":{"background-color":"","background-image":"","background-repeat":"repeat","background-position":"center center","background-size":"auto","background-attachment":"scroll","background-type":"","background-media":"","overlay-type":"","overlay-color":"","overlay-opacity":"","overlay-gradient":""},"mobile":{"background-color":"","background-image":"","background-repeat":"repeat","background-position":"center center","background-size":"auto","background-attachment":"scroll","background-type":"","background-media":"","overlay-type":"","overlay-color":"","overlay-opacity":"","overlay-gradient":""}},"ast-content-background-meta":{"desktop":{"background-color":"var(--ast-global-color-5)","background-image":"","background-repeat":"repeat","background-position":"center center","background-size":"auto","background-attachment":"scroll","background-type":"","background-media":"","overlay-type":"","overlay-color":"","overlay-opacity":"","overlay-gradient":""},"tablet":{"background-color":"var(--ast-global-color-5)","background-image":"","background-repeat":"repeat","background-position":"center center","background-size":"auto","background-attachment":"scroll","background-type":"","background-media":"","overlay-type":"","overlay-color":"","overlay-opacity":"","overlay-gradient":""},"mobile":{"background-color":"var(--ast-global-color-5)","background-image":"","background-repeat":"repeat","background-position":"center center","background-size":"auto","background-attachment":"scroll","background-type":"","background-media":"","overlay-type":"","overlay-color":"","overlay-opacity":"","overlay-gradient":""}}},"product_brand":[],"product_cat":[996,188,811],"product_tag":[],"class_list":{"0":"post-260827","1":"product","2":"type-product","3":"status-publish","4":"has-post-thumbnail","6":"product_cat-berlin","7":"product_cat-freelancer","8":"product_cat-germany","9":"desktop-align-left","10":"tablet-align-left","11":"mobile-align-left","13":"first","14":"instock","15":"shipping-taxable","16":"product-type-simple"},"_links":{"self":[{"href":"https:\/\/poccky.com\/index.php\/wp-json\/wp\/v2\/product\/260827","targetHints":{"allow":["GET"]}}],"collection":[{"href":"https:\/\/poccky.com\/index.php\/wp-json\/wp\/v2\/product"}],"about":[{"href":"https:\/\/poccky.com\/index.php\/wp-json\/wp\/v2\/types\/product"}],"replies":[{"embeddable":true,"href":"https:\/\/poccky.com\/index.php\/wp-json\/wp\/v2\/comments?post=260827"}],"wp:featuredmedia":[{"embeddable":true,"href":"https:\/\/poccky.com\/index.php\/wp-json\/wp\/v2\/media\/98818"}],"wp:attachment":[{"href":"https:\/\/poccky.com\/index.php\/wp-json\/wp\/v2\/media?parent=260827"}],"wp:term":[{"taxonomy":"product_brand","embeddable":true,"href":"https:\/\/poccky.com\/index.php\/wp-json\/wp\/v2\/product_brand?post=260827"},{"taxonomy":"product_cat","embeddable":true,"href":"https:\/\/poccky.com\/index.php\/wp-json\/wp\/v2\/product_cat?post=260827"},{"taxonomy":"product_tag","embeddable":true,"href":"https:\/\/poccky.com\/index.php\/wp-json\/wp\/v2\/product_tag?post=260827"}],"curies":[{"name":"wp","href":"https:\/\/api.w.org\/{rel}","templated":true}]}}