{"id":260825,"date":"2023-10-28T10:42:15","date_gmt":"2023-10-28T10:42:15","guid":{"rendered":"https:\/\/poccky.com\/?post_type=product&#038;p=260825"},"modified":"2023-10-28T10:42:21","modified_gmt":"2023-10-28T10:42:21","slug":"ramira","status":"publish","type":"product","link":"https:\/\/poccky.com\/index.php\/product\/ramira\/","title":{"rendered":"Ramira"},"content":{"rendered":"","protected":false},"excerpt":{"rendered":"<p>Bl\u00fctenzarte. helle Haut und schwarzes. langes Haar. Eine wundersch\u00f6ne. junge Bulgarin. Die junge. Neueinsteigerin ist ein M\u00e4dchen voller Z\u00e4rtlichkeit und zugleich voller leidenschaftlichem Temperament. Sie ist neugierig wie eine kleine Raubkatze und geht gern mit Ihnen auf eine erotische Entdeckungsreise. Wie so eine Entdeckungsreise aussehen k\u00f6nnte? Erfahren sie diese Reise voller prickelnder Erotik und voller Lust selbst! Wenn dieses edle junge Girl ganz langsam und lustvoll ihren traumhaft. schlanken Teenyk\u00f6rper vor Ihnen entbl\u00f6ssen wird und ihre jugendlichen Br\u00fcste zum Vorschein kommen. werden sie sehen. dass eine solches Girl hautnah erlebt werden muss. Sie werden von diesem knackigen Girl. was Sie voller nat\u00fcrlicher Lust und leidenschaft in ein erotisches Abenteur entf\u00fchrt. nicht genug bekommen. Denn die neugierige und vielseitige kleine Gespielin strotzt nur so vor hei\u00dfen \u00dcberraschungen! My details Below mentioned<\/p>\n<p>                Nationality:<br \/>\n                Bulgarien <\/p>\n<p>                Languages:<br \/>\n                Deutsch<\/p>\n<p>                Age:<br \/>\n                21<\/p>\n<p>                Height:<br \/>\n                167 cm<\/p>\n<p>                Hair:<br \/>\n                schwarzphone_android Phone:<br \/>\n          015117980713<\/p>\n","protected":false},"featured_media":98811,"comment_status":"open","ping_status":"closed","template":"","meta":{"site-sidebar-layout":"default","site-content-layout":"","ast-site-content-layout":"","site-content-style":"default","site-sidebar-style":"default","ast-global-header-display":"","ast-banner-title-visibility":"","ast-main-header-display":"","ast-hfb-above-header-display":"","ast-hfb-below-header-display":"","ast-hfb-mobile-header-display":"","site-post-title":"","ast-breadcrumbs-content":"","ast-featured-img":"","footer-sml-layout":"","theme-transparent-header-meta":"","adv-header-id-meta":"","stick-header-meta":"","header-above-stick-meta":"","header-main-stick-meta":"","header-below-stick-meta":"","astra-migrate-meta-layouts":"default","ast-page-background-enabled":"default","ast-page-background-meta":{"desktop":{"background-color":"var(--ast-global-color-4)","background-image":"","background-repeat":"repeat","background-position":"center center","background-size":"auto","background-attachment":"scroll","background-type":"","background-media":"","overlay-type":"","overlay-color":"","overlay-opacity":"","overlay-gradient":""},"tablet":{"background-color":"","background-image":"","background-repeat":"repeat","background-position":"center center","background-size":"auto","background-attachment":"scroll","background-type":"","background-media":"","overlay-type":"","overlay-color":"","overlay-opacity":"","overlay-gradient":""},"mobile":{"background-color":"","background-image":"","background-repeat":"repeat","background-position":"center center","background-size":"auto","background-attachment":"scroll","background-type":"","background-media":"","overlay-type":"","overlay-color":"","overlay-opacity":"","overlay-gradient":""}},"ast-content-background-meta":{"desktop":{"background-color":"var(--ast-global-color-5)","background-image":"","background-repeat":"repeat","background-position":"center center","background-size":"auto","background-attachment":"scroll","background-type":"","background-media":"","overlay-type":"","overlay-color":"","overlay-opacity":"","overlay-gradient":""},"tablet":{"background-color":"var(--ast-global-color-5)","background-image":"","background-repeat":"repeat","background-position":"center center","background-size":"auto","background-attachment":"scroll","background-type":"","background-media":"","overlay-type":"","overlay-color":"","overlay-opacity":"","overlay-gradient":""},"mobile":{"background-color":"var(--ast-global-color-5)","background-image":"","background-repeat":"repeat","background-position":"center center","background-size":"auto","background-attachment":"scroll","background-type":"","background-media":"","overlay-type":"","overlay-color":"","overlay-opacity":"","overlay-gradient":""}}},"product_brand":[],"product_cat":[996,188,811],"product_tag":[],"class_list":{"0":"post-260825","1":"product","2":"type-product","3":"status-publish","4":"has-post-thumbnail","6":"product_cat-berlin","7":"product_cat-freelancer","8":"product_cat-germany","9":"desktop-align-left","10":"tablet-align-left","11":"mobile-align-left","13":"first","14":"instock","15":"shipping-taxable","16":"product-type-simple"},"_links":{"self":[{"href":"https:\/\/poccky.com\/index.php\/wp-json\/wp\/v2\/product\/260825","targetHints":{"allow":["GET"]}}],"collection":[{"href":"https:\/\/poccky.com\/index.php\/wp-json\/wp\/v2\/product"}],"about":[{"href":"https:\/\/poccky.com\/index.php\/wp-json\/wp\/v2\/types\/product"}],"replies":[{"embeddable":true,"href":"https:\/\/poccky.com\/index.php\/wp-json\/wp\/v2\/comments?post=260825"}],"wp:featuredmedia":[{"embeddable":true,"href":"https:\/\/poccky.com\/index.php\/wp-json\/wp\/v2\/media\/98811"}],"wp:attachment":[{"href":"https:\/\/poccky.com\/index.php\/wp-json\/wp\/v2\/media?parent=260825"}],"wp:term":[{"taxonomy":"product_brand","embeddable":true,"href":"https:\/\/poccky.com\/index.php\/wp-json\/wp\/v2\/product_brand?post=260825"},{"taxonomy":"product_cat","embeddable":true,"href":"https:\/\/poccky.com\/index.php\/wp-json\/wp\/v2\/product_cat?post=260825"},{"taxonomy":"product_tag","embeddable":true,"href":"https:\/\/poccky.com\/index.php\/wp-json\/wp\/v2\/product_tag?post=260825"}],"curies":[{"name":"wp","href":"https:\/\/api.w.org\/{rel}","templated":true}]}}