{"id":260821,"date":"2023-10-28T10:41:47","date_gmt":"2023-10-28T10:41:47","guid":{"rendered":"https:\/\/poccky.com\/?post_type=product&#038;p=260821"},"modified":"2023-10-28T10:41:52","modified_gmt":"2023-10-28T10:41:52","slug":"caro-5","status":"publish","type":"product","link":"https:\/\/poccky.com\/index.php\/product\/caro-5\/","title":{"rendered":"Caro"},"content":{"rendered":"","protected":false},"excerpt":{"rendered":"<p>Beim Anblick der Sedcard-Fotos von Caro vom Escortinberlin wird schnell klar. dass sie absolut hei\u00df ist und neben den anderen M\u00e4dels vom Escort auch viel zu bieten hat. Caro ist sehr beliebt beim Escort in Berlin und kann deshalb auch zu jeder Zeit gebucht werden. Sie kommt aus Rum\u00e4nien und spricht ebenfalls auch Englisch. um sich bestens verst\u00e4ndigen zu k\u00f6nnen. Ihre Konfektionsgr\u00f6\u00dfe betr\u00e4gt 32 \/ 34 das heist sie ist sehr zierlich schlank und ihre Oberweite hat die Ma\u00dfe 75B.<\/p>\n<p>Heutzutage muss kein Mann mehr allein unterwegs sein. denn unsere Agentur sorgt daf\u00fcr. dass sich Herren in angenehmer Begleitung befinden. Auch muss kein einsamer Abend in einem Hotelzimmer verbracht werden. Bei uns gibt es eine gro\u00dfe Auswahl an wundersch\u00f6nen Girls und Damen. die gebucht werden k\u00f6nnen. um diese Einsamkeit schnell zu beenden. Da ist unser Service genau das Richtige. denn die eleganten Frauen oder sexy M\u00e4dels warten darauf. die W\u00fcnsche der Herren zu erf\u00fcllen. Auch auf Gesch\u00e4ftsessen muss sich nicht allein gelangweilt werden. denn hier kann jeder Mann mit einer gutaussehenden Frau die anderen beeindrucken. Daf\u00fcr sorgt unser Begleitservice jederzeit. Die M\u00e4dels und Frauen sind fast immer jederzeit buchbar und freuen sich auch \u00fcber mehr als eine Buchung. My details Below mentioned<\/p>\n<p>                Nationality:<br \/>\n                Rum\u00e4nien <\/p>\n<p>                Languages:<br \/>\n                Englisch<\/p>\n<p>                Age:<br \/>\n                21<\/p>\n<p>                Height:<br \/>\n                167 cm<\/p>\n<p>                Hair:<br \/>\n                blondphone_android Phone:<br \/>\n          015117980713<\/p>\n","protected":false},"featured_media":98806,"comment_status":"open","ping_status":"closed","template":"","meta":{"site-sidebar-layout":"default","site-content-layout":"","ast-site-content-layout":"","site-content-style":"default","site-sidebar-style":"default","ast-global-header-display":"","ast-banner-title-visibility":"","ast-main-header-display":"","ast-hfb-above-header-display":"","ast-hfb-below-header-display":"","ast-hfb-mobile-header-display":"","site-post-title":"","ast-breadcrumbs-content":"","ast-featured-img":"","footer-sml-layout":"","theme-transparent-header-meta":"","adv-header-id-meta":"","stick-header-meta":"","header-above-stick-meta":"","header-main-stick-meta":"","header-below-stick-meta":"","astra-migrate-meta-layouts":"default","ast-page-background-enabled":"default","ast-page-background-meta":{"desktop":{"background-color":"var(--ast-global-color-4)","background-image":"","background-repeat":"repeat","background-position":"center center","background-size":"auto","background-attachment":"scroll","background-type":"","background-media":"","overlay-type":"","overlay-color":"","overlay-opacity":"","overlay-gradient":""},"tablet":{"background-color":"","background-image":"","background-repeat":"repeat","background-position":"center center","background-size":"auto","background-attachment":"scroll","background-type":"","background-media":"","overlay-type":"","overlay-color":"","overlay-opacity":"","overlay-gradient":""},"mobile":{"background-color":"","background-image":"","background-repeat":"repeat","background-position":"center center","background-size":"auto","background-attachment":"scroll","background-type":"","background-media":"","overlay-type":"","overlay-color":"","overlay-opacity":"","overlay-gradient":""}},"ast-content-background-meta":{"desktop":{"background-color":"var(--ast-global-color-5)","background-image":"","background-repeat":"repeat","background-position":"center center","background-size":"auto","background-attachment":"scroll","background-type":"","background-media":"","overlay-type":"","overlay-color":"","overlay-opacity":"","overlay-gradient":""},"tablet":{"background-color":"var(--ast-global-color-5)","background-image":"","background-repeat":"repeat","background-position":"center center","background-size":"auto","background-attachment":"scroll","background-type":"","background-media":"","overlay-type":"","overlay-color":"","overlay-opacity":"","overlay-gradient":""},"mobile":{"background-color":"var(--ast-global-color-5)","background-image":"","background-repeat":"repeat","background-position":"center center","background-size":"auto","background-attachment":"scroll","background-type":"","background-media":"","overlay-type":"","overlay-color":"","overlay-opacity":"","overlay-gradient":""}}},"product_brand":[],"product_cat":[996,188,811],"product_tag":[],"class_list":{"0":"post-260821","1":"product","2":"type-product","3":"status-publish","4":"has-post-thumbnail","6":"product_cat-berlin","7":"product_cat-freelancer","8":"product_cat-germany","9":"desktop-align-left","10":"tablet-align-left","11":"mobile-align-left","13":"first","14":"instock","15":"shipping-taxable","16":"product-type-simple"},"_links":{"self":[{"href":"https:\/\/poccky.com\/index.php\/wp-json\/wp\/v2\/product\/260821","targetHints":{"allow":["GET"]}}],"collection":[{"href":"https:\/\/poccky.com\/index.php\/wp-json\/wp\/v2\/product"}],"about":[{"href":"https:\/\/poccky.com\/index.php\/wp-json\/wp\/v2\/types\/product"}],"replies":[{"embeddable":true,"href":"https:\/\/poccky.com\/index.php\/wp-json\/wp\/v2\/comments?post=260821"}],"wp:featuredmedia":[{"embeddable":true,"href":"https:\/\/poccky.com\/index.php\/wp-json\/wp\/v2\/media\/98806"}],"wp:attachment":[{"href":"https:\/\/poccky.com\/index.php\/wp-json\/wp\/v2\/media?parent=260821"}],"wp:term":[{"taxonomy":"product_brand","embeddable":true,"href":"https:\/\/poccky.com\/index.php\/wp-json\/wp\/v2\/product_brand?post=260821"},{"taxonomy":"product_cat","embeddable":true,"href":"https:\/\/poccky.com\/index.php\/wp-json\/wp\/v2\/product_cat?post=260821"},{"taxonomy":"product_tag","embeddable":true,"href":"https:\/\/poccky.com\/index.php\/wp-json\/wp\/v2\/product_tag?post=260821"}],"curies":[{"name":"wp","href":"https:\/\/api.w.org\/{rel}","templated":true}]}}