{"id":260818,"date":"2023-10-28T10:41:27","date_gmt":"2023-10-28T10:41:27","guid":{"rendered":"https:\/\/poccky.com\/?post_type=product&#038;p=260818"},"modified":"2023-10-28T10:41:36","modified_gmt":"2023-10-28T10:41:36","slug":"bianka-5","status":"publish","type":"product","link":"https:\/\/poccky.com\/index.php\/product\/bianka-5\/","title":{"rendered":"Bianka"},"content":{"rendered":"","protected":false},"excerpt":{"rendered":"<p>Bianka ist ein neues Escort M\u00e4dchen f\u00fcr Haus und Hotel Besuche in Berlin und Umland. Ihr Motto ist das Leben zu lieben und da geh\u00f6rt nat\u00fcrlich Sex dazu. Sie hat einen sch\u00f6nen K\u00f6rper und eine \u00fcppige Oberweite.Sie ist eine Frau die viel zu bieten hat.Temperament.Leidenschaft und guten Sex.    Bianka ist wundersch\u00f6n. junge 19 Jahre und 160 Zentimeter gro\u00df. Gro\u00dfe Br\u00fcste sind ihr Markenzeichen. Bianka kommt aus Bulgarien. hat wundersch\u00f6ne gro\u00dfe Br\u00fcste und ist 160 Zentimeter gro\u00df. Schon immer war es ihr Wusch. f\u00fcr den Escort t\u00e4tig zu sein und die W\u00fcnsche des  Mannes zu erf\u00fcllen. Obwohl Bianka erst 19 Jahre ist. ist sie hei\u00df und willig. Besonders die K\u00f6rperbesamung und franz\u00f6sisch pur und gegenseitig haben es ihr angetan. Sie ist wirklich hei\u00df und genau das gibt sie an den Mann weiter. Dieses sch\u00f6ne und junge Girl kann rund um die Uhr f\u00fcr die verschiedensten Spielereien gebucht werden. Bianka. 19 Jahre.  ist aber auch gern bereit. die Reisebegleitung zu sein. zu einem Theaterbesuch oder auf eine Reise zu begleiten. My details Below mentioned<\/p>\n<p>                Nationality:<br \/>\n                Bulgarien <\/p>\n<p>                Languages:<br \/>\n                Deutsch.  Englisch<\/p>\n<p>                Age:<br \/>\n                19<\/p>\n<p>                Height:<br \/>\n                160 cm<\/p>\n<p>                Hair:<br \/>\n                blondphone_android Phone:<br \/>\n          015117980713<\/p>\n","protected":false},"featured_media":98801,"comment_status":"open","ping_status":"closed","template":"","meta":{"site-sidebar-layout":"default","site-content-layout":"","ast-site-content-layout":"","site-content-style":"default","site-sidebar-style":"default","ast-global-header-display":"","ast-banner-title-visibility":"","ast-main-header-display":"","ast-hfb-above-header-display":"","ast-hfb-below-header-display":"","ast-hfb-mobile-header-display":"","site-post-title":"","ast-breadcrumbs-content":"","ast-featured-img":"","footer-sml-layout":"","theme-transparent-header-meta":"","adv-header-id-meta":"","stick-header-meta":"","header-above-stick-meta":"","header-main-stick-meta":"","header-below-stick-meta":"","astra-migrate-meta-layouts":"default","ast-page-background-enabled":"default","ast-page-background-meta":{"desktop":{"background-color":"var(--ast-global-color-4)","background-image":"","background-repeat":"repeat","background-position":"center center","background-size":"auto","background-attachment":"scroll","background-type":"","background-media":"","overlay-type":"","overlay-color":"","overlay-opacity":"","overlay-gradient":""},"tablet":{"background-color":"","background-image":"","background-repeat":"repeat","background-position":"center center","background-size":"auto","background-attachment":"scroll","background-type":"","background-media":"","overlay-type":"","overlay-color":"","overlay-opacity":"","overlay-gradient":""},"mobile":{"background-color":"","background-image":"","background-repeat":"repeat","background-position":"center center","background-size":"auto","background-attachment":"scroll","background-type":"","background-media":"","overlay-type":"","overlay-color":"","overlay-opacity":"","overlay-gradient":""}},"ast-content-background-meta":{"desktop":{"background-color":"var(--ast-global-color-5)","background-image":"","background-repeat":"repeat","background-position":"center center","background-size":"auto","background-attachment":"scroll","background-type":"","background-media":"","overlay-type":"","overlay-color":"","overlay-opacity":"","overlay-gradient":""},"tablet":{"background-color":"var(--ast-global-color-5)","background-image":"","background-repeat":"repeat","background-position":"center center","background-size":"auto","background-attachment":"scroll","background-type":"","background-media":"","overlay-type":"","overlay-color":"","overlay-opacity":"","overlay-gradient":""},"mobile":{"background-color":"var(--ast-global-color-5)","background-image":"","background-repeat":"repeat","background-position":"center center","background-size":"auto","background-attachment":"scroll","background-type":"","background-media":"","overlay-type":"","overlay-color":"","overlay-opacity":"","overlay-gradient":""}}},"product_brand":[],"product_cat":[996,188,811],"product_tag":[],"class_list":{"0":"post-260818","1":"product","2":"type-product","3":"status-publish","4":"has-post-thumbnail","6":"product_cat-berlin","7":"product_cat-freelancer","8":"product_cat-germany","9":"desktop-align-left","10":"tablet-align-left","11":"mobile-align-left","13":"first","14":"instock","15":"shipping-taxable","16":"product-type-simple"},"_links":{"self":[{"href":"https:\/\/poccky.com\/index.php\/wp-json\/wp\/v2\/product\/260818","targetHints":{"allow":["GET"]}}],"collection":[{"href":"https:\/\/poccky.com\/index.php\/wp-json\/wp\/v2\/product"}],"about":[{"href":"https:\/\/poccky.com\/index.php\/wp-json\/wp\/v2\/types\/product"}],"replies":[{"embeddable":true,"href":"https:\/\/poccky.com\/index.php\/wp-json\/wp\/v2\/comments?post=260818"}],"wp:featuredmedia":[{"embeddable":true,"href":"https:\/\/poccky.com\/index.php\/wp-json\/wp\/v2\/media\/98801"}],"wp:attachment":[{"href":"https:\/\/poccky.com\/index.php\/wp-json\/wp\/v2\/media?parent=260818"}],"wp:term":[{"taxonomy":"product_brand","embeddable":true,"href":"https:\/\/poccky.com\/index.php\/wp-json\/wp\/v2\/product_brand?post=260818"},{"taxonomy":"product_cat","embeddable":true,"href":"https:\/\/poccky.com\/index.php\/wp-json\/wp\/v2\/product_cat?post=260818"},{"taxonomy":"product_tag","embeddable":true,"href":"https:\/\/poccky.com\/index.php\/wp-json\/wp\/v2\/product_tag?post=260818"}],"curies":[{"name":"wp","href":"https:\/\/api.w.org\/{rel}","templated":true}]}}