{"id":260811,"date":"2023-10-28T10:40:36","date_gmt":"2023-10-28T10:40:36","guid":{"rendered":"https:\/\/poccky.com\/?post_type=product&#038;p=260811"},"modified":"2023-10-28T10:40:44","modified_gmt":"2023-10-28T10:40:44","slug":"sofia-29","status":"publish","type":"product","link":"https:\/\/poccky.com\/index.php\/product\/sofia-29\/","title":{"rendered":"Sofia"},"content":{"rendered":"","protected":false},"excerpt":{"rendered":"<p>Bildh\u00fcbsche. junge Bulgarin die mit viel Spa\u00df an der sch\u00f6nsten Sache der Welt ist Sie wartet darauf das DU dich von ihr verw\u00f6hnen l\u00e4sst. Sie mag es zu kuscheln und zu k\u00fcssen.Sie wird Dich mit einer erotischen Massage  verw\u00f6hnen und auch mit dir heisse Spiele nicht nur in einer Stellung  spielen. Solltest DU auf z\u00e4rtliche Spiele unter der Dusche stehen und DICH dabei franz\u00f6sisch verw\u00f6hnen lassen wollen. bist Du bei ihr ebenfalls genau richtig. Warte nicht und ruf an und lass DIR dieses  Lustluder nicht entgehen!!!  Der Escort in Berlin bietet mit seinen h\u00fcbschen Damen den Kunden die M\u00f6glichkeit. sch\u00f6ne und aufregende Stunden zu erleben und eine der h\u00fcbschen Damen ist Sofia. Dieser Service wird von vielen M\u00e4nnern gern genutzt. denn so m\u00fcssen sie nicht allein zu einer Party oder zu einem Gesch\u00e4ftsessen gehen oder auch die n\u00e4chste Reise kann in Begleitung einer sch\u00f6nen Frau gestartet werden. Der Kunde m\u00f6chte abschalten oder sucht ein prickelndes und erotisches Abenteuer ohne Verpflichtungen und Reue. Oft liegt es aber daran. dass die Zeit fehlt eine passende Frau daf\u00fcr zu suchen. Daf\u00fcr wird der Service vom Escort in Berlin angeboten. um den Alltagsstress einmal hinter sich zu lassen. My details Below mentioned<\/p>\n<p>                Nationality:<br \/>\n                Bulgarien <\/p>\n<p>                Languages:<br \/>\n                Deutsch<\/p>\n<p>                Age:<br \/>\n                22<\/p>\n<p>                Height:<br \/>\n                171 cm<\/p>\n<p>                Hair:<br \/>\n                schwarzphone_android Phone:<br \/>\n          015117980713<\/p>\n","protected":false},"featured_media":98784,"comment_status":"open","ping_status":"closed","template":"","meta":{"site-sidebar-layout":"default","site-content-layout":"","ast-site-content-layout":"","site-content-style":"default","site-sidebar-style":"default","ast-global-header-display":"","ast-banner-title-visibility":"","ast-main-header-display":"","ast-hfb-above-header-display":"","ast-hfb-below-header-display":"","ast-hfb-mobile-header-display":"","site-post-title":"","ast-breadcrumbs-content":"","ast-featured-img":"","footer-sml-layout":"","theme-transparent-header-meta":"","adv-header-id-meta":"","stick-header-meta":"","header-above-stick-meta":"","header-main-stick-meta":"","header-below-stick-meta":"","astra-migrate-meta-layouts":"default","ast-page-background-enabled":"default","ast-page-background-meta":{"desktop":{"background-color":"var(--ast-global-color-4)","background-image":"","background-repeat":"repeat","background-position":"center center","background-size":"auto","background-attachment":"scroll","background-type":"","background-media":"","overlay-type":"","overlay-color":"","overlay-opacity":"","overlay-gradient":""},"tablet":{"background-color":"","background-image":"","background-repeat":"repeat","background-position":"center center","background-size":"auto","background-attachment":"scroll","background-type":"","background-media":"","overlay-type":"","overlay-color":"","overlay-opacity":"","overlay-gradient":""},"mobile":{"background-color":"","background-image":"","background-repeat":"repeat","background-position":"center center","background-size":"auto","background-attachment":"scroll","background-type":"","background-media":"","overlay-type":"","overlay-color":"","overlay-opacity":"","overlay-gradient":""}},"ast-content-background-meta":{"desktop":{"background-color":"var(--ast-global-color-5)","background-image":"","background-repeat":"repeat","background-position":"center center","background-size":"auto","background-attachment":"scroll","background-type":"","background-media":"","overlay-type":"","overlay-color":"","overlay-opacity":"","overlay-gradient":""},"tablet":{"background-color":"var(--ast-global-color-5)","background-image":"","background-repeat":"repeat","background-position":"center center","background-size":"auto","background-attachment":"scroll","background-type":"","background-media":"","overlay-type":"","overlay-color":"","overlay-opacity":"","overlay-gradient":""},"mobile":{"background-color":"var(--ast-global-color-5)","background-image":"","background-repeat":"repeat","background-position":"center center","background-size":"auto","background-attachment":"scroll","background-type":"","background-media":"","overlay-type":"","overlay-color":"","overlay-opacity":"","overlay-gradient":""}}},"product_brand":[],"product_cat":[996,188,811],"product_tag":[],"class_list":{"0":"post-260811","1":"product","2":"type-product","3":"status-publish","4":"has-post-thumbnail","6":"product_cat-berlin","7":"product_cat-freelancer","8":"product_cat-germany","9":"desktop-align-left","10":"tablet-align-left","11":"mobile-align-left","13":"first","14":"instock","15":"shipping-taxable","16":"product-type-simple"},"_links":{"self":[{"href":"https:\/\/poccky.com\/index.php\/wp-json\/wp\/v2\/product\/260811","targetHints":{"allow":["GET"]}}],"collection":[{"href":"https:\/\/poccky.com\/index.php\/wp-json\/wp\/v2\/product"}],"about":[{"href":"https:\/\/poccky.com\/index.php\/wp-json\/wp\/v2\/types\/product"}],"replies":[{"embeddable":true,"href":"https:\/\/poccky.com\/index.php\/wp-json\/wp\/v2\/comments?post=260811"}],"wp:featuredmedia":[{"embeddable":true,"href":"https:\/\/poccky.com\/index.php\/wp-json\/wp\/v2\/media\/98784"}],"wp:attachment":[{"href":"https:\/\/poccky.com\/index.php\/wp-json\/wp\/v2\/media?parent=260811"}],"wp:term":[{"taxonomy":"product_brand","embeddable":true,"href":"https:\/\/poccky.com\/index.php\/wp-json\/wp\/v2\/product_brand?post=260811"},{"taxonomy":"product_cat","embeddable":true,"href":"https:\/\/poccky.com\/index.php\/wp-json\/wp\/v2\/product_cat?post=260811"},{"taxonomy":"product_tag","embeddable":true,"href":"https:\/\/poccky.com\/index.php\/wp-json\/wp\/v2\/product_tag?post=260811"}],"curies":[{"name":"wp","href":"https:\/\/api.w.org\/{rel}","templated":true}]}}