{"id":260805,"date":"2023-10-28T10:39:59","date_gmt":"2023-10-28T10:39:59","guid":{"rendered":"https:\/\/poccky.com\/?post_type=product&#038;p=260805"},"modified":"2023-10-28T10:40:06","modified_gmt":"2023-10-28T10:40:06","slug":"nicole-23","status":"publish","type":"product","link":"https:\/\/poccky.com\/index.php\/product\/nicole-23\/","title":{"rendered":"Nicole"},"content":{"rendered":"","protected":false},"excerpt":{"rendered":"<p>Bei Nicole kommen alle Herren zum Zuge. die auf viel Oberweite und einer schlanken Figur stehen. Diese junge Frau wei\u00df was sie will und l\u00e4sst Dich alles andere um Dich herum vergessen. Wenn du Lust auf ein erotisches. sinnliches Abenteuer hast &#8211; komm zu ihr und sie wird Dich nach allen Regeln der Kunst verw\u00f6hnen.<\/p>\n<p>Ein Traum von einer Frau ist Nicole. die zierlich ist und trotzdem eine Oberweite von 80 D zu bieten hat. Gerade darauf stehen die Herren und das macht Nicole so beliebt beim Escort. Nicole ist zierlich. hat eine atemberaubende Figur und schon allein die Tatsache. dass sie mit ihrer Oberweite 80 D gern spielt. macht die M\u00e4nnerwelt schwach. Sie bietet jedoch nicht nur ihren reizvollen K\u00f6rper. denn mit ihr kann auch der n\u00e4chste Theaterbesuch oder das n\u00e4chste Gesch\u00e4ftsessen geplant werden. Dabei ist sie gern eine gepflegte und stilvolle Begleitung. Auch die n\u00e4chste Party kann mit ihr in Begleitung zu einem einmaligen Erlebnis werden. Nicole trifft sich gern bei einem Hausbesuch oder Hotelbesuch 24h rund um die Uhr mit dem Mann. der von ihr verw\u00f6hnt werden m\u00f6chte oder der sie gern verw\u00f6hnen will. My details Below mentioned<\/p>\n<p>                Nationality:<br \/>\n                Bulgarien <\/p>\n<p>                Languages:<br \/>\n                Deutsch.  Englisch<\/p>\n<p>                Age:<br \/>\n                22<\/p>\n<p>                Height:<br \/>\n                160 cm<\/p>\n<p>                Hair:<br \/>\n                br\u00fcnettphone_android Phone:<br \/>\n          015117980713<\/p>\n","protected":false},"featured_media":98781,"comment_status":"open","ping_status":"closed","template":"","meta":{"site-sidebar-layout":"default","site-content-layout":"","ast-site-content-layout":"","site-content-style":"default","site-sidebar-style":"default","ast-global-header-display":"","ast-banner-title-visibility":"","ast-main-header-display":"","ast-hfb-above-header-display":"","ast-hfb-below-header-display":"","ast-hfb-mobile-header-display":"","site-post-title":"","ast-breadcrumbs-content":"","ast-featured-img":"","footer-sml-layout":"","theme-transparent-header-meta":"","adv-header-id-meta":"","stick-header-meta":"","header-above-stick-meta":"","header-main-stick-meta":"","header-below-stick-meta":"","astra-migrate-meta-layouts":"default","ast-page-background-enabled":"default","ast-page-background-meta":{"desktop":{"background-color":"var(--ast-global-color-4)","background-image":"","background-repeat":"repeat","background-position":"center center","background-size":"auto","background-attachment":"scroll","background-type":"","background-media":"","overlay-type":"","overlay-color":"","overlay-opacity":"","overlay-gradient":""},"tablet":{"background-color":"","background-image":"","background-repeat":"repeat","background-position":"center center","background-size":"auto","background-attachment":"scroll","background-type":"","background-media":"","overlay-type":"","overlay-color":"","overlay-opacity":"","overlay-gradient":""},"mobile":{"background-color":"","background-image":"","background-repeat":"repeat","background-position":"center center","background-size":"auto","background-attachment":"scroll","background-type":"","background-media":"","overlay-type":"","overlay-color":"","overlay-opacity":"","overlay-gradient":""}},"ast-content-background-meta":{"desktop":{"background-color":"var(--ast-global-color-5)","background-image":"","background-repeat":"repeat","background-position":"center center","background-size":"auto","background-attachment":"scroll","background-type":"","background-media":"","overlay-type":"","overlay-color":"","overlay-opacity":"","overlay-gradient":""},"tablet":{"background-color":"var(--ast-global-color-5)","background-image":"","background-repeat":"repeat","background-position":"center center","background-size":"auto","background-attachment":"scroll","background-type":"","background-media":"","overlay-type":"","overlay-color":"","overlay-opacity":"","overlay-gradient":""},"mobile":{"background-color":"var(--ast-global-color-5)","background-image":"","background-repeat":"repeat","background-position":"center center","background-size":"auto","background-attachment":"scroll","background-type":"","background-media":"","overlay-type":"","overlay-color":"","overlay-opacity":"","overlay-gradient":""}}},"product_brand":[],"product_cat":[996,188,811],"product_tag":[],"class_list":{"0":"post-260805","1":"product","2":"type-product","3":"status-publish","4":"has-post-thumbnail","6":"product_cat-berlin","7":"product_cat-freelancer","8":"product_cat-germany","9":"desktop-align-left","10":"tablet-align-left","11":"mobile-align-left","13":"first","14":"instock","15":"shipping-taxable","16":"product-type-simple"},"_links":{"self":[{"href":"https:\/\/poccky.com\/index.php\/wp-json\/wp\/v2\/product\/260805","targetHints":{"allow":["GET"]}}],"collection":[{"href":"https:\/\/poccky.com\/index.php\/wp-json\/wp\/v2\/product"}],"about":[{"href":"https:\/\/poccky.com\/index.php\/wp-json\/wp\/v2\/types\/product"}],"replies":[{"embeddable":true,"href":"https:\/\/poccky.com\/index.php\/wp-json\/wp\/v2\/comments?post=260805"}],"wp:featuredmedia":[{"embeddable":true,"href":"https:\/\/poccky.com\/index.php\/wp-json\/wp\/v2\/media\/98781"}],"wp:attachment":[{"href":"https:\/\/poccky.com\/index.php\/wp-json\/wp\/v2\/media?parent=260805"}],"wp:term":[{"taxonomy":"product_brand","embeddable":true,"href":"https:\/\/poccky.com\/index.php\/wp-json\/wp\/v2\/product_brand?post=260805"},{"taxonomy":"product_cat","embeddable":true,"href":"https:\/\/poccky.com\/index.php\/wp-json\/wp\/v2\/product_cat?post=260805"},{"taxonomy":"product_tag","embeddable":true,"href":"https:\/\/poccky.com\/index.php\/wp-json\/wp\/v2\/product_tag?post=260805"}],"curies":[{"name":"wp","href":"https:\/\/api.w.org\/{rel}","templated":true}]}}