{"id":260798,"date":"2023-10-28T10:39:07","date_gmt":"2023-10-28T10:39:07","guid":{"rendered":"https:\/\/poccky.com\/?post_type=product&#038;p=260798"},"modified":"2023-10-28T10:39:11","modified_gmt":"2023-10-28T10:39:11","slug":"irina-6","status":"publish","type":"product","link":"https:\/\/poccky.com\/index.php\/product\/irina-6\/","title":{"rendered":"Irina"},"content":{"rendered":"","protected":false},"excerpt":{"rendered":"<p>Sehr sch\u00f6ne. gepflegte. temperamentvolle. leidenschaftliche Irina. F\u00fcr Kenner der Z\u00e4rtlichkeit G\u00f6ttin des Franz\u00f6sisch und k\u00fcssen. Komm in meine Welt. ich verk\u00f6rpere alle deine Phantasien in die Realit\u00e4t.<\/p>\n<p>Irina ist blond und wundersch\u00f6n. Ihre langen. sanft gewellten Haare verleihen der temperamentvollen Polin ein engelhaftes Aussehen. Irina praktiziert gerne Franz. mit Schlucken und lebt auch sonst ihre Leidenschaft ungehemmt aus. Sie ist nicht nur blond. sondern verf\u00fcgt auch \u00fcber eine wundervolle Figur. Das M\u00e4dchen Irina. das Franz. mit Schlucken \u00fcber alles liebt. tr\u00e4gt bei einer Gr\u00f6\u00dfe von 1.68 Metern Dessous in der Konfektion 34. Ihre festen. runden Br\u00fcste passen in einen BH Gr\u00f6\u00dfe 75 B. Die 20-j\u00e4hrige Irina tr\u00e4gt ihr wallendes Blond gerne offen. w\u00e4hrend sie den Herrn mit Franz. mit Schlucken verw\u00f6hnt. My details Below mentioned<\/p>\n<p>                Nationality:<br \/>\n                Polen <\/p>\n<p>                Languages:<br \/>\n                Deutsch.  Englich.  Polnisch<\/p>\n<p>                Age:<br \/>\n                20<\/p>\n<p>                Height:<br \/>\n                168 cm<\/p>\n<p>                Hair:<br \/>\n                Long Blondphone_android Phone:<br \/>\n          015117980713<\/p>\n","protected":false},"featured_media":98766,"comment_status":"open","ping_status":"closed","template":"","meta":{"site-sidebar-layout":"default","site-content-layout":"","ast-site-content-layout":"","site-content-style":"default","site-sidebar-style":"default","ast-global-header-display":"","ast-banner-title-visibility":"","ast-main-header-display":"","ast-hfb-above-header-display":"","ast-hfb-below-header-display":"","ast-hfb-mobile-header-display":"","site-post-title":"","ast-breadcrumbs-content":"","ast-featured-img":"","footer-sml-layout":"","theme-transparent-header-meta":"","adv-header-id-meta":"","stick-header-meta":"","header-above-stick-meta":"","header-main-stick-meta":"","header-below-stick-meta":"","astra-migrate-meta-layouts":"default","ast-page-background-enabled":"default","ast-page-background-meta":{"desktop":{"background-color":"var(--ast-global-color-4)","background-image":"","background-repeat":"repeat","background-position":"center center","background-size":"auto","background-attachment":"scroll","background-type":"","background-media":"","overlay-type":"","overlay-color":"","overlay-opacity":"","overlay-gradient":""},"tablet":{"background-color":"","background-image":"","background-repeat":"repeat","background-position":"center center","background-size":"auto","background-attachment":"scroll","background-type":"","background-media":"","overlay-type":"","overlay-color":"","overlay-opacity":"","overlay-gradient":""},"mobile":{"background-color":"","background-image":"","background-repeat":"repeat","background-position":"center center","background-size":"auto","background-attachment":"scroll","background-type":"","background-media":"","overlay-type":"","overlay-color":"","overlay-opacity":"","overlay-gradient":""}},"ast-content-background-meta":{"desktop":{"background-color":"var(--ast-global-color-5)","background-image":"","background-repeat":"repeat","background-position":"center center","background-size":"auto","background-attachment":"scroll","background-type":"","background-media":"","overlay-type":"","overlay-color":"","overlay-opacity":"","overlay-gradient":""},"tablet":{"background-color":"var(--ast-global-color-5)","background-image":"","background-repeat":"repeat","background-position":"center center","background-size":"auto","background-attachment":"scroll","background-type":"","background-media":"","overlay-type":"","overlay-color":"","overlay-opacity":"","overlay-gradient":""},"mobile":{"background-color":"var(--ast-global-color-5)","background-image":"","background-repeat":"repeat","background-position":"center center","background-size":"auto","background-attachment":"scroll","background-type":"","background-media":"","overlay-type":"","overlay-color":"","overlay-opacity":"","overlay-gradient":""}}},"product_brand":[],"product_cat":[996,188,811],"product_tag":[],"class_list":{"0":"post-260798","1":"product","2":"type-product","3":"status-publish","4":"has-post-thumbnail","6":"product_cat-berlin","7":"product_cat-freelancer","8":"product_cat-germany","9":"desktop-align-left","10":"tablet-align-left","11":"mobile-align-left","13":"first","14":"instock","15":"shipping-taxable","16":"product-type-simple"},"_links":{"self":[{"href":"https:\/\/poccky.com\/index.php\/wp-json\/wp\/v2\/product\/260798","targetHints":{"allow":["GET"]}}],"collection":[{"href":"https:\/\/poccky.com\/index.php\/wp-json\/wp\/v2\/product"}],"about":[{"href":"https:\/\/poccky.com\/index.php\/wp-json\/wp\/v2\/types\/product"}],"replies":[{"embeddable":true,"href":"https:\/\/poccky.com\/index.php\/wp-json\/wp\/v2\/comments?post=260798"}],"wp:featuredmedia":[{"embeddable":true,"href":"https:\/\/poccky.com\/index.php\/wp-json\/wp\/v2\/media\/98766"}],"wp:attachment":[{"href":"https:\/\/poccky.com\/index.php\/wp-json\/wp\/v2\/media?parent=260798"}],"wp:term":[{"taxonomy":"product_brand","embeddable":true,"href":"https:\/\/poccky.com\/index.php\/wp-json\/wp\/v2\/product_brand?post=260798"},{"taxonomy":"product_cat","embeddable":true,"href":"https:\/\/poccky.com\/index.php\/wp-json\/wp\/v2\/product_cat?post=260798"},{"taxonomy":"product_tag","embeddable":true,"href":"https:\/\/poccky.com\/index.php\/wp-json\/wp\/v2\/product_tag?post=260798"}],"curies":[{"name":"wp","href":"https:\/\/api.w.org\/{rel}","templated":true}]}}