{"id":260797,"date":"2023-10-28T10:39:04","date_gmt":"2023-10-28T10:39:04","guid":{"rendered":"https:\/\/poccky.com\/?post_type=product&#038;p=260797"},"modified":"2023-10-28T10:39:06","modified_gmt":"2023-10-28T10:39:06","slug":"k-t-snygg-svensk-tjej","status":"publish","type":"product","link":"https:\/\/poccky.com\/index.php\/product\/k-t-snygg-svensk-tjej\/","title":{"rendered":"K -T Snygg Svensk Tjej &#8211;"},"content":{"rendered":"","protected":false},"excerpt":{"rendered":"<p>\u00c4r en h\u00e4rlig snygg och sexig svensk kvinna p\u00e5 36 \u00e5r som \u00e4r k\u00e5t och \u00e4lskar sex.. Jag blir k\u00e5t av att knulla och f\u00e5 betalt f\u00f6r det&#8230;<\/p>\n<p>Attraktiv. l\u00e5n.G blond. bl\u00e5a \u00f6gon och har en h\u00e4rlig naturlig G-kupa&#8230; Finns mycket att ta p\u00e5. p\u00e5 min kurviga kropp..<\/p>\n<p>Det b\u00e4sta jag vet \u00e4r att f\u00e5 fittan slickad. bli tagen h\u00e5rt bakifr\u00e5n och f\u00e5 suga kuk.<\/p>\n<p>\u00c4r riktigt k\u00e5t och \u00e4lskar ett h\u00e4rligt knull&#8230;&#8230;<\/p>\n<p>60 min 2500 kr<br \/>\n30 min 1500 kr<\/p>\n<p>Svarar s\u00e4krast p\u00e5 mess&#8230;. Inga sms-kompisar eller prutare tack! H\u00f6r endast av dig om du vill boka en tid med mig..All info du beh\u00f6ver finns p\u00e5 min sida&#8230;<\/p>\n<p>Vad v\u00e4ntar du p\u00e5? H\u00f6r av dig nu!! Finns i Stockholm med omnejd!<\/p>\n<p>Incall 10 min s\u00f6der om Globen med bil!<br \/>\nOutcall Stockholm med omnejd!<\/p>\n<p>Jag \u00e4r trevlig och diskret och f\u00f6ruts\u00e4tter att \u00e4ven du \u00e4r det!! My details Below mentioned<\/p>\n<p>                Nationality:<br \/>\n                Swedish <\/p>\n<p>                Languages:<br \/>\n                swedish<\/p>\n<p>                Age:<br \/>\n                36<\/p>\n<p>                Height:<br \/>\n                177 cm<\/p>\n<p>                Hair:<br \/>\n                Blonde<\/p>\n<p>                Eyes:<br \/>\n                Bluephone_android Phone:<br \/>\n          0728759770<\/p>\n","protected":false},"featured_media":86769,"comment_status":"open","ping_status":"closed","template":"","meta":{"site-sidebar-layout":"default","site-content-layout":"","ast-site-content-layout":"","site-content-style":"default","site-sidebar-style":"default","ast-global-header-display":"","ast-banner-title-visibility":"","ast-main-header-display":"","ast-hfb-above-header-display":"","ast-hfb-below-header-display":"","ast-hfb-mobile-header-display":"","site-post-title":"","ast-breadcrumbs-content":"","ast-featured-img":"","footer-sml-layout":"","theme-transparent-header-meta":"","adv-header-id-meta":"","stick-header-meta":"","header-above-stick-meta":"","header-main-stick-meta":"","header-below-stick-meta":"","astra-migrate-meta-layouts":"default","ast-page-background-enabled":"default","ast-page-background-meta":{"desktop":{"background-color":"var(--ast-global-color-4)","background-image":"","background-repeat":"repeat","background-position":"center center","background-size":"auto","background-attachment":"scroll","background-type":"","background-media":"","overlay-type":"","overlay-color":"","overlay-opacity":"","overlay-gradient":""},"tablet":{"background-color":"","background-image":"","background-repeat":"repeat","background-position":"center center","background-size":"auto","background-attachment":"scroll","background-type":"","background-media":"","overlay-type":"","overlay-color":"","overlay-opacity":"","overlay-gradient":""},"mobile":{"background-color":"","background-image":"","background-repeat":"repeat","background-position":"center center","background-size":"auto","background-attachment":"scroll","background-type":"","background-media":"","overlay-type":"","overlay-color":"","overlay-opacity":"","overlay-gradient":""}},"ast-content-background-meta":{"desktop":{"background-color":"var(--ast-global-color-5)","background-image":"","background-repeat":"repeat","background-position":"center center","background-size":"auto","background-attachment":"scroll","background-type":"","background-media":"","overlay-type":"","overlay-color":"","overlay-opacity":"","overlay-gradient":""},"tablet":{"background-color":"var(--ast-global-color-5)","background-image":"","background-repeat":"repeat","background-position":"center center","background-size":"auto","background-attachment":"scroll","background-type":"","background-media":"","overlay-type":"","overlay-color":"","overlay-opacity":"","overlay-gradient":""},"mobile":{"background-color":"var(--ast-global-color-5)","background-image":"","background-repeat":"repeat","background-position":"center center","background-size":"auto","background-attachment":"scroll","background-type":"","background-media":"","overlay-type":"","overlay-color":"","overlay-opacity":"","overlay-gradient":""}}},"product_brand":[],"product_cat":[188,1115,957],"product_tag":[],"class_list":{"0":"post-260797","1":"product","2":"type-product","3":"status-publish","4":"has-post-thumbnail","6":"product_cat-freelancer","7":"product_cat-stockholm","8":"product_cat-sweden","9":"desktop-align-left","10":"tablet-align-left","11":"mobile-align-left","13":"first","14":"instock","15":"shipping-taxable","16":"product-type-simple"},"_links":{"self":[{"href":"https:\/\/poccky.com\/index.php\/wp-json\/wp\/v2\/product\/260797","targetHints":{"allow":["GET"]}}],"collection":[{"href":"https:\/\/poccky.com\/index.php\/wp-json\/wp\/v2\/product"}],"about":[{"href":"https:\/\/poccky.com\/index.php\/wp-json\/wp\/v2\/types\/product"}],"replies":[{"embeddable":true,"href":"https:\/\/poccky.com\/index.php\/wp-json\/wp\/v2\/comments?post=260797"}],"wp:featuredmedia":[{"embeddable":true,"href":"https:\/\/poccky.com\/index.php\/wp-json\/wp\/v2\/media\/86769"}],"wp:attachment":[{"href":"https:\/\/poccky.com\/index.php\/wp-json\/wp\/v2\/media?parent=260797"}],"wp:term":[{"taxonomy":"product_brand","embeddable":true,"href":"https:\/\/poccky.com\/index.php\/wp-json\/wp\/v2\/product_brand?post=260797"},{"taxonomy":"product_cat","embeddable":true,"href":"https:\/\/poccky.com\/index.php\/wp-json\/wp\/v2\/product_cat?post=260797"},{"taxonomy":"product_tag","embeddable":true,"href":"https:\/\/poccky.com\/index.php\/wp-json\/wp\/v2\/product_tag?post=260797"}],"curies":[{"name":"wp","href":"https:\/\/api.w.org\/{rel}","templated":true}]}}