{"id":260658,"date":"2023-10-28T10:22:07","date_gmt":"2023-10-28T10:22:07","guid":{"rendered":"https:\/\/poccky.com\/?post_type=product&#038;p=260658"},"modified":"2023-10-28T10:22:15","modified_gmt":"2023-10-28T10:22:15","slug":"victoria-28","status":"publish","type":"product","link":"https:\/\/poccky.com\/index.php\/product\/victoria-28\/","title":{"rendered":"Victoria"},"content":{"rendered":"","protected":false},"excerpt":{"rendered":"<p>Bonjour.<\/p>\n<p>Je suis une jolie brune aux yeux vert avec la chaleur du sud dans la peau(fran\u00e7aise). 1.76m pour 58 kgs avec des belles formes pulpeuses et des beaux seins naturels 95C.<\/p>\n<p>J`ai 36ans. je peux vous recevoir pour des moments de d\u00e9tente(chez moi pr\u00e8s du M\u00b0Louise Michel). ou vous accompagner en journ\u00e9e. soir\u00e9e ou plus sur demande( diners d&#8217;affaires. cocktails. voyages)les d\u00e9penses : voyages. taxis. billets. h\u00f4tels sont \u00e0 votre charge.<\/p>\n<p>Je suis naturelle. spontan\u00e9e et sympa.<\/p>\n<p>Je me d\u00e9place \u00e0 votre h\u00f4tel. domicile ou bureau selon certaines conditions.<\/p>\n<p>Je recherche des rencontres bas\u00e9es sur la courtoisie. avec une hygi\u00e8ne irr\u00e9prochable.<\/p>\n<p>Lors de mes rencontres je pr\u00e9f\u00e8re la qualit\u00e9 \u00e0 la quantit\u00e9.<\/p>\n<p>Je vous attends tendrement.<\/p>\n<p>Bisous Victoria<\/p>\n<p>PS : Pour les gourmands souhaitant d\u00e9couvrir de nouvelles sensations avec deux femmes ma charmante amie et complice peut se joindre \u00e0 nous.<\/p>\n<p>Je ne r\u00e9ponds pas aux num\u00e9ros masqu\u00e9s et les tarifs ne sont pas n\u00e9gociable. My details Below mentioned<\/p>\n<p>                Nationality:<br \/>\n                francaise <\/p>\n<p>                Languages:<br \/>\n                francais.  anglais.  espagnol.<\/p>\n<p>                Age:<br \/>\n                36<\/p>\n<p>                Height:<br \/>\n                176<\/p>\n<p>                Weight:<br \/>\n                58<\/p>\n<p>                Hair:<br \/>\n                long chatain<\/p>\n<p>                Eyes:<br \/>\n                vert<\/p>\n<p>                Measurements:<br \/>\n                95-70-95<\/p>\n","protected":false},"featured_media":98708,"comment_status":"open","ping_status":"closed","template":"","meta":{"site-sidebar-layout":"default","site-content-layout":"","ast-site-content-layout":"","site-content-style":"default","site-sidebar-style":"default","ast-global-header-display":"","ast-banner-title-visibility":"","ast-main-header-display":"","ast-hfb-above-header-display":"","ast-hfb-below-header-display":"","ast-hfb-mobile-header-display":"","site-post-title":"","ast-breadcrumbs-content":"","ast-featured-img":"","footer-sml-layout":"","theme-transparent-header-meta":"","adv-header-id-meta":"","stick-header-meta":"","header-above-stick-meta":"","header-main-stick-meta":"","header-below-stick-meta":"","astra-migrate-meta-layouts":"default","ast-page-background-enabled":"default","ast-page-background-meta":{"desktop":{"background-color":"var(--ast-global-color-4)","background-image":"","background-repeat":"repeat","background-position":"center center","background-size":"auto","background-attachment":"scroll","background-type":"","background-media":"","overlay-type":"","overlay-color":"","overlay-opacity":"","overlay-gradient":""},"tablet":{"background-color":"","background-image":"","background-repeat":"repeat","background-position":"center center","background-size":"auto","background-attachment":"scroll","background-type":"","background-media":"","overlay-type":"","overlay-color":"","overlay-opacity":"","overlay-gradient":""},"mobile":{"background-color":"","background-image":"","background-repeat":"repeat","background-position":"center center","background-size":"auto","background-attachment":"scroll","background-type":"","background-media":"","overlay-type":"","overlay-color":"","overlay-opacity":"","overlay-gradient":""}},"ast-content-background-meta":{"desktop":{"background-color":"var(--ast-global-color-5)","background-image":"","background-repeat":"repeat","background-position":"center center","background-size":"auto","background-attachment":"scroll","background-type":"","background-media":"","overlay-type":"","overlay-color":"","overlay-opacity":"","overlay-gradient":""},"tablet":{"background-color":"var(--ast-global-color-5)","background-image":"","background-repeat":"repeat","background-position":"center center","background-size":"auto","background-attachment":"scroll","background-type":"","background-media":"","overlay-type":"","overlay-color":"","overlay-opacity":"","overlay-gradient":""},"mobile":{"background-color":"var(--ast-global-color-5)","background-image":"","background-repeat":"repeat","background-position":"center center","background-size":"auto","background-attachment":"scroll","background-type":"","background-media":"","overlay-type":"","overlay-color":"","overlay-opacity":"","overlay-gradient":""}}},"product_brand":[],"product_cat":[244,188,1118],"product_tag":[],"class_list":{"0":"post-260658","1":"product","2":"type-product","3":"status-publish","4":"has-post-thumbnail","6":"product_cat-france","7":"product_cat-freelancer","8":"product_cat-paris","9":"desktop-align-left","10":"tablet-align-left","11":"mobile-align-left","13":"first","14":"instock","15":"shipping-taxable","16":"product-type-simple"},"_links":{"self":[{"href":"https:\/\/poccky.com\/index.php\/wp-json\/wp\/v2\/product\/260658","targetHints":{"allow":["GET"]}}],"collection":[{"href":"https:\/\/poccky.com\/index.php\/wp-json\/wp\/v2\/product"}],"about":[{"href":"https:\/\/poccky.com\/index.php\/wp-json\/wp\/v2\/types\/product"}],"replies":[{"embeddable":true,"href":"https:\/\/poccky.com\/index.php\/wp-json\/wp\/v2\/comments?post=260658"}],"wp:featuredmedia":[{"embeddable":true,"href":"https:\/\/poccky.com\/index.php\/wp-json\/wp\/v2\/media\/98708"}],"wp:attachment":[{"href":"https:\/\/poccky.com\/index.php\/wp-json\/wp\/v2\/media?parent=260658"}],"wp:term":[{"taxonomy":"product_brand","embeddable":true,"href":"https:\/\/poccky.com\/index.php\/wp-json\/wp\/v2\/product_brand?post=260658"},{"taxonomy":"product_cat","embeddable":true,"href":"https:\/\/poccky.com\/index.php\/wp-json\/wp\/v2\/product_cat?post=260658"},{"taxonomy":"product_tag","embeddable":true,"href":"https:\/\/poccky.com\/index.php\/wp-json\/wp\/v2\/product_tag?post=260658"}],"curies":[{"name":"wp","href":"https:\/\/api.w.org\/{rel}","templated":true}]}}