{"id":260635,"date":"2023-10-28T10:19:07","date_gmt":"2023-10-28T10:19:07","guid":{"rendered":"https:\/\/poccky.com\/?post_type=product&#038;p=260635"},"modified":"2023-10-28T10:19:14","modified_gmt":"2023-10-28T10:19:14","slug":"escort-girle","status":"publish","type":"product","link":"https:\/\/poccky.com\/index.php\/product\/escort-girle\/","title":{"rendered":"Escort Girle"},"content":{"rendered":"","protected":false},"excerpt":{"rendered":"<p>Je suis une belle fleur africaine et j\u2019ai la peau extr\u00eamement douce. J\u2019aime la sensualit\u00e9 et les relations fusionn\u00e9es.<br \/>\nUn corps de pure f\u00e9minit\u00e9 des courbes sensuelles et \u00e9vocatrice. des yeux noir au regard passionn\u00e9e. une bouche gourmande. et des mains d\u2019expertes.<br \/>\nJe suis une adepte de l&#8217;amour. de l\u2019humour et de la courtoisie. je peux me conduire comme votre femme. votre ma\u00eetresse. pleine de charme .ou comme votre petite amie .<br \/>\nAttentive \u2021 toutes vous envies je vous amenerais au paroxysme du plaisir dans mon univers<br \/>\nNous pouvons d\u00e9finir au pr\u00e9alable un sc\u00e9nario coquin et sans tabous.<br \/>\nje vous attends pour encore plus de plaisir<br \/>\nJe n\u2019aie aucun tabous et je suis ouverte \u2021 \u00e0 toutes propositions<br \/>\nC&#8217;est avec joie que je vous apporterai ma pr\u00e9sence pour des moments de d\u00e9tente coquins \u2021 souhaits qui vous apporteront de d\u00e9licieux moment d\u2019extases.<br \/>\nJe ne r\u00e9ponds pas aux appels masqu\u00e9s ni aux sms je peux aussi me d\u00e9placer \u2021 et je re\u00e7ois.<\/p>\n<p>MORGANE My details Below mentioned<\/p>\n<p>                Nationality:<br \/>\n                fracegaise <\/p>\n<p>                Languages:<br \/>\n                france<\/p>\n<p>                Age:<br \/>\n                20<\/p>\n<p>                Height:<br \/>\n                165<\/p>\n<p>                Weight:<br \/>\n                50<\/p>\n<p>                Hair:<br \/>\n                NOIR<\/p>\n<p>                Eyes:<br \/>\n                noir<\/p>\n<p>                Measurements:<br \/>\n                06 90 06<\/p>\n","protected":false},"featured_media":90452,"comment_status":"open","ping_status":"closed","template":"","meta":{"site-sidebar-layout":"default","site-content-layout":"","ast-site-content-layout":"","site-content-style":"default","site-sidebar-style":"default","ast-global-header-display":"","ast-banner-title-visibility":"","ast-main-header-display":"","ast-hfb-above-header-display":"","ast-hfb-below-header-display":"","ast-hfb-mobile-header-display":"","site-post-title":"","ast-breadcrumbs-content":"","ast-featured-img":"","footer-sml-layout":"","theme-transparent-header-meta":"","adv-header-id-meta":"","stick-header-meta":"","header-above-stick-meta":"","header-main-stick-meta":"","header-below-stick-meta":"","astra-migrate-meta-layouts":"default","ast-page-background-enabled":"default","ast-page-background-meta":{"desktop":{"background-color":"var(--ast-global-color-4)","background-image":"","background-repeat":"repeat","background-position":"center center","background-size":"auto","background-attachment":"scroll","background-type":"","background-media":"","overlay-type":"","overlay-color":"","overlay-opacity":"","overlay-gradient":""},"tablet":{"background-color":"","background-image":"","background-repeat":"repeat","background-position":"center center","background-size":"auto","background-attachment":"scroll","background-type":"","background-media":"","overlay-type":"","overlay-color":"","overlay-opacity":"","overlay-gradient":""},"mobile":{"background-color":"","background-image":"","background-repeat":"repeat","background-position":"center center","background-size":"auto","background-attachment":"scroll","background-type":"","background-media":"","overlay-type":"","overlay-color":"","overlay-opacity":"","overlay-gradient":""}},"ast-content-background-meta":{"desktop":{"background-color":"var(--ast-global-color-5)","background-image":"","background-repeat":"repeat","background-position":"center center","background-size":"auto","background-attachment":"scroll","background-type":"","background-media":"","overlay-type":"","overlay-color":"","overlay-opacity":"","overlay-gradient":""},"tablet":{"background-color":"var(--ast-global-color-5)","background-image":"","background-repeat":"repeat","background-position":"center center","background-size":"auto","background-attachment":"scroll","background-type":"","background-media":"","overlay-type":"","overlay-color":"","overlay-opacity":"","overlay-gradient":""},"mobile":{"background-color":"var(--ast-global-color-5)","background-image":"","background-repeat":"repeat","background-position":"center center","background-size":"auto","background-attachment":"scroll","background-type":"","background-media":"","overlay-type":"","overlay-color":"","overlay-opacity":"","overlay-gradient":""}}},"product_brand":[],"product_cat":[244,188,1118],"product_tag":[],"class_list":{"0":"post-260635","1":"product","2":"type-product","3":"status-publish","4":"has-post-thumbnail","6":"product_cat-france","7":"product_cat-freelancer","8":"product_cat-paris","9":"desktop-align-left","10":"tablet-align-left","11":"mobile-align-left","13":"first","14":"instock","15":"shipping-taxable","16":"product-type-simple"},"_links":{"self":[{"href":"https:\/\/poccky.com\/index.php\/wp-json\/wp\/v2\/product\/260635","targetHints":{"allow":["GET"]}}],"collection":[{"href":"https:\/\/poccky.com\/index.php\/wp-json\/wp\/v2\/product"}],"about":[{"href":"https:\/\/poccky.com\/index.php\/wp-json\/wp\/v2\/types\/product"}],"replies":[{"embeddable":true,"href":"https:\/\/poccky.com\/index.php\/wp-json\/wp\/v2\/comments?post=260635"}],"wp:featuredmedia":[{"embeddable":true,"href":"https:\/\/poccky.com\/index.php\/wp-json\/wp\/v2\/media\/90452"}],"wp:attachment":[{"href":"https:\/\/poccky.com\/index.php\/wp-json\/wp\/v2\/media?parent=260635"}],"wp:term":[{"taxonomy":"product_brand","embeddable":true,"href":"https:\/\/poccky.com\/index.php\/wp-json\/wp\/v2\/product_brand?post=260635"},{"taxonomy":"product_cat","embeddable":true,"href":"https:\/\/poccky.com\/index.php\/wp-json\/wp\/v2\/product_cat?post=260635"},{"taxonomy":"product_tag","embeddable":true,"href":"https:\/\/poccky.com\/index.php\/wp-json\/wp\/v2\/product_tag?post=260635"}],"curies":[{"name":"wp","href":"https:\/\/api.w.org\/{rel}","templated":true}]}}