{"id":260520,"date":"2023-10-28T10:04:43","date_gmt":"2023-10-28T10:04:43","guid":{"rendered":"https:\/\/poccky.com\/?post_type=product&#038;p=260520"},"modified":"2023-10-28T10:04:49","modified_gmt":"2023-10-28T10:04:49","slug":"christina-9","status":"publish","type":"product","link":"https:\/\/poccky.com\/index.php\/product\/christina-9\/","title":{"rendered":"Christina"},"content":{"rendered":"","protected":false},"excerpt":{"rendered":"<p>Hej. jag heter Christina 35 \u00e5r. 170 cm. 64k.G 75C kupa<br \/>\nFeminin och sensuell oberoende escort i Stockholm.med elegans. sk\u00f6nhet och en kropp skapad f\u00f6r synd. Jag har en varm.sprudlande personlighet. h\u00f6g intelligens. sprakande konversations talang och massor av humor. Jag gillar het och h\u00e4rlig sex i olika positioner. \u00e4r du sugen p\u00e5 mys och GFE s\u00e5 tar jag g\u00e4rna hand om dig och ser att du blir ordentligt tillfredsst\u00e4lld<br \/>\nJag \u00e4r svensk med rysk ursprun.G med vackert ansikte. m\u00f6rkbruna \u00f6gon och h\u00e4rlig sexy kropp. Med mig f\u00e5r du en garanterat underbar upplevelse som kommer att finnas kvar i ditt minne l\u00e4nge. jag erbjuder ett exklusiv och lyxigt s\u00e4llskap. I v\u00e5ra tr\u00e4ff kommer jag att vara totalt fokuserad p\u00e5 dig och bara dig.<\/p>\n<p>Vill understryka att jag INTE \u00e4r n\u00e5gon &#8220;l\u00f6pande-band-eskort&#8221; utan tr\u00e4ffa f\u00e5. noga utvalda. trevliga m\u00e4n. jag f\u00f6redra kvalitet snarare \u00e4n kvantitet.<\/p>\n<p>Jag \u00e4r kvinna och f\u00f6rv\u00e4ntar mig att bli behandlad som en lady. s\u00e5 var en gentleman n\u00e4r du ringer eller skriver. Jag ger alltid mer \u00e4n 100%. Du kommer aldrig att uppleva mig som fr\u00e5nvarande eller stressad.<\/p>\n<p>Diskretionen \u00e4r 100% garanterad s\u00e5 som du f\u00f6rv\u00e4ntar dig.<\/p>\n<p>\u00c4r du en genuin gentleman som s\u00f6ker det d\u00e4r lilla extra s\u00e5 \u00e4r jag en kvinna f\u00f6r dig.<\/p>\n<p>DU \u00c4R EN MAN AV NORDISKT URSPRUNG 40+ SOM BEHANDLAR KVINNOR RESPEKTFULLT OAVSETT UNDER VILKA F\u00d6RH\u00c5LLANDEN MAN TR\u00c4FFAS! JAG SKICKAR INTE UT N\u00c5GRA BILDER AV S\u00c4KERHETSSK\u00c4L. HOPPAS NI F\u00d6RST\u00c5R DET. NI VILL VARA HELT ANONYMA OCH DET VILL JAG<br \/>\nJag finns n\u00e4ra V\u00e4llingby<br \/>\nINCALL\/OUTCALL<br \/>\nJag erbjuder full service :Sex i olika st\u00e4llningar. sk\u00f6na avsugningar. slick eller upphetsande kyssar toppat med GFE. men g\u00f6r inte: analt. deepthroat. oskyddat.<br \/>\nVid kontakt; mig ange namn. \u00e5lder. vilken typ av tj\u00e4nst du s\u00f6ker<br \/>\nOBS G\u00d6R EJ JOBB I BILAR ELLER UTOMHUS My details Below mentioned<\/p>\n<p>                Nationality:<br \/>\n                Sweden <\/p>\n<p>                Languages:<br \/>\n                swedish.  english<\/p>\n<p>                Age:<br \/>\n                35<\/p>\n<p>                Height:<br \/>\n                170 cm<\/p>\n<p>                Weight:<br \/>\n                64 kg<\/p>\n<p>                Hair:<br \/>\n                Long red<\/p>\n<p>                Eyes:<br \/>\n                brunphone_android Phone:<br \/>\n          0720136337<\/p>\n","protected":false},"featured_media":89778,"comment_status":"open","ping_status":"closed","template":"","meta":{"site-sidebar-layout":"default","site-content-layout":"","ast-site-content-layout":"","site-content-style":"default","site-sidebar-style":"default","ast-global-header-display":"","ast-banner-title-visibility":"","ast-main-header-display":"","ast-hfb-above-header-display":"","ast-hfb-below-header-display":"","ast-hfb-mobile-header-display":"","site-post-title":"","ast-breadcrumbs-content":"","ast-featured-img":"","footer-sml-layout":"","theme-transparent-header-meta":"","adv-header-id-meta":"","stick-header-meta":"","header-above-stick-meta":"","header-main-stick-meta":"","header-below-stick-meta":"","astra-migrate-meta-layouts":"default","ast-page-background-enabled":"default","ast-page-background-meta":{"desktop":{"background-color":"var(--ast-global-color-4)","background-image":"","background-repeat":"repeat","background-position":"center center","background-size":"auto","background-attachment":"scroll","background-type":"","background-media":"","overlay-type":"","overlay-color":"","overlay-opacity":"","overlay-gradient":""},"tablet":{"background-color":"","background-image":"","background-repeat":"repeat","background-position":"center center","background-size":"auto","background-attachment":"scroll","background-type":"","background-media":"","overlay-type":"","overlay-color":"","overlay-opacity":"","overlay-gradient":""},"mobile":{"background-color":"","background-image":"","background-repeat":"repeat","background-position":"center center","background-size":"auto","background-attachment":"scroll","background-type":"","background-media":"","overlay-type":"","overlay-color":"","overlay-opacity":"","overlay-gradient":""}},"ast-content-background-meta":{"desktop":{"background-color":"var(--ast-global-color-5)","background-image":"","background-repeat":"repeat","background-position":"center center","background-size":"auto","background-attachment":"scroll","background-type":"","background-media":"","overlay-type":"","overlay-color":"","overlay-opacity":"","overlay-gradient":""},"tablet":{"background-color":"var(--ast-global-color-5)","background-image":"","background-repeat":"repeat","background-position":"center center","background-size":"auto","background-attachment":"scroll","background-type":"","background-media":"","overlay-type":"","overlay-color":"","overlay-opacity":"","overlay-gradient":""},"mobile":{"background-color":"var(--ast-global-color-5)","background-image":"","background-repeat":"repeat","background-position":"center center","background-size":"auto","background-attachment":"scroll","background-type":"","background-media":"","overlay-type":"","overlay-color":"","overlay-opacity":"","overlay-gradient":""}}},"product_brand":[],"product_cat":[188,1115,957],"product_tag":[],"class_list":{"0":"post-260520","1":"product","2":"type-product","3":"status-publish","4":"has-post-thumbnail","6":"product_cat-freelancer","7":"product_cat-stockholm","8":"product_cat-sweden","9":"desktop-align-left","10":"tablet-align-left","11":"mobile-align-left","13":"first","14":"instock","15":"shipping-taxable","16":"product-type-simple"},"_links":{"self":[{"href":"https:\/\/poccky.com\/index.php\/wp-json\/wp\/v2\/product\/260520","targetHints":{"allow":["GET"]}}],"collection":[{"href":"https:\/\/poccky.com\/index.php\/wp-json\/wp\/v2\/product"}],"about":[{"href":"https:\/\/poccky.com\/index.php\/wp-json\/wp\/v2\/types\/product"}],"replies":[{"embeddable":true,"href":"https:\/\/poccky.com\/index.php\/wp-json\/wp\/v2\/comments?post=260520"}],"wp:featuredmedia":[{"embeddable":true,"href":"https:\/\/poccky.com\/index.php\/wp-json\/wp\/v2\/media\/89778"}],"wp:attachment":[{"href":"https:\/\/poccky.com\/index.php\/wp-json\/wp\/v2\/media?parent=260520"}],"wp:term":[{"taxonomy":"product_brand","embeddable":true,"href":"https:\/\/poccky.com\/index.php\/wp-json\/wp\/v2\/product_brand?post=260520"},{"taxonomy":"product_cat","embeddable":true,"href":"https:\/\/poccky.com\/index.php\/wp-json\/wp\/v2\/product_cat?post=260520"},{"taxonomy":"product_tag","embeddable":true,"href":"https:\/\/poccky.com\/index.php\/wp-json\/wp\/v2\/product_tag?post=260520"}],"curies":[{"name":"wp","href":"https:\/\/api.w.org\/{rel}","templated":true}]}}