{"id":260501,"date":"2023-10-28T10:02:17","date_gmt":"2023-10-28T10:02:17","guid":{"rendered":"https:\/\/poccky.com\/?post_type=product&#038;p=260501"},"modified":"2023-10-28T10:02:25","modified_gmt":"2023-10-28T10:02:25","slug":"claudia-7","status":"publish","type":"product","link":"https:\/\/poccky.com\/index.php\/product\/claudia-7\/","title":{"rendered":"Claudia"},"content":{"rendered":"","protected":false},"excerpt":{"rendered":"<p>Je suis Claudia une escort de haut standing disponible sur Paris.<br \/>\nJe repr\u00e9sente la typique parisienne chic et glamour pour vous accompagner dans vos sorties ou des week-ends.<\/p>\n<p>Je suis ce qu&#8217;on appelle une escort occasionnelle. je rencontre tr\u00e8s peu d&#8217;hommes . uniquement des gentlemans tr\u00e8s respectueux de bonne \u00e9ducation. capable d&#8217;appr\u00e9cier ma beaut\u00e9 et ma compagnie a sa juste valeur.<\/p>\n<p>J&#8217;aime la sobri\u00e9t\u00e9. la classe et l&#8217;\u00e9l\u00e9gance en toute circonstance.<\/p>\n<p>Je suis une femme d&#8217;allure sexy mais jamais vulgaire . pulpeuse naturelle et surtout ind\u00e9pendante<\/p>\n<p>Je ne laisse jamais la gent masculine indiff\u00e9rente<br \/>\nJ&#8217;ai une longue chevelure noir de jaie. des yeux de biche. un petit nez et une bouche gourmande \u00e0 croquer<br \/>\nUn sourire ravageur. on me dit d&#8217;ailleurs souvent que mon sourire est mon plus bel atout.<\/p>\n<p>D\u2019une grande beaut\u00e9. je plais \u00e9norm\u00e9ment aux hommes en qu\u00eate de beaut\u00e9 vraie.<br \/>\nR\u00e9serv\u00e9e mais ardente. je suis le feu sous la glace\u2026<\/p>\n<p>J&#8217;aime bien entendue le luxe. les beaux endroits et les belles choses profiter de la vie en compagnies d&#8217; hommes de bons go\u00fbts. g\u00e9n\u00e9reux avec qui je pourrais appr\u00e9cier des moments de d\u00e9tente et plaisirs partager&#8230; My details Below mentioned<\/p>\n<p>                Nationality:<br \/>\n                french <\/p>\n<p>                Languages:<br \/>\n                english. french<\/p>\n<p>                Age:<br \/>\n                22<\/p>\n<p>                Height:<br \/>\n                170<\/p>\n<p>                Weight:<br \/>\n                52<\/p>\n<p>                Hair:<br \/>\n                black<\/p>\n<p>                Eyes:<br \/>\n                brown<\/p>\n<p>                Measurements:<br \/>\n                90\/60\/90<\/p>\n","protected":false},"featured_media":89144,"comment_status":"open","ping_status":"closed","template":"","meta":{"site-sidebar-layout":"default","site-content-layout":"","ast-site-content-layout":"","site-content-style":"default","site-sidebar-style":"default","ast-global-header-display":"","ast-banner-title-visibility":"","ast-main-header-display":"","ast-hfb-above-header-display":"","ast-hfb-below-header-display":"","ast-hfb-mobile-header-display":"","site-post-title":"","ast-breadcrumbs-content":"","ast-featured-img":"","footer-sml-layout":"","theme-transparent-header-meta":"","adv-header-id-meta":"","stick-header-meta":"","header-above-stick-meta":"","header-main-stick-meta":"","header-below-stick-meta":"","astra-migrate-meta-layouts":"default","ast-page-background-enabled":"default","ast-page-background-meta":{"desktop":{"background-color":"var(--ast-global-color-4)","background-image":"","background-repeat":"repeat","background-position":"center center","background-size":"auto","background-attachment":"scroll","background-type":"","background-media":"","overlay-type":"","overlay-color":"","overlay-opacity":"","overlay-gradient":""},"tablet":{"background-color":"","background-image":"","background-repeat":"repeat","background-position":"center center","background-size":"auto","background-attachment":"scroll","background-type":"","background-media":"","overlay-type":"","overlay-color":"","overlay-opacity":"","overlay-gradient":""},"mobile":{"background-color":"","background-image":"","background-repeat":"repeat","background-position":"center center","background-size":"auto","background-attachment":"scroll","background-type":"","background-media":"","overlay-type":"","overlay-color":"","overlay-opacity":"","overlay-gradient":""}},"ast-content-background-meta":{"desktop":{"background-color":"var(--ast-global-color-5)","background-image":"","background-repeat":"repeat","background-position":"center center","background-size":"auto","background-attachment":"scroll","background-type":"","background-media":"","overlay-type":"","overlay-color":"","overlay-opacity":"","overlay-gradient":""},"tablet":{"background-color":"var(--ast-global-color-5)","background-image":"","background-repeat":"repeat","background-position":"center center","background-size":"auto","background-attachment":"scroll","background-type":"","background-media":"","overlay-type":"","overlay-color":"","overlay-opacity":"","overlay-gradient":""},"mobile":{"background-color":"var(--ast-global-color-5)","background-image":"","background-repeat":"repeat","background-position":"center center","background-size":"auto","background-attachment":"scroll","background-type":"","background-media":"","overlay-type":"","overlay-color":"","overlay-opacity":"","overlay-gradient":""}}},"product_brand":[],"product_cat":[244,188,1118],"product_tag":[],"class_list":{"0":"post-260501","1":"product","2":"type-product","3":"status-publish","4":"has-post-thumbnail","6":"product_cat-france","7":"product_cat-freelancer","8":"product_cat-paris","9":"desktop-align-left","10":"tablet-align-left","11":"mobile-align-left","13":"first","14":"instock","15":"shipping-taxable","16":"product-type-simple"},"_links":{"self":[{"href":"https:\/\/poccky.com\/index.php\/wp-json\/wp\/v2\/product\/260501","targetHints":{"allow":["GET"]}}],"collection":[{"href":"https:\/\/poccky.com\/index.php\/wp-json\/wp\/v2\/product"}],"about":[{"href":"https:\/\/poccky.com\/index.php\/wp-json\/wp\/v2\/types\/product"}],"replies":[{"embeddable":true,"href":"https:\/\/poccky.com\/index.php\/wp-json\/wp\/v2\/comments?post=260501"}],"wp:featuredmedia":[{"embeddable":true,"href":"https:\/\/poccky.com\/index.php\/wp-json\/wp\/v2\/media\/89144"}],"wp:attachment":[{"href":"https:\/\/poccky.com\/index.php\/wp-json\/wp\/v2\/media?parent=260501"}],"wp:term":[{"taxonomy":"product_brand","embeddable":true,"href":"https:\/\/poccky.com\/index.php\/wp-json\/wp\/v2\/product_brand?post=260501"},{"taxonomy":"product_cat","embeddable":true,"href":"https:\/\/poccky.com\/index.php\/wp-json\/wp\/v2\/product_cat?post=260501"},{"taxonomy":"product_tag","embeddable":true,"href":"https:\/\/poccky.com\/index.php\/wp-json\/wp\/v2\/product_tag?post=260501"}],"curies":[{"name":"wp","href":"https:\/\/api.w.org\/{rel}","templated":true}]}}