{"id":260431,"date":"2023-10-28T09:54:10","date_gmt":"2023-10-28T09:54:10","guid":{"rendered":"https:\/\/poccky.com\/?post_type=product&#038;p=260431"},"modified":"2023-10-28T09:54:15","modified_gmt":"2023-10-28T09:54:15","slug":"gina_french-luxury-escort","status":"publish","type":"product","link":"https:\/\/poccky.com\/index.php\/product\/gina_french-luxury-escort\/","title":{"rendered":"Gina_French Luxury Escort"},"content":{"rendered":"","protected":false},"excerpt":{"rendered":"<p>Dear gentleman. I&#8217;m Gina. High class escort with soft and fragrant skin. I&#8217;m always dress so pretty and elegant. You also appreciate my personality and my refinement.<br \/>\nI only meet couteous and well-educated mens.<br \/>\nCher gentleman.je suis Gina. une escorte haut de gamme \u00e0 la peau douce et parfum\u00e9e. toujours v\u00e9tue de mani\u00e8re f\u00e9minine et \u00e9l\u00e9gante.j&#8217;adore la lingerie fine.les jolies robes et les talons hauts(Louboutin).<br \/>\nVous appr\u00e9cierez \u00e9galement ma personnalit\u00e9.mon savoir vivre et mon raffinement.<br \/>\nJe suis s\u00e9l\u00e9ctive et ne rencontre que des hommes courtois et bien \u00e9duqu\u00e9s.<br \/>\nJe vous embrasse My details Below mentioned<\/p>\n<p>                Nationality:<br \/>\n                french <\/p>\n<p>                Languages:<br \/>\n                fran\u00e7ais. english<\/p>\n<p>                Age:<br \/>\n                22<\/p>\n<p>                Height:<br \/>\n                170<\/p>\n<p>                Weight:<br \/>\n                57<\/p>\n<p>                Hair:<br \/>\n                long blond<\/p>\n<p>                Eyes:<br \/>\n                brown<\/p>\n<p>                Measurements:<br \/>\n                95-65-95phone_android Phone:<br \/>\n          0666187567<\/p>\n","protected":false},"featured_media":87762,"comment_status":"open","ping_status":"closed","template":"","meta":{"site-sidebar-layout":"default","site-content-layout":"","ast-site-content-layout":"","site-content-style":"default","site-sidebar-style":"default","ast-global-header-display":"","ast-banner-title-visibility":"","ast-main-header-display":"","ast-hfb-above-header-display":"","ast-hfb-below-header-display":"","ast-hfb-mobile-header-display":"","site-post-title":"","ast-breadcrumbs-content":"","ast-featured-img":"","footer-sml-layout":"","theme-transparent-header-meta":"","adv-header-id-meta":"","stick-header-meta":"","header-above-stick-meta":"","header-main-stick-meta":"","header-below-stick-meta":"","astra-migrate-meta-layouts":"default","ast-page-background-enabled":"default","ast-page-background-meta":{"desktop":{"background-color":"var(--ast-global-color-4)","background-image":"","background-repeat":"repeat","background-position":"center center","background-size":"auto","background-attachment":"scroll","background-type":"","background-media":"","overlay-type":"","overlay-color":"","overlay-opacity":"","overlay-gradient":""},"tablet":{"background-color":"","background-image":"","background-repeat":"repeat","background-position":"center center","background-size":"auto","background-attachment":"scroll","background-type":"","background-media":"","overlay-type":"","overlay-color":"","overlay-opacity":"","overlay-gradient":""},"mobile":{"background-color":"","background-image":"","background-repeat":"repeat","background-position":"center center","background-size":"auto","background-attachment":"scroll","background-type":"","background-media":"","overlay-type":"","overlay-color":"","overlay-opacity":"","overlay-gradient":""}},"ast-content-background-meta":{"desktop":{"background-color":"var(--ast-global-color-5)","background-image":"","background-repeat":"repeat","background-position":"center center","background-size":"auto","background-attachment":"scroll","background-type":"","background-media":"","overlay-type":"","overlay-color":"","overlay-opacity":"","overlay-gradient":""},"tablet":{"background-color":"var(--ast-global-color-5)","background-image":"","background-repeat":"repeat","background-position":"center center","background-size":"auto","background-attachment":"scroll","background-type":"","background-media":"","overlay-type":"","overlay-color":"","overlay-opacity":"","overlay-gradient":""},"mobile":{"background-color":"var(--ast-global-color-5)","background-image":"","background-repeat":"repeat","background-position":"center center","background-size":"auto","background-attachment":"scroll","background-type":"","background-media":"","overlay-type":"","overlay-color":"","overlay-opacity":"","overlay-gradient":""}}},"product_brand":[],"product_cat":[188,911,1119],"product_tag":[],"class_list":{"0":"post-260431","1":"product","2":"type-product","3":"status-publish","4":"has-post-thumbnail","6":"product_cat-freelancer","7":"product_cat-monaco","8":"product_cat-monte-carlo","9":"desktop-align-left","10":"tablet-align-left","11":"mobile-align-left","13":"first","14":"instock","15":"shipping-taxable","16":"product-type-simple"},"_links":{"self":[{"href":"https:\/\/poccky.com\/index.php\/wp-json\/wp\/v2\/product\/260431","targetHints":{"allow":["GET"]}}],"collection":[{"href":"https:\/\/poccky.com\/index.php\/wp-json\/wp\/v2\/product"}],"about":[{"href":"https:\/\/poccky.com\/index.php\/wp-json\/wp\/v2\/types\/product"}],"replies":[{"embeddable":true,"href":"https:\/\/poccky.com\/index.php\/wp-json\/wp\/v2\/comments?post=260431"}],"wp:featuredmedia":[{"embeddable":true,"href":"https:\/\/poccky.com\/index.php\/wp-json\/wp\/v2\/media\/87762"}],"wp:attachment":[{"href":"https:\/\/poccky.com\/index.php\/wp-json\/wp\/v2\/media?parent=260431"}],"wp:term":[{"taxonomy":"product_brand","embeddable":true,"href":"https:\/\/poccky.com\/index.php\/wp-json\/wp\/v2\/product_brand?post=260431"},{"taxonomy":"product_cat","embeddable":true,"href":"https:\/\/poccky.com\/index.php\/wp-json\/wp\/v2\/product_cat?post=260431"},{"taxonomy":"product_tag","embeddable":true,"href":"https:\/\/poccky.com\/index.php\/wp-json\/wp\/v2\/product_tag?post=260431"}],"curies":[{"name":"wp","href":"https:\/\/api.w.org\/{rel}","templated":true}]}}