{"id":260215,"date":"2023-10-28T09:28:01","date_gmt":"2023-10-28T09:28:01","guid":{"rendered":"https:\/\/poccky.com\/?post_type=product&#038;p=260215"},"modified":"2023-10-28T09:28:08","modified_gmt":"2023-10-28T09:28:08","slug":"anessa-elite-model","status":"publish","type":"product","link":"https:\/\/poccky.com\/index.php\/product\/anessa-elite-model\/","title":{"rendered":"ANESSA ELITE MODEL"},"content":{"rendered":"","protected":false},"excerpt":{"rendered":"<p>Je suis Anessa. une parisienne d&#8217;adoption de 28ans. 1m76 de taille pour \u00e0 peine plus d&#8217;une cinquantaine k.G une belle poitrine de 90C pour g\u00e2ter les plus gourmands entre vous!<\/p>\n<p>Je me plais d&#8217;\u00eatre en compagnie de parfaits gentlemen. Ceux qui savent me choyer. me combler. me g\u00e2ter. Ceux qui savent se montrer g\u00e9n\u00e9reux. d\u00e9licat. passionn\u00e9&#8230; Si vous en faites partie. soyez s\u00fbr que je saurais vous montrer digne de votre attention.<\/p>\n<p>Avant tout. je vous invite de prendre un peu de votre temps pour visiter mon site. il vous permettra de mieux me conna\u00eetre. sachez que je suis. moi aussi. impatiente de faire votre connaissance My details Below mentioned<\/p>\n<p>                Languages:<br \/>\n                english.  french<\/p>\n<p>                Age:<br \/>\n                28<\/p>\n<p>                Height:<br \/>\n                176<\/p>\n<p>                Weight:<br \/>\n                58<\/p>\n<p>                Hair:<br \/>\n                long blonde<\/p>\n<p>                Eyes:<br \/>\n                green<\/p>\n<p>                Measurements:<br \/>\n                92C-60-90<\/p>\n","protected":false},"featured_media":87686,"comment_status":"open","ping_status":"closed","template":"","meta":{"site-sidebar-layout":"default","site-content-layout":"","ast-site-content-layout":"","site-content-style":"default","site-sidebar-style":"default","ast-global-header-display":"","ast-banner-title-visibility":"","ast-main-header-display":"","ast-hfb-above-header-display":"","ast-hfb-below-header-display":"","ast-hfb-mobile-header-display":"","site-post-title":"","ast-breadcrumbs-content":"","ast-featured-img":"","footer-sml-layout":"","theme-transparent-header-meta":"","adv-header-id-meta":"","stick-header-meta":"","header-above-stick-meta":"","header-main-stick-meta":"","header-below-stick-meta":"","astra-migrate-meta-layouts":"default","ast-page-background-enabled":"default","ast-page-background-meta":{"desktop":{"background-color":"var(--ast-global-color-4)","background-image":"","background-repeat":"repeat","background-position":"center center","background-size":"auto","background-attachment":"scroll","background-type":"","background-media":"","overlay-type":"","overlay-color":"","overlay-opacity":"","overlay-gradient":""},"tablet":{"background-color":"","background-image":"","background-repeat":"repeat","background-position":"center center","background-size":"auto","background-attachment":"scroll","background-type":"","background-media":"","overlay-type":"","overlay-color":"","overlay-opacity":"","overlay-gradient":""},"mobile":{"background-color":"","background-image":"","background-repeat":"repeat","background-position":"center center","background-size":"auto","background-attachment":"scroll","background-type":"","background-media":"","overlay-type":"","overlay-color":"","overlay-opacity":"","overlay-gradient":""}},"ast-content-background-meta":{"desktop":{"background-color":"var(--ast-global-color-5)","background-image":"","background-repeat":"repeat","background-position":"center center","background-size":"auto","background-attachment":"scroll","background-type":"","background-media":"","overlay-type":"","overlay-color":"","overlay-opacity":"","overlay-gradient":""},"tablet":{"background-color":"var(--ast-global-color-5)","background-image":"","background-repeat":"repeat","background-position":"center center","background-size":"auto","background-attachment":"scroll","background-type":"","background-media":"","overlay-type":"","overlay-color":"","overlay-opacity":"","overlay-gradient":""},"mobile":{"background-color":"var(--ast-global-color-5)","background-image":"","background-repeat":"repeat","background-position":"center center","background-size":"auto","background-attachment":"scroll","background-type":"","background-media":"","overlay-type":"","overlay-color":"","overlay-opacity":"","overlay-gradient":""}}},"product_brand":[],"product_cat":[244,188,1118],"product_tag":[],"class_list":{"0":"post-260215","1":"product","2":"type-product","3":"status-publish","4":"has-post-thumbnail","6":"product_cat-france","7":"product_cat-freelancer","8":"product_cat-paris","9":"desktop-align-left","10":"tablet-align-left","11":"mobile-align-left","13":"first","14":"instock","15":"shipping-taxable","16":"product-type-simple"},"_links":{"self":[{"href":"https:\/\/poccky.com\/index.php\/wp-json\/wp\/v2\/product\/260215","targetHints":{"allow":["GET"]}}],"collection":[{"href":"https:\/\/poccky.com\/index.php\/wp-json\/wp\/v2\/product"}],"about":[{"href":"https:\/\/poccky.com\/index.php\/wp-json\/wp\/v2\/types\/product"}],"replies":[{"embeddable":true,"href":"https:\/\/poccky.com\/index.php\/wp-json\/wp\/v2\/comments?post=260215"}],"wp:featuredmedia":[{"embeddable":true,"href":"https:\/\/poccky.com\/index.php\/wp-json\/wp\/v2\/media\/87686"}],"wp:attachment":[{"href":"https:\/\/poccky.com\/index.php\/wp-json\/wp\/v2\/media?parent=260215"}],"wp:term":[{"taxonomy":"product_brand","embeddable":true,"href":"https:\/\/poccky.com\/index.php\/wp-json\/wp\/v2\/product_brand?post=260215"},{"taxonomy":"product_cat","embeddable":true,"href":"https:\/\/poccky.com\/index.php\/wp-json\/wp\/v2\/product_cat?post=260215"},{"taxonomy":"product_tag","embeddable":true,"href":"https:\/\/poccky.com\/index.php\/wp-json\/wp\/v2\/product_tag?post=260215"}],"curies":[{"name":"wp","href":"https:\/\/api.w.org\/{rel}","templated":true}]}}