{"id":260091,"date":"2023-10-28T09:13:29","date_gmt":"2023-10-28T09:13:29","guid":{"rendered":"https:\/\/poccky.com\/?post_type=product&#038;p=260091"},"modified":"2023-10-28T09:13:32","modified_gmt":"2023-10-28T09:13:32","slug":"paula-latina","status":"publish","type":"product","link":"https:\/\/poccky.com\/index.php\/product\/paula-latina\/","title":{"rendered":"Paula Latina"},"content":{"rendered":"","protected":false},"excerpt":{"rendered":"<p>Hej. du h\u00e4rlige \u00e4ldre man.<\/p>\n<p>H\u00e4r har du en sp\u00e4nnande. v\u00e4nlig och exotisk kurtisan som g\u00f6r sitt yttersta f\u00f6r att du ska koppla av och k\u00e4nna dig h\u00e4rligt omh\u00e4ndertagen. Har detta som en bisyssla till mina studier.<\/p>\n<p>Jag \u00e4r en mycket sensuell kvinna p\u00e5 28 \u00e5r med r\u00f6tter i sydamerika. \u00c4r dock f\u00f6dd i Sverige och talar d\u00e4rmed flytande svenska och mycket god engelska.<\/p>\n<p>Jag har en l\u00e4tt mullig kropp. men med fasta v\u00e4lsvarvade kurvor och fantastiska. naturliga (men fasta) br\u00f6st i storlek D. (Obs att jag \u00e4r lite mulli.G inte ngn plus size tjej). Jag har ett vackert ansikte med bruna r\u00e5ddjurs\u00f6gon. fylliga l\u00e4ppar och l\u00e5ngt. v\u00e5gigt svart h\u00e5r. \u00c4r 1.70 cm.<\/p>\n<p>Har alltid varit mycket sexuell och t\u00e4nt p\u00e5 uppl\u00e4gg som k\u00e4nns lite f\u00f6rbjudna. D\u00e4rf\u00f6r har jag l\u00e4tt f\u00f6r att koppla av vid den h\u00e4r typen av m\u00f6ten och blir uppriktigt k\u00e5t och mycket bl\u00f6t under en date.<\/p>\n<p>Jag har valt att bara tr\u00e4ffa nordiska m\u00e4n som \u00e4r 45 \u00e5r eller \u00e4ldre. Har m\u00f6jlighet till outcalls fr\u00e4mst.<\/p>\n<p>Mina priser \u00e4r:<br \/>\n2500 kr f\u00f6r en timme<br \/>\n4000 kr f\u00f6r tv\u00e5 timmar<br \/>\n9000 kr f\u00f6r en natt<\/p>\n<p>Du kontaktar mig genom att skicka ett mejl d\u00e4r du ber\u00e4ttar lite kort om dig sj\u00e4lv. uppger din \u00e5lder samt dina \u00f6nskem\u00e5l inf\u00f6r en tr\u00e4ff med mig.<\/p>\n<p>Min mail \u00e4r : latina.sthlm.hotmail.com<\/p>\n<p>Diskretion \u00e4r f\u00f6rst\u00e5s av st\u00f6rsta vikt f\u00f6r b\u00e4gge parter. Ser verkligen fram emot att f\u00e5 ta hand om dig .)<\/p>\n<p>Kram<br \/>\nPaula My details Below mentioned<\/p>\n<p>                Nationality:<br \/>\n                Sydamerikan <\/p>\n<p>                Languages:<br \/>\n                Swedish.  English<\/p>\n<p>                Age:<br \/>\n                29<\/p>\n<p>                Height:<br \/>\n                1.70<\/p>\n<p>                Weight:<br \/>\n                77<\/p>\n<p>                Hair:<br \/>\n                Lon.G black<\/p>\n<p>                Eyes:<br \/>\n                Brown<\/p>\n","protected":false},"featured_media":99274,"comment_status":"open","ping_status":"closed","template":"","meta":{"site-sidebar-layout":"default","site-content-layout":"","ast-site-content-layout":"","site-content-style":"default","site-sidebar-style":"default","ast-global-header-display":"","ast-banner-title-visibility":"","ast-main-header-display":"","ast-hfb-above-header-display":"","ast-hfb-below-header-display":"","ast-hfb-mobile-header-display":"","site-post-title":"","ast-breadcrumbs-content":"","ast-featured-img":"","footer-sml-layout":"","theme-transparent-header-meta":"","adv-header-id-meta":"","stick-header-meta":"","header-above-stick-meta":"","header-main-stick-meta":"","header-below-stick-meta":"","astra-migrate-meta-layouts":"default","ast-page-background-enabled":"default","ast-page-background-meta":{"desktop":{"background-color":"var(--ast-global-color-4)","background-image":"","background-repeat":"repeat","background-position":"center center","background-size":"auto","background-attachment":"scroll","background-type":"","background-media":"","overlay-type":"","overlay-color":"","overlay-opacity":"","overlay-gradient":""},"tablet":{"background-color":"","background-image":"","background-repeat":"repeat","background-position":"center center","background-size":"auto","background-attachment":"scroll","background-type":"","background-media":"","overlay-type":"","overlay-color":"","overlay-opacity":"","overlay-gradient":""},"mobile":{"background-color":"","background-image":"","background-repeat":"repeat","background-position":"center center","background-size":"auto","background-attachment":"scroll","background-type":"","background-media":"","overlay-type":"","overlay-color":"","overlay-opacity":"","overlay-gradient":""}},"ast-content-background-meta":{"desktop":{"background-color":"var(--ast-global-color-5)","background-image":"","background-repeat":"repeat","background-position":"center center","background-size":"auto","background-attachment":"scroll","background-type":"","background-media":"","overlay-type":"","overlay-color":"","overlay-opacity":"","overlay-gradient":""},"tablet":{"background-color":"var(--ast-global-color-5)","background-image":"","background-repeat":"repeat","background-position":"center center","background-size":"auto","background-attachment":"scroll","background-type":"","background-media":"","overlay-type":"","overlay-color":"","overlay-opacity":"","overlay-gradient":""},"mobile":{"background-color":"var(--ast-global-color-5)","background-image":"","background-repeat":"repeat","background-position":"center center","background-size":"auto","background-attachment":"scroll","background-type":"","background-media":"","overlay-type":"","overlay-color":"","overlay-opacity":"","overlay-gradient":""}}},"product_brand":[],"product_cat":[188,1115,957],"product_tag":[],"class_list":{"0":"post-260091","1":"product","2":"type-product","3":"status-publish","4":"has-post-thumbnail","6":"product_cat-freelancer","7":"product_cat-stockholm","8":"product_cat-sweden","9":"desktop-align-left","10":"tablet-align-left","11":"mobile-align-left","13":"first","14":"instock","15":"shipping-taxable","16":"product-type-simple"},"_links":{"self":[{"href":"https:\/\/poccky.com\/index.php\/wp-json\/wp\/v2\/product\/260091","targetHints":{"allow":["GET"]}}],"collection":[{"href":"https:\/\/poccky.com\/index.php\/wp-json\/wp\/v2\/product"}],"about":[{"href":"https:\/\/poccky.com\/index.php\/wp-json\/wp\/v2\/types\/product"}],"replies":[{"embeddable":true,"href":"https:\/\/poccky.com\/index.php\/wp-json\/wp\/v2\/comments?post=260091"}],"wp:featuredmedia":[{"embeddable":true,"href":"https:\/\/poccky.com\/index.php\/wp-json\/wp\/v2\/media\/99274"}],"wp:attachment":[{"href":"https:\/\/poccky.com\/index.php\/wp-json\/wp\/v2\/media?parent=260091"}],"wp:term":[{"taxonomy":"product_brand","embeddable":true,"href":"https:\/\/poccky.com\/index.php\/wp-json\/wp\/v2\/product_brand?post=260091"},{"taxonomy":"product_cat","embeddable":true,"href":"https:\/\/poccky.com\/index.php\/wp-json\/wp\/v2\/product_cat?post=260091"},{"taxonomy":"product_tag","embeddable":true,"href":"https:\/\/poccky.com\/index.php\/wp-json\/wp\/v2\/product_tag?post=260091"}],"curies":[{"name":"wp","href":"https:\/\/api.w.org\/{rel}","templated":true}]}}