{"id":260008,"date":"2023-10-28T09:03:43","date_gmt":"2023-10-28T09:03:43","guid":{"rendered":"https:\/\/poccky.com\/?post_type=product&#038;p=260008"},"modified":"2023-10-28T09:03:50","modified_gmt":"2023-10-28T09:03:50","slug":"alina-43","status":"publish","type":"product","link":"https:\/\/poccky.com\/index.php\/product\/alina-43\/","title":{"rendered":"Alina"},"content":{"rendered":"","protected":false},"excerpt":{"rendered":"<p>Ich bin Alina. 24 Jahre jun.G 164cm gro\u00df. trage Konfektion 32 und habe eine s\u00fc\u00dfe Oberweite von B. Ich bin noch jun.G daher noch etwas sch\u00fcchtern. aber ein Besuch bei mir lohnt sich wirklich absolut. Es erwartet Dich Girlfriendsex von der sch\u00f6nsten Art. Schmusen. kuscheln. mit einem sch\u00f6nen Franz\u00f6sisch als Vorspiel und dann GV in seinen sch\u00f6nsten Variationen. Ich lasse da wirklich keine W\u00fcnsche offen. Also. lass Dir nicht zu viel Zeit. nimm mich. solange ich noch unerfahren und unverdorben bin. Du wirst dieses wunderbare Erlebnis nie vergessen. Ruf mich am besten gleich an und vereinbare Dein Termin bei mir. ich freue mich auf Deinen Besuch.<br \/>\nPreise:<br \/>\nEmpfang:<br \/>\n1 Std. . 100 \u20ac<br \/>\n2 Std. . 200 \u20ac<br \/>\n3 Std. . 280 \u20ac<br \/>\nHaus- und Hotelbesuche:<br \/>\n1 Std. . 120 \u20ac<br \/>\n2 Std. . 240 \u20ac<br \/>\n3 Std. . 320 \u20ac<br \/>\nMein Service :<br \/>\n?kuscheln<br \/>\n?Streicheln<br \/>\n?K\u00fcsse auf den K\u00f6rper aktiv<br \/>\n?K\u00fcsse auf den K\u00f6rper passiv<br \/>\n?Franz. beidseitig<br \/>\n?Entspannter Badespa\u00df<br \/>\n?Duschspiele<br \/>\n?Body-to-Body-Massagen<br \/>\n?\u00d6lmassagen<br \/>\n?Erotische Massagen<br \/>\n?Massagen mit Happy-end Garantie<br \/>\n?Sinnliche und entspannende Massagen<br \/>\n?Verkehr (nat\u00fcrlich mit Schutz)<br \/>\n?franz\u00f6sisch ohne<br \/>\n?Verbalerotik<br \/>\n?Dessous<br \/>\n?High Heels<br \/>\n?Rollenspiele<br \/>\n?Fu\u00dferotik<br \/>\n??Meine Tabus??<br \/>\n? GV ohne Schutz!<br \/>\n? AV<br \/>\n? KV<br \/>\n? NS<br \/>\n? Schlucken<br \/>\n? Schmerzen<br \/>\nTel. 015166073874<br \/>\nIch freu mich auf Dich.<br \/>\nLiebe Gr\u00fc\u00dfe.<br \/>\nAlina? My details Below mentioned<\/p>\n<p>                Languages:<br \/>\n                Deutsch .  English<\/p>\n<p>                Age:<br \/>\n                23<\/p>\n<p>                Height:<br \/>\n                164<\/p>\n<p>                Weight:<br \/>\n                50phone_android Phone:<br \/>\n          015166073874<\/p>\n","protected":false},"featured_media":87572,"comment_status":"open","ping_status":"closed","template":"","meta":{"site-sidebar-layout":"default","site-content-layout":"","ast-site-content-layout":"","site-content-style":"default","site-sidebar-style":"default","ast-global-header-display":"","ast-banner-title-visibility":"","ast-main-header-display":"","ast-hfb-above-header-display":"","ast-hfb-below-header-display":"","ast-hfb-mobile-header-display":"","site-post-title":"","ast-breadcrumbs-content":"","ast-featured-img":"","footer-sml-layout":"","theme-transparent-header-meta":"","adv-header-id-meta":"","stick-header-meta":"","header-above-stick-meta":"","header-main-stick-meta":"","header-below-stick-meta":"","astra-migrate-meta-layouts":"default","ast-page-background-enabled":"default","ast-page-background-meta":{"desktop":{"background-color":"var(--ast-global-color-4)","background-image":"","background-repeat":"repeat","background-position":"center center","background-size":"auto","background-attachment":"scroll","background-type":"","background-media":"","overlay-type":"","overlay-color":"","overlay-opacity":"","overlay-gradient":""},"tablet":{"background-color":"","background-image":"","background-repeat":"repeat","background-position":"center center","background-size":"auto","background-attachment":"scroll","background-type":"","background-media":"","overlay-type":"","overlay-color":"","overlay-opacity":"","overlay-gradient":""},"mobile":{"background-color":"","background-image":"","background-repeat":"repeat","background-position":"center center","background-size":"auto","background-attachment":"scroll","background-type":"","background-media":"","overlay-type":"","overlay-color":"","overlay-opacity":"","overlay-gradient":""}},"ast-content-background-meta":{"desktop":{"background-color":"var(--ast-global-color-5)","background-image":"","background-repeat":"repeat","background-position":"center center","background-size":"auto","background-attachment":"scroll","background-type":"","background-media":"","overlay-type":"","overlay-color":"","overlay-opacity":"","overlay-gradient":""},"tablet":{"background-color":"var(--ast-global-color-5)","background-image":"","background-repeat":"repeat","background-position":"center center","background-size":"auto","background-attachment":"scroll","background-type":"","background-media":"","overlay-type":"","overlay-color":"","overlay-opacity":"","overlay-gradient":""},"mobile":{"background-color":"var(--ast-global-color-5)","background-image":"","background-repeat":"repeat","background-position":"center center","background-size":"auto","background-attachment":"scroll","background-type":"","background-media":"","overlay-type":"","overlay-color":"","overlay-opacity":"","overlay-gradient":""}}},"product_brand":[],"product_cat":[996,188,811],"product_tag":[],"class_list":{"0":"post-260008","1":"product","2":"type-product","3":"status-publish","4":"has-post-thumbnail","6":"product_cat-berlin","7":"product_cat-freelancer","8":"product_cat-germany","9":"desktop-align-left","10":"tablet-align-left","11":"mobile-align-left","13":"first","14":"instock","15":"shipping-taxable","16":"product-type-simple"},"_links":{"self":[{"href":"https:\/\/poccky.com\/index.php\/wp-json\/wp\/v2\/product\/260008","targetHints":{"allow":["GET"]}}],"collection":[{"href":"https:\/\/poccky.com\/index.php\/wp-json\/wp\/v2\/product"}],"about":[{"href":"https:\/\/poccky.com\/index.php\/wp-json\/wp\/v2\/types\/product"}],"replies":[{"embeddable":true,"href":"https:\/\/poccky.com\/index.php\/wp-json\/wp\/v2\/comments?post=260008"}],"wp:featuredmedia":[{"embeddable":true,"href":"https:\/\/poccky.com\/index.php\/wp-json\/wp\/v2\/media\/87572"}],"wp:attachment":[{"href":"https:\/\/poccky.com\/index.php\/wp-json\/wp\/v2\/media?parent=260008"}],"wp:term":[{"taxonomy":"product_brand","embeddable":true,"href":"https:\/\/poccky.com\/index.php\/wp-json\/wp\/v2\/product_brand?post=260008"},{"taxonomy":"product_cat","embeddable":true,"href":"https:\/\/poccky.com\/index.php\/wp-json\/wp\/v2\/product_cat?post=260008"},{"taxonomy":"product_tag","embeddable":true,"href":"https:\/\/poccky.com\/index.php\/wp-json\/wp\/v2\/product_tag?post=260008"}],"curies":[{"name":"wp","href":"https:\/\/api.w.org\/{rel}","templated":true}]}}