{"id":259974,"date":"2023-10-28T08:59:32","date_gmt":"2023-10-28T08:59:32","guid":{"rendered":"https:\/\/poccky.com\/?post_type=product&#038;p=259974"},"modified":"2023-10-28T08:59:33","modified_gmt":"2023-10-28T08:59:33","slug":"zeb-male-escort-for-women-in-stockholm","status":"publish","type":"product","link":"https:\/\/poccky.com\/index.php\/product\/zeb-male-escort-for-women-in-stockholm\/","title":{"rendered":"Zeb Male Escort For Women In Stockholm"},"content":{"rendered":"","protected":false},"excerpt":{"rendered":"<p>Charming and discreet male escort for girls\/women in Stockholm. Home visits or hotel.<\/p>\n<p>I am a 28 year old Swedish man. physically fit. discreet male escort offering my services to woman\/girls of any age. Maybe you don&#8217;t have the time to date men. looking for an exciting addition to your relationship or just looking for a really relaxing moment full of pleasure. I also help couples who wish to re-ignite their relationship and try something new.<\/p>\n<p>My name is Zebastian. or just Zeb. I am a masculine. confident. handsome. charming and discreet man offering my services to women. I am 198 cm tall with a slim fit body. short cropped hair. a nice infectious smile. and good looks. I speak English fluently.<\/p>\n<p>Read more at www.zebescort.com<\/p>\n<p>Charmig och diskret manlig eskort f\u00f6r kvinnor\/tjejer i Stockholm. Hembes\u00f6k eller hotell.<\/p>\n<p>Jag \u00e4r en svensk man p\u00e5 28 \u00e5r. v\u00e4ltr\u00e4nad. diskret. manlig eskort och v\u00e4nder mig till dig kvinna\/tjej oavsett \u00e5lder. Du kanske saknar tid att vara ute och leta efter en man. s\u00f6ker ett sp\u00e4nnande komplement eller bara en riktigt sk\u00f6n avslappnande stund av njutning. Jag hj\u00e4lper \u00e4ven par som \u00f6nskar nyt\u00e4ndning eller omv\u00e4xling i sin relation. Jag erbjuder min tid och mitt s\u00e4llskap. vad vi g\u00f6r med tiden \u00e4r helt upp till dig. Det h\u00e4r \u00e4r din tid och du best\u00e4mmer. Mitt m\u00e5l \u00e4r att du njuter och m\u00e5r bra. vad vi \u00e4n g\u00f6r. My details Below mentioned<\/p>\n<p>                Nationality:<br \/>\n                Swedish <\/p>\n<p>                Languages:<br \/>\n                Swedish.  English<\/p>\n<p>                Age:<br \/>\n                28<\/p>\n<p>                Height:<br \/>\n                198<\/p>\n<p>                Weight:<br \/>\n                90<\/p>\n<p>                Hair:<br \/>\n                Dark<\/p>\n<p>                Eyes:<br \/>\n                Greenphone_android Phone:<br \/>\n          0721529888<\/p>\n","protected":false},"featured_media":86614,"comment_status":"open","ping_status":"closed","template":"","meta":{"site-sidebar-layout":"default","site-content-layout":"","ast-site-content-layout":"","site-content-style":"default","site-sidebar-style":"default","ast-global-header-display":"","ast-banner-title-visibility":"","ast-main-header-display":"","ast-hfb-above-header-display":"","ast-hfb-below-header-display":"","ast-hfb-mobile-header-display":"","site-post-title":"","ast-breadcrumbs-content":"","ast-featured-img":"","footer-sml-layout":"","theme-transparent-header-meta":"","adv-header-id-meta":"","stick-header-meta":"","header-above-stick-meta":"","header-main-stick-meta":"","header-below-stick-meta":"","astra-migrate-meta-layouts":"default","ast-page-background-enabled":"default","ast-page-background-meta":{"desktop":{"background-color":"var(--ast-global-color-4)","background-image":"","background-repeat":"repeat","background-position":"center center","background-size":"auto","background-attachment":"scroll","background-type":"","background-media":"","overlay-type":"","overlay-color":"","overlay-opacity":"","overlay-gradient":""},"tablet":{"background-color":"","background-image":"","background-repeat":"repeat","background-position":"center center","background-size":"auto","background-attachment":"scroll","background-type":"","background-media":"","overlay-type":"","overlay-color":"","overlay-opacity":"","overlay-gradient":""},"mobile":{"background-color":"","background-image":"","background-repeat":"repeat","background-position":"center center","background-size":"auto","background-attachment":"scroll","background-type":"","background-media":"","overlay-type":"","overlay-color":"","overlay-opacity":"","overlay-gradient":""}},"ast-content-background-meta":{"desktop":{"background-color":"var(--ast-global-color-5)","background-image":"","background-repeat":"repeat","background-position":"center center","background-size":"auto","background-attachment":"scroll","background-type":"","background-media":"","overlay-type":"","overlay-color":"","overlay-opacity":"","overlay-gradient":""},"tablet":{"background-color":"var(--ast-global-color-5)","background-image":"","background-repeat":"repeat","background-position":"center center","background-size":"auto","background-attachment":"scroll","background-type":"","background-media":"","overlay-type":"","overlay-color":"","overlay-opacity":"","overlay-gradient":""},"mobile":{"background-color":"var(--ast-global-color-5)","background-image":"","background-repeat":"repeat","background-position":"center center","background-size":"auto","background-attachment":"scroll","background-type":"","background-media":"","overlay-type":"","overlay-color":"","overlay-opacity":"","overlay-gradient":""}}},"product_brand":[],"product_cat":[188,1115,957],"product_tag":[],"class_list":{"0":"post-259974","1":"product","2":"type-product","3":"status-publish","4":"has-post-thumbnail","6":"product_cat-freelancer","7":"product_cat-stockholm","8":"product_cat-sweden","9":"desktop-align-left","10":"tablet-align-left","11":"mobile-align-left","13":"first","14":"instock","15":"shipping-taxable","16":"product-type-simple"},"_links":{"self":[{"href":"https:\/\/poccky.com\/index.php\/wp-json\/wp\/v2\/product\/259974","targetHints":{"allow":["GET"]}}],"collection":[{"href":"https:\/\/poccky.com\/index.php\/wp-json\/wp\/v2\/product"}],"about":[{"href":"https:\/\/poccky.com\/index.php\/wp-json\/wp\/v2\/types\/product"}],"replies":[{"embeddable":true,"href":"https:\/\/poccky.com\/index.php\/wp-json\/wp\/v2\/comments?post=259974"}],"wp:featuredmedia":[{"embeddable":true,"href":"https:\/\/poccky.com\/index.php\/wp-json\/wp\/v2\/media\/86614"}],"wp:attachment":[{"href":"https:\/\/poccky.com\/index.php\/wp-json\/wp\/v2\/media?parent=259974"}],"wp:term":[{"taxonomy":"product_brand","embeddable":true,"href":"https:\/\/poccky.com\/index.php\/wp-json\/wp\/v2\/product_brand?post=259974"},{"taxonomy":"product_cat","embeddable":true,"href":"https:\/\/poccky.com\/index.php\/wp-json\/wp\/v2\/product_cat?post=259974"},{"taxonomy":"product_tag","embeddable":true,"href":"https:\/\/poccky.com\/index.php\/wp-json\/wp\/v2\/product_tag?post=259974"}],"curies":[{"name":"wp","href":"https:\/\/api.w.org\/{rel}","templated":true}]}}