{"id":259459,"date":"2023-10-28T08:02:57","date_gmt":"2023-10-28T08:02:57","guid":{"rendered":"https:\/\/poccky.com\/?post_type=product&#038;p=259459"},"modified":"2023-10-28T08:03:05","modified_gmt":"2023-10-28T08:03:05","slug":"celine-4","status":"publish","type":"product","link":"https:\/\/poccky.com\/index.php\/product\/celine-4\/","title":{"rendered":"Celine"},"content":{"rendered":"","protected":false},"excerpt":{"rendered":"<p>Bonjour a mes amour.Disponible sur Grenoble jusqua au 25\/01\/14.Je me presente Celine toute novelle  avec 25ans.1m66.58k.G100C de poitrine naturelle.Je suis sensuelle une escort girl independante tr\u00eas rafinee super belle aux corp parfait.Tres jolie jeune femme vraiment chaude avec pleine de energy.Je suis vraiment chaude.coquine.fougueuse.avec beaucoup de d\u00e9sirs et fantasmes a realiser&#8230;Je vous propose de passer en ma compagnie un tr\u00eas agreable bom moment coquin de cumplicite avec beaucoup de tendresse.preliminaires.plaisir a partager.de me satisfaire et vous aussi pour notre plus grand intense plaisir avec une tres bonne massage complet aux huiles essentielles.Pour vous d\u00e9tendre d\u2019une journ\u00e9e de travail pleine de stress.ATTENTION*****MES PHOTOS SON BIEN LES MIENNES EST 100% R\u00c9ELLES.PAS DE TRUCAGE PAS DE SURPRISE SUR PLACE. PAS DE RETOUCHE.Je re\u00e7oit chez moi dans un aparttement tre discret et prope dans un cadre agreable.Je recoit de 10hs du matin au 00hs. Apell moi svp pour savoir plus sur moi.Bisous .\u2019\u2019.\u2019\u2019. My details Below mentioned<\/p>\n<p>                Nationality:<br \/>\n                Bresilien <\/p>\n<p>                Languages:<br \/>\n                French<\/p>\n<p>                Age:<br \/>\n                26<\/p>\n<p>                Height:<br \/>\n                168<\/p>\n<p>                Weight:<br \/>\n                English<\/p>\n<p>                Hair:<br \/>\n                blonde<\/p>\n<p>                Eyes:<br \/>\n                Portugues<\/p>\n<p>                Measurements:<br \/>\n                95-60-100<\/p>\n","protected":false},"featured_media":99765,"comment_status":"open","ping_status":"closed","template":"","meta":{"site-sidebar-layout":"default","site-content-layout":"","ast-site-content-layout":"","site-content-style":"default","site-sidebar-style":"default","ast-global-header-display":"","ast-banner-title-visibility":"","ast-main-header-display":"","ast-hfb-above-header-display":"","ast-hfb-below-header-display":"","ast-hfb-mobile-header-display":"","site-post-title":"","ast-breadcrumbs-content":"","ast-featured-img":"","footer-sml-layout":"","theme-transparent-header-meta":"","adv-header-id-meta":"","stick-header-meta":"","header-above-stick-meta":"","header-main-stick-meta":"","header-below-stick-meta":"","astra-migrate-meta-layouts":"default","ast-page-background-enabled":"default","ast-page-background-meta":{"desktop":{"background-color":"var(--ast-global-color-4)","background-image":"","background-repeat":"repeat","background-position":"center center","background-size":"auto","background-attachment":"scroll","background-type":"","background-media":"","overlay-type":"","overlay-color":"","overlay-opacity":"","overlay-gradient":""},"tablet":{"background-color":"","background-image":"","background-repeat":"repeat","background-position":"center center","background-size":"auto","background-attachment":"scroll","background-type":"","background-media":"","overlay-type":"","overlay-color":"","overlay-opacity":"","overlay-gradient":""},"mobile":{"background-color":"","background-image":"","background-repeat":"repeat","background-position":"center center","background-size":"auto","background-attachment":"scroll","background-type":"","background-media":"","overlay-type":"","overlay-color":"","overlay-opacity":"","overlay-gradient":""}},"ast-content-background-meta":{"desktop":{"background-color":"var(--ast-global-color-5)","background-image":"","background-repeat":"repeat","background-position":"center center","background-size":"auto","background-attachment":"scroll","background-type":"","background-media":"","overlay-type":"","overlay-color":"","overlay-opacity":"","overlay-gradient":""},"tablet":{"background-color":"var(--ast-global-color-5)","background-image":"","background-repeat":"repeat","background-position":"center center","background-size":"auto","background-attachment":"scroll","background-type":"","background-media":"","overlay-type":"","overlay-color":"","overlay-opacity":"","overlay-gradient":""},"mobile":{"background-color":"var(--ast-global-color-5)","background-image":"","background-repeat":"repeat","background-position":"center center","background-size":"auto","background-attachment":"scroll","background-type":"","background-media":"","overlay-type":"","overlay-color":"","overlay-opacity":"","overlay-gradient":""}}},"product_brand":[],"product_cat":[244,188,1118],"product_tag":[],"class_list":{"0":"post-259459","1":"product","2":"type-product","3":"status-publish","4":"has-post-thumbnail","6":"product_cat-france","7":"product_cat-freelancer","8":"product_cat-paris","9":"desktop-align-left","10":"tablet-align-left","11":"mobile-align-left","13":"first","14":"instock","15":"shipping-taxable","16":"product-type-simple"},"_links":{"self":[{"href":"https:\/\/poccky.com\/index.php\/wp-json\/wp\/v2\/product\/259459","targetHints":{"allow":["GET"]}}],"collection":[{"href":"https:\/\/poccky.com\/index.php\/wp-json\/wp\/v2\/product"}],"about":[{"href":"https:\/\/poccky.com\/index.php\/wp-json\/wp\/v2\/types\/product"}],"replies":[{"embeddable":true,"href":"https:\/\/poccky.com\/index.php\/wp-json\/wp\/v2\/comments?post=259459"}],"wp:featuredmedia":[{"embeddable":true,"href":"https:\/\/poccky.com\/index.php\/wp-json\/wp\/v2\/media\/99765"}],"wp:attachment":[{"href":"https:\/\/poccky.com\/index.php\/wp-json\/wp\/v2\/media?parent=259459"}],"wp:term":[{"taxonomy":"product_brand","embeddable":true,"href":"https:\/\/poccky.com\/index.php\/wp-json\/wp\/v2\/product_brand?post=259459"},{"taxonomy":"product_cat","embeddable":true,"href":"https:\/\/poccky.com\/index.php\/wp-json\/wp\/v2\/product_cat?post=259459"},{"taxonomy":"product_tag","embeddable":true,"href":"https:\/\/poccky.com\/index.php\/wp-json\/wp\/v2\/product_tag?post=259459"}],"curies":[{"name":"wp","href":"https:\/\/api.w.org\/{rel}","templated":true}]}}