{"id":259347,"date":"2023-10-28T07:50:59","date_gmt":"2023-10-28T07:50:59","guid":{"rendered":"https:\/\/poccky.com\/?post_type=product&#038;p=259347"},"modified":"2023-10-28T07:51:00","modified_gmt":"2023-10-28T07:51:00","slug":"stephanie-7","status":"publish","type":"product","link":"https:\/\/poccky.com\/index.php\/product\/stephanie-7\/","title":{"rendered":"Stephanie"},"content":{"rendered":"","protected":false},"excerpt":{"rendered":"<p>COUCOU &#8230;.Je suis STEPHANIE une magnifique brune de 22 ans avec une rare beaut\u00e9 sculpturale authentique et mes photos son bien r\u00e9elles. &#8220;pas de surprises&#8221;.<br \/>\nJe propose une bon moment ensemble et mes service sont de qualit\u00e9 . .Pour les hommes doux. courtois \u00e9l\u00e9gants et d\u00e9sirant passer d&#8217;agreables moments chaleureux en compagnie d&#8217;une belle jeune sexy et ma priorit\u00e9 est faire pass\u00e9 un moment de r\u00eave que tu n&#8217;oublieras jamais&#8230;<\/p>\n<p>Je re\u00e7ois et je me d\u00e9place aussi et tr\u00e8s bient\u00f4t<\/p>\n<p>Ne me contactez pas depuis un poste fixe. ne masquez pas votre num\u00e9ro. merci de me confirmer que c&#8217;est bien sur le site Parisescort.me que vous avez lu mon annonce libertine de rencontre coquine. My details Below mentioned<\/p>\n<p>                Languages:<br \/>\n                FRENCH. SPANISH<\/p>\n<p>                Age:<br \/>\n                22<\/p>\n<p>                Height:<br \/>\n                172<\/p>\n<p>                Weight:<br \/>\n                55KG<\/p>\n<p>                Hair:<br \/>\n                Noirs<\/p>\n<p>                Eyes:<br \/>\n                noir<\/p>\n<p>                Measurements:<br \/>\n                95-60-90<\/p>\n","protected":false},"featured_media":98288,"comment_status":"open","ping_status":"closed","template":"","meta":{"site-sidebar-layout":"default","site-content-layout":"","ast-site-content-layout":"","site-content-style":"default","site-sidebar-style":"default","ast-global-header-display":"","ast-banner-title-visibility":"","ast-main-header-display":"","ast-hfb-above-header-display":"","ast-hfb-below-header-display":"","ast-hfb-mobile-header-display":"","site-post-title":"","ast-breadcrumbs-content":"","ast-featured-img":"","footer-sml-layout":"","theme-transparent-header-meta":"","adv-header-id-meta":"","stick-header-meta":"","header-above-stick-meta":"","header-main-stick-meta":"","header-below-stick-meta":"","astra-migrate-meta-layouts":"default","ast-page-background-enabled":"default","ast-page-background-meta":{"desktop":{"background-color":"var(--ast-global-color-4)","background-image":"","background-repeat":"repeat","background-position":"center center","background-size":"auto","background-attachment":"scroll","background-type":"","background-media":"","overlay-type":"","overlay-color":"","overlay-opacity":"","overlay-gradient":""},"tablet":{"background-color":"","background-image":"","background-repeat":"repeat","background-position":"center center","background-size":"auto","background-attachment":"scroll","background-type":"","background-media":"","overlay-type":"","overlay-color":"","overlay-opacity":"","overlay-gradient":""},"mobile":{"background-color":"","background-image":"","background-repeat":"repeat","background-position":"center center","background-size":"auto","background-attachment":"scroll","background-type":"","background-media":"","overlay-type":"","overlay-color":"","overlay-opacity":"","overlay-gradient":""}},"ast-content-background-meta":{"desktop":{"background-color":"var(--ast-global-color-5)","background-image":"","background-repeat":"repeat","background-position":"center center","background-size":"auto","background-attachment":"scroll","background-type":"","background-media":"","overlay-type":"","overlay-color":"","overlay-opacity":"","overlay-gradient":""},"tablet":{"background-color":"var(--ast-global-color-5)","background-image":"","background-repeat":"repeat","background-position":"center center","background-size":"auto","background-attachment":"scroll","background-type":"","background-media":"","overlay-type":"","overlay-color":"","overlay-opacity":"","overlay-gradient":""},"mobile":{"background-color":"var(--ast-global-color-5)","background-image":"","background-repeat":"repeat","background-position":"center center","background-size":"auto","background-attachment":"scroll","background-type":"","background-media":"","overlay-type":"","overlay-color":"","overlay-opacity":"","overlay-gradient":""}}},"product_brand":[],"product_cat":[244,188,1118],"product_tag":[],"class_list":{"0":"post-259347","1":"product","2":"type-product","3":"status-publish","4":"has-post-thumbnail","6":"product_cat-france","7":"product_cat-freelancer","8":"product_cat-paris","9":"desktop-align-left","10":"tablet-align-left","11":"mobile-align-left","13":"first","14":"instock","15":"shipping-taxable","16":"product-type-simple"},"_links":{"self":[{"href":"https:\/\/poccky.com\/index.php\/wp-json\/wp\/v2\/product\/259347","targetHints":{"allow":["GET"]}}],"collection":[{"href":"https:\/\/poccky.com\/index.php\/wp-json\/wp\/v2\/product"}],"about":[{"href":"https:\/\/poccky.com\/index.php\/wp-json\/wp\/v2\/types\/product"}],"replies":[{"embeddable":true,"href":"https:\/\/poccky.com\/index.php\/wp-json\/wp\/v2\/comments?post=259347"}],"wp:featuredmedia":[{"embeddable":true,"href":"https:\/\/poccky.com\/index.php\/wp-json\/wp\/v2\/media\/98288"}],"wp:attachment":[{"href":"https:\/\/poccky.com\/index.php\/wp-json\/wp\/v2\/media?parent=259347"}],"wp:term":[{"taxonomy":"product_brand","embeddable":true,"href":"https:\/\/poccky.com\/index.php\/wp-json\/wp\/v2\/product_brand?post=259347"},{"taxonomy":"product_cat","embeddable":true,"href":"https:\/\/poccky.com\/index.php\/wp-json\/wp\/v2\/product_cat?post=259347"},{"taxonomy":"product_tag","embeddable":true,"href":"https:\/\/poccky.com\/index.php\/wp-json\/wp\/v2\/product_tag?post=259347"}],"curies":[{"name":"wp","href":"https:\/\/api.w.org\/{rel}","templated":true}]}}