{"id":259343,"date":"2023-10-28T07:50:32","date_gmt":"2023-10-28T07:50:32","guid":{"rendered":"https:\/\/poccky.com\/?post_type=product&#038;p=259343"},"modified":"2023-10-28T07:50:36","modified_gmt":"2023-10-28T07:50:36","slug":"madame-elisa","status":"publish","type":"product","link":"https:\/\/poccky.com\/index.php\/product\/madame-elisa\/","title":{"rendered":"Madame Elisa"},"content":{"rendered":"","protected":false},"excerpt":{"rendered":"<p>Elisa ist eine sehr junge Escort Dame bei Madame Bell\u00e1. welche auf den ersten Blick aufgrund ihrer Jugendlichkeit  gerne untersch\u00e4tzt wird. Doch weiss sie ihren herrlichen. nat\u00fcrlichen K\u00f6rper und dessen Reize im Escort-Service genau und gezielt einzusetzen. Sie liebt es zu verf\u00fchren und ist eine Lolita wie sie im Buche steht. Das Spiel aus N\u00e4he und Distanz versteht unsere Madame Elisa meisterlich und auch wenn sie die F\u00fchrung \u00fcbernimmt. schlagen M\u00e4nnerherzen h\u00f6her. Elisa bietet Hotel-  und Hausbesuche vorrangig in ihrer Escort Region Baden-W\u00fcrttemberg an und hat dabei echten Suchtfaktor. Freuen Sie sich jetzt schon auf sch\u00f6ne Stunden zu Zweit. mit unserer  faszinierenden Elisa.  an die Sie sich noch lange erinnern werden. My details Below mentioned<\/p>\n<p>                Nationality:<br \/>\n                Deutsch <\/p>\n<p>                Languages:<br \/>\n                deutsch.  englisch.  spanisch.  russisch.  franz\u00f6sisch<\/p>\n<p>                Age:<br \/>\n                23<\/p>\n<p>                Height:<br \/>\n                165 cm<\/p>\n<p>                Weight:<br \/>\n                52 kg<\/p>\n<p>                Hair:<br \/>\n                lan.G dunkelbraun<\/p>\n<p>                Eyes:<br \/>\n                gr\u00fcn<\/p>\n<p>                Measurements:<br \/>\n                86-60-90phone_android Phone:<br \/>\n          4917687414234<\/p>\n","protected":false},"featured_media":99739,"comment_status":"open","ping_status":"closed","template":"","meta":{"site-sidebar-layout":"default","site-content-layout":"","ast-site-content-layout":"","site-content-style":"default","site-sidebar-style":"default","ast-global-header-display":"","ast-banner-title-visibility":"","ast-main-header-display":"","ast-hfb-above-header-display":"","ast-hfb-below-header-display":"","ast-hfb-mobile-header-display":"","site-post-title":"","ast-breadcrumbs-content":"","ast-featured-img":"","footer-sml-layout":"","theme-transparent-header-meta":"","adv-header-id-meta":"","stick-header-meta":"","header-above-stick-meta":"","header-main-stick-meta":"","header-below-stick-meta":"","astra-migrate-meta-layouts":"default","ast-page-background-enabled":"default","ast-page-background-meta":{"desktop":{"background-color":"var(--ast-global-color-4)","background-image":"","background-repeat":"repeat","background-position":"center center","background-size":"auto","background-attachment":"scroll","background-type":"","background-media":"","overlay-type":"","overlay-color":"","overlay-opacity":"","overlay-gradient":""},"tablet":{"background-color":"","background-image":"","background-repeat":"repeat","background-position":"center center","background-size":"auto","background-attachment":"scroll","background-type":"","background-media":"","overlay-type":"","overlay-color":"","overlay-opacity":"","overlay-gradient":""},"mobile":{"background-color":"","background-image":"","background-repeat":"repeat","background-position":"center center","background-size":"auto","background-attachment":"scroll","background-type":"","background-media":"","overlay-type":"","overlay-color":"","overlay-opacity":"","overlay-gradient":""}},"ast-content-background-meta":{"desktop":{"background-color":"var(--ast-global-color-5)","background-image":"","background-repeat":"repeat","background-position":"center center","background-size":"auto","background-attachment":"scroll","background-type":"","background-media":"","overlay-type":"","overlay-color":"","overlay-opacity":"","overlay-gradient":""},"tablet":{"background-color":"var(--ast-global-color-5)","background-image":"","background-repeat":"repeat","background-position":"center center","background-size":"auto","background-attachment":"scroll","background-type":"","background-media":"","overlay-type":"","overlay-color":"","overlay-opacity":"","overlay-gradient":""},"mobile":{"background-color":"var(--ast-global-color-5)","background-image":"","background-repeat":"repeat","background-position":"center center","background-size":"auto","background-attachment":"scroll","background-type":"","background-media":"","overlay-type":"","overlay-color":"","overlay-opacity":"","overlay-gradient":""}}},"product_brand":[],"product_cat":[996,188,811],"product_tag":[],"class_list":{"0":"post-259343","1":"product","2":"type-product","3":"status-publish","4":"has-post-thumbnail","6":"product_cat-berlin","7":"product_cat-freelancer","8":"product_cat-germany","9":"desktop-align-left","10":"tablet-align-left","11":"mobile-align-left","13":"first","14":"instock","15":"shipping-taxable","16":"product-type-simple"},"_links":{"self":[{"href":"https:\/\/poccky.com\/index.php\/wp-json\/wp\/v2\/product\/259343","targetHints":{"allow":["GET"]}}],"collection":[{"href":"https:\/\/poccky.com\/index.php\/wp-json\/wp\/v2\/product"}],"about":[{"href":"https:\/\/poccky.com\/index.php\/wp-json\/wp\/v2\/types\/product"}],"replies":[{"embeddable":true,"href":"https:\/\/poccky.com\/index.php\/wp-json\/wp\/v2\/comments?post=259343"}],"wp:featuredmedia":[{"embeddable":true,"href":"https:\/\/poccky.com\/index.php\/wp-json\/wp\/v2\/media\/99739"}],"wp:attachment":[{"href":"https:\/\/poccky.com\/index.php\/wp-json\/wp\/v2\/media?parent=259343"}],"wp:term":[{"taxonomy":"product_brand","embeddable":true,"href":"https:\/\/poccky.com\/index.php\/wp-json\/wp\/v2\/product_brand?post=259343"},{"taxonomy":"product_cat","embeddable":true,"href":"https:\/\/poccky.com\/index.php\/wp-json\/wp\/v2\/product_cat?post=259343"},{"taxonomy":"product_tag","embeddable":true,"href":"https:\/\/poccky.com\/index.php\/wp-json\/wp\/v2\/product_tag?post=259343"}],"curies":[{"name":"wp","href":"https:\/\/api.w.org\/{rel}","templated":true}]}}