{"id":256691,"date":"2023-10-27T06:50:44","date_gmt":"2023-10-27T06:50:44","guid":{"rendered":"https:\/\/poccky.com\/?post_type=product&#038;p=256691"},"modified":"2023-10-27T06:50:49","modified_gmt":"2023-10-27T06:50:49","slug":"mistress-arielle-pro-dominatrix","status":"publish","type":"product","link":"https:\/\/poccky.com\/index.php\/product\/mistress-arielle-pro-dominatrix\/","title":{"rendered":"Mistress Arielle PRO DOMINATRIX"},"content":{"rendered":"","protected":false},"excerpt":{"rendered":"<p>STOCKHOLM 6-11 SEPTEMBER<\/p>\n<p>&#8212; Tantra och Dominans &#8212;<br \/>\nF\u00f6rb\u00e4ttra ditt sexliv och lev ut dina fantasier.<\/p>\n<p>&#8220;Thank you for today&#8217;s session Mistress Arielle. I came in with really high expectations and they were met and even better&#8230; The way you treated me as your slut. making me beg for it and take more and more was amazing I never thought I could have that much pleasure from anal play. Also the way you built up the session when you were being hard in the beginning was really exciting and then as you were caring for me in the end it was just what I needed. I will definitely come back to you next time I&#8217;m in Amsterdam.&#8221;<\/p>\n<p>Jag \u00e4r svensk men bor i Amsterdam. jag ger tantriska dominans- och strap-on sessioner. Jag \u00e4r tr\u00e4nad och certifierad i mitt jobb och vad jag g\u00f6r \u00e4r min passion.<\/p>\n<p>-4 \u00e5rs erfarenhet som professionell mistress<br \/>\n-8 \u00e5rs erfarenhet med bdsm och domering<br \/>\n-8 \u00e5rs erfarenhet med tantra.<br \/>\n-Certifierad tantrisk femdom.<\/p>\n<p>Kik: Mistress.Arielle<br \/>\nWhatsapp: +31658841238 My details Below mentioned<\/p>\n<p>                Nationality:<br \/>\n                Swedish <\/p>\n<p>                Languages:<br \/>\n                English. Swedish<\/p>\n<p>                Age:<br \/>\n                28<\/p>\n<p>                Height:<br \/>\n                166 cm<\/p>\n<p>                Weight:<br \/>\n                54<\/p>\n<p>                Hair:<br \/>\n                Strawberry blonde<\/p>\n<p>                Eyes:<br \/>\n                Bluephone_android Phone:<br \/>\n          +31658841238Companionship rates:<\/p>\n<p>                  1 hour rate<br \/>\n                  3500 SEK<\/p>\n<p>                  2 hours rate<br \/>\n                  4700 SEK<\/p>\n<p>                  3 hours rate<br \/>\n                  6500 SEK<\/p>\n","protected":false},"featured_media":153880,"comment_status":"open","ping_status":"closed","template":"","meta":{"site-sidebar-layout":"default","site-content-layout":"","ast-site-content-layout":"","site-content-style":"default","site-sidebar-style":"default","ast-global-header-display":"","ast-banner-title-visibility":"","ast-main-header-display":"","ast-hfb-above-header-display":"","ast-hfb-below-header-display":"","ast-hfb-mobile-header-display":"","site-post-title":"","ast-breadcrumbs-content":"","ast-featured-img":"","footer-sml-layout":"","theme-transparent-header-meta":"","adv-header-id-meta":"","stick-header-meta":"","header-above-stick-meta":"","header-main-stick-meta":"","header-below-stick-meta":"","astra-migrate-meta-layouts":"default","ast-page-background-enabled":"default","ast-page-background-meta":{"desktop":{"background-color":"var(--ast-global-color-4)","background-image":"","background-repeat":"repeat","background-position":"center center","background-size":"auto","background-attachment":"scroll","background-type":"","background-media":"","overlay-type":"","overlay-color":"","overlay-opacity":"","overlay-gradient":""},"tablet":{"background-color":"","background-image":"","background-repeat":"repeat","background-position":"center center","background-size":"auto","background-attachment":"scroll","background-type":"","background-media":"","overlay-type":"","overlay-color":"","overlay-opacity":"","overlay-gradient":""},"mobile":{"background-color":"","background-image":"","background-repeat":"repeat","background-position":"center center","background-size":"auto","background-attachment":"scroll","background-type":"","background-media":"","overlay-type":"","overlay-color":"","overlay-opacity":"","overlay-gradient":""}},"ast-content-background-meta":{"desktop":{"background-color":"var(--ast-global-color-5)","background-image":"","background-repeat":"repeat","background-position":"center center","background-size":"auto","background-attachment":"scroll","background-type":"","background-media":"","overlay-type":"","overlay-color":"","overlay-opacity":"","overlay-gradient":""},"tablet":{"background-color":"var(--ast-global-color-5)","background-image":"","background-repeat":"repeat","background-position":"center center","background-size":"auto","background-attachment":"scroll","background-type":"","background-media":"","overlay-type":"","overlay-color":"","overlay-opacity":"","overlay-gradient":""},"mobile":{"background-color":"var(--ast-global-color-5)","background-image":"","background-repeat":"repeat","background-position":"center center","background-size":"auto","background-attachment":"scroll","background-type":"","background-media":"","overlay-type":"","overlay-color":"","overlay-opacity":"","overlay-gradient":""}}},"product_brand":[],"product_cat":[188,1115,957],"product_tag":[],"class_list":{"0":"post-256691","1":"product","2":"type-product","3":"status-publish","4":"has-post-thumbnail","6":"product_cat-freelancer","7":"product_cat-stockholm","8":"product_cat-sweden","9":"desktop-align-left","10":"tablet-align-left","11":"mobile-align-left","13":"first","14":"instock","15":"shipping-taxable","16":"product-type-simple"},"_links":{"self":[{"href":"https:\/\/poccky.com\/index.php\/wp-json\/wp\/v2\/product\/256691","targetHints":{"allow":["GET"]}}],"collection":[{"href":"https:\/\/poccky.com\/index.php\/wp-json\/wp\/v2\/product"}],"about":[{"href":"https:\/\/poccky.com\/index.php\/wp-json\/wp\/v2\/types\/product"}],"replies":[{"embeddable":true,"href":"https:\/\/poccky.com\/index.php\/wp-json\/wp\/v2\/comments?post=256691"}],"wp:featuredmedia":[{"embeddable":true,"href":"https:\/\/poccky.com\/index.php\/wp-json\/wp\/v2\/media\/153880"}],"wp:attachment":[{"href":"https:\/\/poccky.com\/index.php\/wp-json\/wp\/v2\/media?parent=256691"}],"wp:term":[{"taxonomy":"product_brand","embeddable":true,"href":"https:\/\/poccky.com\/index.php\/wp-json\/wp\/v2\/product_brand?post=256691"},{"taxonomy":"product_cat","embeddable":true,"href":"https:\/\/poccky.com\/index.php\/wp-json\/wp\/v2\/product_cat?post=256691"},{"taxonomy":"product_tag","embeddable":true,"href":"https:\/\/poccky.com\/index.php\/wp-json\/wp\/v2\/product_tag?post=256691"}],"curies":[{"name":"wp","href":"https:\/\/api.w.org\/{rel}","templated":true}]}}