{"id":256594,"date":"2023-10-27T06:33:34","date_gmt":"2023-10-27T06:33:34","guid":{"rendered":"https:\/\/poccky.com\/?post_type=product&#038;p=256594"},"modified":"2023-10-27T06:33:40","modified_gmt":"2023-10-27T06:33:40","slug":"sirena-manu-pereja-nivel-premium","status":"publish","type":"product","link":"https:\/\/poccky.com\/index.php\/product\/sirena-manu-pereja-nivel-premium\/","title":{"rendered":"Sirena-Manu Pereja Nivel Premium"},"content":{"rendered":"","protected":false},"excerpt":{"rendered":"<p>Somos una pareja joven nivel premium. con mucha qu\u00edmica entre s\u00ed. Ambos estudiantes universitarios y modelos free lance.<\/p>\n<p>Nos encanta disfrutar del sexo y darte placer. cumplir tus fantasias y hacerte olvidar de todo por un buen rato apasionado explorando nuevos limites en cada encuentro.\u00a0<\/p>\n<p>Nos manejamos en hoteles de CABA. en zonas como Palermo. Recoleta. Microcentro. Montserrat. Puerto Madero y alrededores.<br \/>\nDisponibles en el rango de 10 a 22 hs.<\/p>\n<p>Concretamos con mucha anticipaci\u00f3n. ya que ambos tenemos actividades en el d\u00eda a d\u00eda.\u00a0<\/p>\n<p>Usamos protecci\u00f3n en todo momento. la salud primero.<br \/>\nNo atendemos llamados de n\u00fameros desconocidos.<br \/>\nArreglamos todo por nuestro Whatsapp.<\/p>\n<p>Atendemos a solas\/os y parejas de todo tipo.<\/p>\n<p>Nuestros servicios:<br \/>\n-Atenci\u00f3n a solas\/os. tr\u00edos.\u00a0<br \/>\n-Atenci\u00f3n a parejas. intercambios.<br \/>\n-Masajes er\u00f3ticos a cuatro manos.<br \/>\n-Porno hardcore en vivo. s\u00f3lo para buenos espectadores.<br \/>\n-Fantas\u00edas (consultar)\u00a0<br \/>\n-Entre otros (consultar)\u00a0<\/p>\n<p>Somos una pareja con mucha experiencia y nivel. y brindamos a la perfecci\u00f3n todo lo que estas buscando.\u00a0<\/p>\n<p>Te animas a conocernos? My details Below mentioned<\/p>\n<p>                Nationality:<br \/>\n                Argentinean <\/p>\n<p>                Languages:<br \/>\n                English<\/p>\n<p>                Age:<br \/>\n                24<\/p>\n<p>                Height:<br \/>\n                175<\/p>\n<p>                Weight:<br \/>\n                63<\/p>\n<p>                Hair:<br \/>\n                Casta\u00f1o<\/p>\n<p>                Eyes:<br \/>\n                Verdesphone_android Phone:<br \/>\n          1162262978Companionship rates:<\/p>\n<p>                  1 hour rate<br \/>\n                  180 USD<\/p>\n<p>                  2 hours rate<br \/>\n                  250 USD<\/p>\n<p>                  3 hours rate<br \/>\n                  300 USD<\/p>\n<p>                  full night rate<br \/>\n                  600 USD<\/p>\n","protected":false},"featured_media":157746,"comment_status":"open","ping_status":"closed","template":"","meta":{"site-sidebar-layout":"default","site-content-layout":"","ast-site-content-layout":"","site-content-style":"default","site-sidebar-style":"default","ast-global-header-display":"","ast-banner-title-visibility":"","ast-main-header-display":"","ast-hfb-above-header-display":"","ast-hfb-below-header-display":"","ast-hfb-mobile-header-display":"","site-post-title":"","ast-breadcrumbs-content":"","ast-featured-img":"","footer-sml-layout":"","theme-transparent-header-meta":"","adv-header-id-meta":"","stick-header-meta":"","header-above-stick-meta":"","header-main-stick-meta":"","header-below-stick-meta":"","astra-migrate-meta-layouts":"default","ast-page-background-enabled":"default","ast-page-background-meta":{"desktop":{"background-color":"var(--ast-global-color-4)","background-image":"","background-repeat":"repeat","background-position":"center center","background-size":"auto","background-attachment":"scroll","background-type":"","background-media":"","overlay-type":"","overlay-color":"","overlay-opacity":"","overlay-gradient":""},"tablet":{"background-color":"","background-image":"","background-repeat":"repeat","background-position":"center center","background-size":"auto","background-attachment":"scroll","background-type":"","background-media":"","overlay-type":"","overlay-color":"","overlay-opacity":"","overlay-gradient":""},"mobile":{"background-color":"","background-image":"","background-repeat":"repeat","background-position":"center center","background-size":"auto","background-attachment":"scroll","background-type":"","background-media":"","overlay-type":"","overlay-color":"","overlay-opacity":"","overlay-gradient":""}},"ast-content-background-meta":{"desktop":{"background-color":"var(--ast-global-color-5)","background-image":"","background-repeat":"repeat","background-position":"center center","background-size":"auto","background-attachment":"scroll","background-type":"","background-media":"","overlay-type":"","overlay-color":"","overlay-opacity":"","overlay-gradient":""},"tablet":{"background-color":"var(--ast-global-color-5)","background-image":"","background-repeat":"repeat","background-position":"center center","background-size":"auto","background-attachment":"scroll","background-type":"","background-media":"","overlay-type":"","overlay-color":"","overlay-opacity":"","overlay-gradient":""},"mobile":{"background-color":"var(--ast-global-color-5)","background-image":"","background-repeat":"repeat","background-position":"center center","background-size":"auto","background-attachment":"scroll","background-type":"","background-media":"","overlay-type":"","overlay-color":"","overlay-opacity":"","overlay-gradient":""}}},"product_brand":[],"product_cat":[823,1132,188],"product_tag":[],"class_list":{"0":"post-256594","1":"product","2":"type-product","3":"status-publish","4":"has-post-thumbnail","6":"product_cat-argentina","7":"product_cat-buenos-aires","8":"product_cat-freelancer","9":"desktop-align-left","10":"tablet-align-left","11":"mobile-align-left","13":"first","14":"instock","15":"shipping-taxable","16":"product-type-simple"},"_links":{"self":[{"href":"https:\/\/poccky.com\/index.php\/wp-json\/wp\/v2\/product\/256594","targetHints":{"allow":["GET"]}}],"collection":[{"href":"https:\/\/poccky.com\/index.php\/wp-json\/wp\/v2\/product"}],"about":[{"href":"https:\/\/poccky.com\/index.php\/wp-json\/wp\/v2\/types\/product"}],"replies":[{"embeddable":true,"href":"https:\/\/poccky.com\/index.php\/wp-json\/wp\/v2\/comments?post=256594"}],"wp:featuredmedia":[{"embeddable":true,"href":"https:\/\/poccky.com\/index.php\/wp-json\/wp\/v2\/media\/157746"}],"wp:attachment":[{"href":"https:\/\/poccky.com\/index.php\/wp-json\/wp\/v2\/media?parent=256594"}],"wp:term":[{"taxonomy":"product_brand","embeddable":true,"href":"https:\/\/poccky.com\/index.php\/wp-json\/wp\/v2\/product_brand?post=256594"},{"taxonomy":"product_cat","embeddable":true,"href":"https:\/\/poccky.com\/index.php\/wp-json\/wp\/v2\/product_cat?post=256594"},{"taxonomy":"product_tag","embeddable":true,"href":"https:\/\/poccky.com\/index.php\/wp-json\/wp\/v2\/product_tag?post=256594"}],"curies":[{"name":"wp","href":"https:\/\/api.w.org\/{rel}","templated":true}]}}