{"id":256461,"date":"2023-10-27T06:11:24","date_gmt":"2023-10-27T06:11:24","guid":{"rendered":"https:\/\/poccky.com\/?post_type=product&#038;p=256461"},"modified":"2023-10-27T06:11:26","modified_gmt":"2023-10-27T06:11:26","slug":"emilio","status":"publish","type":"product","link":"https:\/\/poccky.com\/index.php\/product\/emilio\/","title":{"rendered":"Emilio"},"content":{"rendered":"","protected":false},"excerpt":{"rendered":"<p>Nedan f\u00f6ljer en beskrivning av vad jag erbjuder. h\u00f6r g\u00e4rna av dig s\u00e5 skr\u00e4ddarsyr vi en perfekt upplevelse utifr\u00e5n dina \u00f6nskem\u00e5l.<\/p>\n<p>* Jag erbjuder fullst\u00e4ndig tystnadsplikt. allt du delar med mig \u00e4r och f\u00f6rblir konfidentiellt.<br \/>\n* Jag \u00e4r tillg\u00e4nglig p\u00e5 kort varsel<br \/>\n* Jag \u00e4r alltid f\u00f6rst\u00e5ende. v\u00e4nlig och artig<br \/>\n* Jag \u00e4r \u00f6ppen och icke d\u00f6mande f\u00f6r all typ av sex och massage<br \/>\n* Jag \u00e4r alltid nyduschad. fr\u00e4sch och v\u00e4lansad<br \/>\n* Endast tillg\u00e4nglig f\u00f6r kvinnor<\/p>\n<p>Jag f\u00f6rs\u00f6ker svara inom 1 timme.<br \/>\nBelow is a description of what I offer. please let me know if you want to have a good time and let&#8217;s tailor a perfect experience only for your needs.<\/p>\n<p>* I offer complete discretion<br \/>\n* I am available on short notice<br \/>\n* Always understandin.G friendly and welcoming<br \/>\n* Open minded and wiling to try new adventures in the bedroom<br \/>\n* A fun and non judgemental approach to sex and massage services<br \/>\n* You will always meet me freshly showered and well presented<br \/>\n* Everything you share with me is kept completely confidential<br \/>\n* Only available for women&#8217;s pleasure My details Below mentioned<\/p>\n<p>                Nationality:<br \/>\n                Lebanese.Serbian <\/p>\n<p>                Languages:<br \/>\n                English. Swedish<\/p>\n<p>                Age:<br \/>\n                25<\/p>\n<p>                Height:<br \/>\n                180<\/p>\n<p>                Weight:<br \/>\n                90<\/p>\n<p>                Hair:<br \/>\n                Brown<\/p>\n<p>                Eyes:<br \/>\n                Brown<\/p>\n<p>                Measurements:<br \/>\n                .Companionship rates:<\/p>\n<p>                  1 hour rate<br \/>\n                  1000 SEK<\/p>\n<p>                  2 hours rate<br \/>\n                  1500 SEK<\/p>\n<p>                  3 hours rate<br \/>\n                  2500 SEK<\/p>\n<p>                  full night rate<br \/>\n                  4000 SEK<\/p>\n","protected":false},"featured_media":153814,"comment_status":"open","ping_status":"closed","template":"","meta":{"site-sidebar-layout":"default","site-content-layout":"","ast-site-content-layout":"","site-content-style":"default","site-sidebar-style":"default","ast-global-header-display":"","ast-banner-title-visibility":"","ast-main-header-display":"","ast-hfb-above-header-display":"","ast-hfb-below-header-display":"","ast-hfb-mobile-header-display":"","site-post-title":"","ast-breadcrumbs-content":"","ast-featured-img":"","footer-sml-layout":"","theme-transparent-header-meta":"","adv-header-id-meta":"","stick-header-meta":"","header-above-stick-meta":"","header-main-stick-meta":"","header-below-stick-meta":"","astra-migrate-meta-layouts":"default","ast-page-background-enabled":"default","ast-page-background-meta":{"desktop":{"background-color":"var(--ast-global-color-4)","background-image":"","background-repeat":"repeat","background-position":"center center","background-size":"auto","background-attachment":"scroll","background-type":"","background-media":"","overlay-type":"","overlay-color":"","overlay-opacity":"","overlay-gradient":""},"tablet":{"background-color":"","background-image":"","background-repeat":"repeat","background-position":"center center","background-size":"auto","background-attachment":"scroll","background-type":"","background-media":"","overlay-type":"","overlay-color":"","overlay-opacity":"","overlay-gradient":""},"mobile":{"background-color":"","background-image":"","background-repeat":"repeat","background-position":"center center","background-size":"auto","background-attachment":"scroll","background-type":"","background-media":"","overlay-type":"","overlay-color":"","overlay-opacity":"","overlay-gradient":""}},"ast-content-background-meta":{"desktop":{"background-color":"var(--ast-global-color-5)","background-image":"","background-repeat":"repeat","background-position":"center center","background-size":"auto","background-attachment":"scroll","background-type":"","background-media":"","overlay-type":"","overlay-color":"","overlay-opacity":"","overlay-gradient":""},"tablet":{"background-color":"var(--ast-global-color-5)","background-image":"","background-repeat":"repeat","background-position":"center center","background-size":"auto","background-attachment":"scroll","background-type":"","background-media":"","overlay-type":"","overlay-color":"","overlay-opacity":"","overlay-gradient":""},"mobile":{"background-color":"var(--ast-global-color-5)","background-image":"","background-repeat":"repeat","background-position":"center center","background-size":"auto","background-attachment":"scroll","background-type":"","background-media":"","overlay-type":"","overlay-color":"","overlay-opacity":"","overlay-gradient":""}}},"product_brand":[],"product_cat":[188,1115,957],"product_tag":[],"class_list":{"0":"post-256461","1":"product","2":"type-product","3":"status-publish","4":"has-post-thumbnail","6":"product_cat-freelancer","7":"product_cat-stockholm","8":"product_cat-sweden","9":"desktop-align-left","10":"tablet-align-left","11":"mobile-align-left","13":"first","14":"instock","15":"shipping-taxable","16":"product-type-simple"},"_links":{"self":[{"href":"https:\/\/poccky.com\/index.php\/wp-json\/wp\/v2\/product\/256461","targetHints":{"allow":["GET"]}}],"collection":[{"href":"https:\/\/poccky.com\/index.php\/wp-json\/wp\/v2\/product"}],"about":[{"href":"https:\/\/poccky.com\/index.php\/wp-json\/wp\/v2\/types\/product"}],"replies":[{"embeddable":true,"href":"https:\/\/poccky.com\/index.php\/wp-json\/wp\/v2\/comments?post=256461"}],"wp:featuredmedia":[{"embeddable":true,"href":"https:\/\/poccky.com\/index.php\/wp-json\/wp\/v2\/media\/153814"}],"wp:attachment":[{"href":"https:\/\/poccky.com\/index.php\/wp-json\/wp\/v2\/media?parent=256461"}],"wp:term":[{"taxonomy":"product_brand","embeddable":true,"href":"https:\/\/poccky.com\/index.php\/wp-json\/wp\/v2\/product_brand?post=256461"},{"taxonomy":"product_cat","embeddable":true,"href":"https:\/\/poccky.com\/index.php\/wp-json\/wp\/v2\/product_cat?post=256461"},{"taxonomy":"product_tag","embeddable":true,"href":"https:\/\/poccky.com\/index.php\/wp-json\/wp\/v2\/product_tag?post=256461"}],"curies":[{"name":"wp","href":"https:\/\/api.w.org\/{rel}","templated":true}]}}