{"id":255915,"date":"2023-10-27T04:56:07","date_gmt":"2023-10-27T04:56:07","guid":{"rendered":"https:\/\/poccky.com\/?post_type=product&#038;p=255915"},"modified":"2023-10-27T04:56:08","modified_gmt":"2023-10-27T04:56:08","slug":"zara13","status":"publish","type":"product","link":"https:\/\/poccky.com\/index.php\/product\/zara13\/","title":{"rendered":"Zara13"},"content":{"rendered":"","protected":false},"excerpt":{"rendered":"<p>Jag \u00e4r 29 \u00e5r gammal. Jag har v\u00e4ldigt sexi.G kurvig kvinnlig kropp. ljus mjuk hud. djupa bruna \u00f6gon. blont h\u00e5r. Jag \u00e4r mycket v\u00e4nli.G s\u00e5 inte vara r\u00e4dd f\u00f6r att ber\u00e4tta vad du gillar:)<\/p>\n<p>Jag \u00e4r mycket sty.GG trevlig och rolig tjej!<\/p>\n<p>M\u00f6ten sker ALTID med kondom. suger utan. du kan spruta i min mun.<br \/>\nJag erbjuder<\/p>\n<p>1500 f\u00f6r 30 min<br \/>\n2500 f\u00f6r en sk\u00f6n timma<br \/>\n4000 f\u00f6r tv\u00e5 \u00e4nnu sk\u00f6nare timmar<\/p>\n<p>VIKTIG INFO SVARAR ENDAST P\u00c5 NF! nordicflirts Punkt net<br \/>\nS\u00e5 om du vill komma i direkt kontakt. eller undrar n\u00e5got heter jag Zara d\u00e4r \ud83d\ude42 My details Below mentioned<\/p>\n<p>                Eyes:<br \/>\n                brunaCompanionship rates:<\/p>\n<p>                  1 hour rate<br \/>\n                  2500 SEK<\/p>\n","protected":false},"featured_media":157495,"comment_status":"open","ping_status":"closed","template":"","meta":{"site-sidebar-layout":"default","site-content-layout":"","ast-site-content-layout":"","site-content-style":"default","site-sidebar-style":"default","ast-global-header-display":"","ast-banner-title-visibility":"","ast-main-header-display":"","ast-hfb-above-header-display":"","ast-hfb-below-header-display":"","ast-hfb-mobile-header-display":"","site-post-title":"","ast-breadcrumbs-content":"","ast-featured-img":"","footer-sml-layout":"","theme-transparent-header-meta":"","adv-header-id-meta":"","stick-header-meta":"","header-above-stick-meta":"","header-main-stick-meta":"","header-below-stick-meta":"","astra-migrate-meta-layouts":"default","ast-page-background-enabled":"default","ast-page-background-meta":{"desktop":{"background-color":"var(--ast-global-color-4)","background-image":"","background-repeat":"repeat","background-position":"center center","background-size":"auto","background-attachment":"scroll","background-type":"","background-media":"","overlay-type":"","overlay-color":"","overlay-opacity":"","overlay-gradient":""},"tablet":{"background-color":"","background-image":"","background-repeat":"repeat","background-position":"center center","background-size":"auto","background-attachment":"scroll","background-type":"","background-media":"","overlay-type":"","overlay-color":"","overlay-opacity":"","overlay-gradient":""},"mobile":{"background-color":"","background-image":"","background-repeat":"repeat","background-position":"center center","background-size":"auto","background-attachment":"scroll","background-type":"","background-media":"","overlay-type":"","overlay-color":"","overlay-opacity":"","overlay-gradient":""}},"ast-content-background-meta":{"desktop":{"background-color":"var(--ast-global-color-5)","background-image":"","background-repeat":"repeat","background-position":"center center","background-size":"auto","background-attachment":"scroll","background-type":"","background-media":"","overlay-type":"","overlay-color":"","overlay-opacity":"","overlay-gradient":""},"tablet":{"background-color":"var(--ast-global-color-5)","background-image":"","background-repeat":"repeat","background-position":"center center","background-size":"auto","background-attachment":"scroll","background-type":"","background-media":"","overlay-type":"","overlay-color":"","overlay-opacity":"","overlay-gradient":""},"mobile":{"background-color":"var(--ast-global-color-5)","background-image":"","background-repeat":"repeat","background-position":"center center","background-size":"auto","background-attachment":"scroll","background-type":"","background-media":"","overlay-type":"","overlay-color":"","overlay-opacity":"","overlay-gradient":""}}},"product_brand":[],"product_cat":[188,1115,957],"product_tag":[],"class_list":{"0":"post-255915","1":"product","2":"type-product","3":"status-publish","4":"has-post-thumbnail","6":"product_cat-freelancer","7":"product_cat-stockholm","8":"product_cat-sweden","9":"desktop-align-left","10":"tablet-align-left","11":"mobile-align-left","13":"first","14":"instock","15":"shipping-taxable","16":"product-type-simple"},"_links":{"self":[{"href":"https:\/\/poccky.com\/index.php\/wp-json\/wp\/v2\/product\/255915","targetHints":{"allow":["GET"]}}],"collection":[{"href":"https:\/\/poccky.com\/index.php\/wp-json\/wp\/v2\/product"}],"about":[{"href":"https:\/\/poccky.com\/index.php\/wp-json\/wp\/v2\/types\/product"}],"replies":[{"embeddable":true,"href":"https:\/\/poccky.com\/index.php\/wp-json\/wp\/v2\/comments?post=255915"}],"wp:featuredmedia":[{"embeddable":true,"href":"https:\/\/poccky.com\/index.php\/wp-json\/wp\/v2\/media\/157495"}],"wp:attachment":[{"href":"https:\/\/poccky.com\/index.php\/wp-json\/wp\/v2\/media?parent=255915"}],"wp:term":[{"taxonomy":"product_brand","embeddable":true,"href":"https:\/\/poccky.com\/index.php\/wp-json\/wp\/v2\/product_brand?post=255915"},{"taxonomy":"product_cat","embeddable":true,"href":"https:\/\/poccky.com\/index.php\/wp-json\/wp\/v2\/product_cat?post=255915"},{"taxonomy":"product_tag","embeddable":true,"href":"https:\/\/poccky.com\/index.php\/wp-json\/wp\/v2\/product_tag?post=255915"}],"curies":[{"name":"wp","href":"https:\/\/api.w.org\/{rel}","templated":true}]}}