{"id":255678,"date":"2023-10-27T04:27:14","date_gmt":"2023-10-27T04:27:14","guid":{"rendered":"https:\/\/poccky.com\/?post_type=product&#038;p=255678"},"modified":"2023-10-27T04:27:21","modified_gmt":"2023-10-27T04:27:21","slug":"alyssa-6","status":"publish","type":"product","link":"https:\/\/poccky.com\/index.php\/product\/alyssa-6\/","title":{"rendered":"Alyssa"},"content":{"rendered":"","protected":false},"excerpt":{"rendered":"<p>Soy una mujer joven de piel morena. todo mi cuerpo es natural y soy muy cari\u00f1osa. Me gustan los encuentros en los cuales pueda conocer a mi cliente y que no sea algo mec\u00e1nico. es por eso que mi servicio es m\u00e1s que completo. Pienso que el sexo muchas veces trasciende las sabanas. es por eso que me tomo mi tiempo para poder conversar y conocer al otro. de esta manera a la hora del sexo todo es mas ameno y mucho mas rico. Soy educada. respetuosa y culta. Tambi\u00e9n tengo mis servicios de Acompa\u00f1ante. as\u00ed sea a cenas. almuerzos. meriendas. teatros. eventos. etc. My details Below mentioned<\/p>\n<p>                Nationality:<br \/>\n                Argentinean <\/p>\n<p>                Languages:<br \/>\n                Spanishphone_android Phone:<br \/>\n          +5491130237408Companionship rates:<\/p>\n<p>                  1 hour rate<br \/>\n                  100 USD<\/p>\n<p>                  2 hours rate<br \/>\n                  200 USD<\/p>\n<p>                  3 hours rate<br \/>\n                  300 USD<\/p>\n","protected":false},"featured_media":152613,"comment_status":"open","ping_status":"closed","template":"","meta":{"site-sidebar-layout":"default","site-content-layout":"","ast-site-content-layout":"","site-content-style":"default","site-sidebar-style":"default","ast-global-header-display":"","ast-banner-title-visibility":"","ast-main-header-display":"","ast-hfb-above-header-display":"","ast-hfb-below-header-display":"","ast-hfb-mobile-header-display":"","site-post-title":"","ast-breadcrumbs-content":"","ast-featured-img":"","footer-sml-layout":"","theme-transparent-header-meta":"","adv-header-id-meta":"","stick-header-meta":"","header-above-stick-meta":"","header-main-stick-meta":"","header-below-stick-meta":"","astra-migrate-meta-layouts":"default","ast-page-background-enabled":"default","ast-page-background-meta":{"desktop":{"background-color":"var(--ast-global-color-4)","background-image":"","background-repeat":"repeat","background-position":"center center","background-size":"auto","background-attachment":"scroll","background-type":"","background-media":"","overlay-type":"","overlay-color":"","overlay-opacity":"","overlay-gradient":""},"tablet":{"background-color":"","background-image":"","background-repeat":"repeat","background-position":"center center","background-size":"auto","background-attachment":"scroll","background-type":"","background-media":"","overlay-type":"","overlay-color":"","overlay-opacity":"","overlay-gradient":""},"mobile":{"background-color":"","background-image":"","background-repeat":"repeat","background-position":"center center","background-size":"auto","background-attachment":"scroll","background-type":"","background-media":"","overlay-type":"","overlay-color":"","overlay-opacity":"","overlay-gradient":""}},"ast-content-background-meta":{"desktop":{"background-color":"var(--ast-global-color-5)","background-image":"","background-repeat":"repeat","background-position":"center center","background-size":"auto","background-attachment":"scroll","background-type":"","background-media":"","overlay-type":"","overlay-color":"","overlay-opacity":"","overlay-gradient":""},"tablet":{"background-color":"var(--ast-global-color-5)","background-image":"","background-repeat":"repeat","background-position":"center center","background-size":"auto","background-attachment":"scroll","background-type":"","background-media":"","overlay-type":"","overlay-color":"","overlay-opacity":"","overlay-gradient":""},"mobile":{"background-color":"var(--ast-global-color-5)","background-image":"","background-repeat":"repeat","background-position":"center center","background-size":"auto","background-attachment":"scroll","background-type":"","background-media":"","overlay-type":"","overlay-color":"","overlay-opacity":"","overlay-gradient":""}}},"product_brand":[],"product_cat":[823,1132,188],"product_tag":[],"class_list":{"0":"post-255678","1":"product","2":"type-product","3":"status-publish","4":"has-post-thumbnail","6":"product_cat-argentina","7":"product_cat-buenos-aires","8":"product_cat-freelancer","9":"desktop-align-left","10":"tablet-align-left","11":"mobile-align-left","13":"first","14":"instock","15":"shipping-taxable","16":"product-type-simple"},"_links":{"self":[{"href":"https:\/\/poccky.com\/index.php\/wp-json\/wp\/v2\/product\/255678","targetHints":{"allow":["GET"]}}],"collection":[{"href":"https:\/\/poccky.com\/index.php\/wp-json\/wp\/v2\/product"}],"about":[{"href":"https:\/\/poccky.com\/index.php\/wp-json\/wp\/v2\/types\/product"}],"replies":[{"embeddable":true,"href":"https:\/\/poccky.com\/index.php\/wp-json\/wp\/v2\/comments?post=255678"}],"wp:featuredmedia":[{"embeddable":true,"href":"https:\/\/poccky.com\/index.php\/wp-json\/wp\/v2\/media\/152613"}],"wp:attachment":[{"href":"https:\/\/poccky.com\/index.php\/wp-json\/wp\/v2\/media?parent=255678"}],"wp:term":[{"taxonomy":"product_brand","embeddable":true,"href":"https:\/\/poccky.com\/index.php\/wp-json\/wp\/v2\/product_brand?post=255678"},{"taxonomy":"product_cat","embeddable":true,"href":"https:\/\/poccky.com\/index.php\/wp-json\/wp\/v2\/product_cat?post=255678"},{"taxonomy":"product_tag","embeddable":true,"href":"https:\/\/poccky.com\/index.php\/wp-json\/wp\/v2\/product_tag?post=255678"}],"curies":[{"name":"wp","href":"https:\/\/api.w.org\/{rel}","templated":true}]}}