{"id":254543,"date":"2023-10-26T23:14:37","date_gmt":"2023-10-26T23:14:37","guid":{"rendered":"https:\/\/poccky.com\/?post_type=product&#038;p=254543"},"modified":"2023-10-26T23:14:42","modified_gmt":"2023-10-26T23:14:42","slug":"maria-42","status":"publish","type":"product","link":"https:\/\/poccky.com\/index.php\/product\/maria-42\/","title":{"rendered":"Maria 42"},"content":{"rendered":"","protected":false},"excerpt":{"rendered":"<p>If you are a man who is looking for variety. adventure and eroticism. just to forget everyday life and have a nice and uncomplicated time. then call me. I offer you an erotic experience with a delicate massage. foreplay. repeated intercourse with protection and a lot of fun. Cuddling and tender togetherness (kissing) are of course included. I would be glad to visit you in your hotel.<\/p>\n<p>Solltest Du ein Mann sein. der die Abwechslun.G das Abenteuer und die Erotik sucht. um einfach mal den Alltag zu vergessen und eine sch\u00f6ne und unkomplizierte Zeit zu verbringen. dann rufe mich an.<br \/>\nIch biete Dir ein erotisches Erlebnis mit einer zarten Massage. einem franz\u00f6sischen Vorspiel (gern auch gegenseitig). mehrmaligen Verkehr mit Schutz und viel Spa\u00df dabei. sowie Kuscheln und z\u00e4rtliches Miteinander (K\u00fcssen) geh\u00f6ren nat\u00fcrlich dazu.<br \/>\nIch w\u00fcrde mich freuen. Dich in Deinem Hotel zu besuchen. My details Below mentioned<\/p>\n<p>                Nationality:<br \/>\n                German <\/p>\n<p>                Languages:<br \/>\n                English<\/p>\n<p>                Age:<br \/>\n                42<\/p>\n<p>                Height:<br \/>\n                172 cm<\/p>\n<p>                Hair:<br \/>\n                braun<\/p>\n<p>                Eyes:<br \/>\n                grauphone_android Phone:<br \/>\n          004915223190936Companionship rates:<\/p>\n<p>                  1 hour rate<br \/>\n                  100 EUR<\/p>\n<p>                  2 hours rate<br \/>\n                  200 EUR<\/p>\n","protected":false},"featured_media":191473,"comment_status":"open","ping_status":"closed","template":"","meta":{"site-sidebar-layout":"default","site-content-layout":"","ast-site-content-layout":"","site-content-style":"default","site-sidebar-style":"default","ast-global-header-display":"","ast-banner-title-visibility":"","ast-main-header-display":"","ast-hfb-above-header-display":"","ast-hfb-below-header-display":"","ast-hfb-mobile-header-display":"","site-post-title":"","ast-breadcrumbs-content":"","ast-featured-img":"","footer-sml-layout":"","theme-transparent-header-meta":"","adv-header-id-meta":"","stick-header-meta":"","header-above-stick-meta":"","header-main-stick-meta":"","header-below-stick-meta":"","astra-migrate-meta-layouts":"default","ast-page-background-enabled":"default","ast-page-background-meta":{"desktop":{"background-color":"var(--ast-global-color-4)","background-image":"","background-repeat":"repeat","background-position":"center center","background-size":"auto","background-attachment":"scroll","background-type":"","background-media":"","overlay-type":"","overlay-color":"","overlay-opacity":"","overlay-gradient":""},"tablet":{"background-color":"","background-image":"","background-repeat":"repeat","background-position":"center center","background-size":"auto","background-attachment":"scroll","background-type":"","background-media":"","overlay-type":"","overlay-color":"","overlay-opacity":"","overlay-gradient":""},"mobile":{"background-color":"","background-image":"","background-repeat":"repeat","background-position":"center center","background-size":"auto","background-attachment":"scroll","background-type":"","background-media":"","overlay-type":"","overlay-color":"","overlay-opacity":"","overlay-gradient":""}},"ast-content-background-meta":{"desktop":{"background-color":"var(--ast-global-color-5)","background-image":"","background-repeat":"repeat","background-position":"center center","background-size":"auto","background-attachment":"scroll","background-type":"","background-media":"","overlay-type":"","overlay-color":"","overlay-opacity":"","overlay-gradient":""},"tablet":{"background-color":"var(--ast-global-color-5)","background-image":"","background-repeat":"repeat","background-position":"center center","background-size":"auto","background-attachment":"scroll","background-type":"","background-media":"","overlay-type":"","overlay-color":"","overlay-opacity":"","overlay-gradient":""},"mobile":{"background-color":"var(--ast-global-color-5)","background-image":"","background-repeat":"repeat","background-position":"center center","background-size":"auto","background-attachment":"scroll","background-type":"","background-media":"","overlay-type":"","overlay-color":"","overlay-opacity":"","overlay-gradient":""}}},"product_brand":[],"product_cat":[996,188,811],"product_tag":[],"class_list":{"0":"post-254543","1":"product","2":"type-product","3":"status-publish","4":"has-post-thumbnail","6":"product_cat-berlin","7":"product_cat-freelancer","8":"product_cat-germany","9":"desktop-align-left","10":"tablet-align-left","11":"mobile-align-left","13":"first","14":"instock","15":"shipping-taxable","16":"product-type-simple"},"_links":{"self":[{"href":"https:\/\/poccky.com\/index.php\/wp-json\/wp\/v2\/product\/254543","targetHints":{"allow":["GET"]}}],"collection":[{"href":"https:\/\/poccky.com\/index.php\/wp-json\/wp\/v2\/product"}],"about":[{"href":"https:\/\/poccky.com\/index.php\/wp-json\/wp\/v2\/types\/product"}],"replies":[{"embeddable":true,"href":"https:\/\/poccky.com\/index.php\/wp-json\/wp\/v2\/comments?post=254543"}],"wp:featuredmedia":[{"embeddable":true,"href":"https:\/\/poccky.com\/index.php\/wp-json\/wp\/v2\/media\/191473"}],"wp:attachment":[{"href":"https:\/\/poccky.com\/index.php\/wp-json\/wp\/v2\/media?parent=254543"}],"wp:term":[{"taxonomy":"product_brand","embeddable":true,"href":"https:\/\/poccky.com\/index.php\/wp-json\/wp\/v2\/product_brand?post=254543"},{"taxonomy":"product_cat","embeddable":true,"href":"https:\/\/poccky.com\/index.php\/wp-json\/wp\/v2\/product_cat?post=254543"},{"taxonomy":"product_tag","embeddable":true,"href":"https:\/\/poccky.com\/index.php\/wp-json\/wp\/v2\/product_tag?post=254543"}],"curies":[{"name":"wp","href":"https:\/\/api.w.org\/{rel}","templated":true}]}}