{"id":254032,"date":"2023-10-26T21:55:51","date_gmt":"2023-10-26T21:55:51","guid":{"rendered":"https:\/\/poccky.com\/?post_type=product&#038;p=254032"},"modified":"2023-10-26T21:55:56","modified_gmt":"2023-10-26T21:55:56","slug":"loanne-prada","status":"publish","type":"product","link":"https:\/\/poccky.com\/index.php\/product\/loanne-prada\/","title":{"rendered":"Loanne Prada"},"content":{"rendered":"","protected":false},"excerpt":{"rendered":"<p>Bonjour. Je me pr\u00e9nomme Loanne Prada. je suis blonde aux yeux verts avec une belle poitrine \u00e0 la 95D naturelle.168 cm pour 53 k.G ma plastique est tr\u00e8s harmonieuse et surtout tr\u00e8s inspirante. Si vous manquiez d\u2019imagination \u00e9rotique. je saurai vous indiquer le chemin le plus propice pour une exploration sereine. exquise et divinement apaisante pour moment de douceur inoubliable. Je serai ravie de vous recevoir pour vous faire partager un moment de d\u00e9tente sexy dans un cadre discret et agr\u00e9able. Je vous r\u00e9serve un accueil chaleureux et un bien-\u00eatre sans \u00e9gal! My details Below mentioned<\/p>\n<p>                Nationality:<br \/>\n                Ukrainian <\/p>\n<p>                Languages:<br \/>\n                French. Italian. Russian. Ukrainian<\/p>\n<p>                Age:<br \/>\n                26<\/p>\n<p>                Height:<br \/>\n                168<\/p>\n<p>                Weight:<br \/>\n                52<\/p>\n<p>                Hair:<br \/>\n                Blonde<\/p>\n<p>                Eyes:<br \/>\n                Verts<\/p>\n<p>                Measurements:<br \/>\n                95D &#8211; 63 &#8211; 98Companionship rates:<\/p>\n<p>                  1 hour rate<br \/>\n                  200 EUR<\/p>\n<p>                  2 hours rate<br \/>\n                  400 EUR<\/p>\n","protected":false},"featured_media":150083,"comment_status":"open","ping_status":"closed","template":"","meta":{"site-sidebar-layout":"default","site-content-layout":"","ast-site-content-layout":"","site-content-style":"default","site-sidebar-style":"default","ast-global-header-display":"","ast-banner-title-visibility":"","ast-main-header-display":"","ast-hfb-above-header-display":"","ast-hfb-below-header-display":"","ast-hfb-mobile-header-display":"","site-post-title":"","ast-breadcrumbs-content":"","ast-featured-img":"","footer-sml-layout":"","theme-transparent-header-meta":"","adv-header-id-meta":"","stick-header-meta":"","header-above-stick-meta":"","header-main-stick-meta":"","header-below-stick-meta":"","astra-migrate-meta-layouts":"default","ast-page-background-enabled":"default","ast-page-background-meta":{"desktop":{"background-color":"var(--ast-global-color-4)","background-image":"","background-repeat":"repeat","background-position":"center center","background-size":"auto","background-attachment":"scroll","background-type":"","background-media":"","overlay-type":"","overlay-color":"","overlay-opacity":"","overlay-gradient":""},"tablet":{"background-color":"","background-image":"","background-repeat":"repeat","background-position":"center center","background-size":"auto","background-attachment":"scroll","background-type":"","background-media":"","overlay-type":"","overlay-color":"","overlay-opacity":"","overlay-gradient":""},"mobile":{"background-color":"","background-image":"","background-repeat":"repeat","background-position":"center center","background-size":"auto","background-attachment":"scroll","background-type":"","background-media":"","overlay-type":"","overlay-color":"","overlay-opacity":"","overlay-gradient":""}},"ast-content-background-meta":{"desktop":{"background-color":"var(--ast-global-color-5)","background-image":"","background-repeat":"repeat","background-position":"center center","background-size":"auto","background-attachment":"scroll","background-type":"","background-media":"","overlay-type":"","overlay-color":"","overlay-opacity":"","overlay-gradient":""},"tablet":{"background-color":"var(--ast-global-color-5)","background-image":"","background-repeat":"repeat","background-position":"center center","background-size":"auto","background-attachment":"scroll","background-type":"","background-media":"","overlay-type":"","overlay-color":"","overlay-opacity":"","overlay-gradient":""},"mobile":{"background-color":"var(--ast-global-color-5)","background-image":"","background-repeat":"repeat","background-position":"center center","background-size":"auto","background-attachment":"scroll","background-type":"","background-media":"","overlay-type":"","overlay-color":"","overlay-opacity":"","overlay-gradient":""}}},"product_brand":[],"product_cat":[244,188,1118],"product_tag":[],"class_list":{"0":"post-254032","1":"product","2":"type-product","3":"status-publish","4":"has-post-thumbnail","6":"product_cat-france","7":"product_cat-freelancer","8":"product_cat-paris","9":"desktop-align-left","10":"tablet-align-left","11":"mobile-align-left","13":"first","14":"instock","15":"shipping-taxable","16":"product-type-simple"},"_links":{"self":[{"href":"https:\/\/poccky.com\/index.php\/wp-json\/wp\/v2\/product\/254032","targetHints":{"allow":["GET"]}}],"collection":[{"href":"https:\/\/poccky.com\/index.php\/wp-json\/wp\/v2\/product"}],"about":[{"href":"https:\/\/poccky.com\/index.php\/wp-json\/wp\/v2\/types\/product"}],"replies":[{"embeddable":true,"href":"https:\/\/poccky.com\/index.php\/wp-json\/wp\/v2\/comments?post=254032"}],"wp:featuredmedia":[{"embeddable":true,"href":"https:\/\/poccky.com\/index.php\/wp-json\/wp\/v2\/media\/150083"}],"wp:attachment":[{"href":"https:\/\/poccky.com\/index.php\/wp-json\/wp\/v2\/media?parent=254032"}],"wp:term":[{"taxonomy":"product_brand","embeddable":true,"href":"https:\/\/poccky.com\/index.php\/wp-json\/wp\/v2\/product_brand?post=254032"},{"taxonomy":"product_cat","embeddable":true,"href":"https:\/\/poccky.com\/index.php\/wp-json\/wp\/v2\/product_cat?post=254032"},{"taxonomy":"product_tag","embeddable":true,"href":"https:\/\/poccky.com\/index.php\/wp-json\/wp\/v2\/product_tag?post=254032"}],"curies":[{"name":"wp","href":"https:\/\/api.w.org\/{rel}","templated":true}]}}