{"id":253993,"date":"2023-10-26T21:49:52","date_gmt":"2023-10-26T21:49:52","guid":{"rendered":"https:\/\/poccky.com\/?post_type=product&#038;p=253993"},"modified":"2023-10-26T21:49:59","modified_gmt":"2023-10-26T21:49:59","slug":"alicy","status":"publish","type":"product","link":"https:\/\/poccky.com\/index.php\/product\/alicy\/","title":{"rendered":"Alicy"},"content":{"rendered":"","protected":false},"excerpt":{"rendered":"<p>Hola mi amor. mi nombre es Alice y soy una escort de 19 a\u00f1os morena y muy bonita. De naturaleza natural. soy una persona que te brindar\u00e1 una atenci\u00f3n liberal personalizada.<br \/>\nHermosa y tremendamente sexy. te garantizo que mi trato ser\u00e1 como de novia. Tengo un cuerpo hermoso y una mirada seductora. En m\u00ed ver\u00e1s a esa mujer con la que tanto has querido compartir un encuentro \u00edntimo.<br \/>\nSi buscas un servicio de alta calidad. soy la opci\u00f3n perfecta para ti. Te espero en mi piso muy acogedor y muy discreto por el Centro de Madrid capital.<br \/>\nLl\u00e1mame ya al tel\u00e9fono 603150674 y estar\u00e9 encantada de reservarte una cita. My details Below mentioned<\/p>\n<p>                Nationality:<br \/>\n                Brazilian <\/p>\n<p>                Languages:<br \/>\n                Portuguese. Spanish<\/p>\n<p>                Age:<br \/>\n                19<\/p>\n<p>                Height:<br \/>\n                163<\/p>\n<p>                Weight:<br \/>\n                51<\/p>\n<p>                Hair:<br \/>\n                Medium<\/p>\n<p>                Eyes:<br \/>\n                Black <\/p>\n<p>                Measurements:<br \/>\n                80-60-90phone_android Phone:<br \/>\n          +34603150674Companionship rates:<\/p>\n<p>                  1 hour rate<br \/>\n                  180 EUR<\/p>\n<p>                  2 hours rate<br \/>\n                  300 EUR<\/p>\n","protected":false},"featured_media":156981,"comment_status":"open","ping_status":"closed","template":"","meta":{"site-sidebar-layout":"default","site-content-layout":"","ast-site-content-layout":"","site-content-style":"default","site-sidebar-style":"default","ast-global-header-display":"","ast-banner-title-visibility":"","ast-main-header-display":"","ast-hfb-above-header-display":"","ast-hfb-below-header-display":"","ast-hfb-mobile-header-display":"","site-post-title":"","ast-breadcrumbs-content":"","ast-featured-img":"","footer-sml-layout":"","theme-transparent-header-meta":"","adv-header-id-meta":"","stick-header-meta":"","header-above-stick-meta":"","header-main-stick-meta":"","header-below-stick-meta":"","astra-migrate-meta-layouts":"default","ast-page-background-enabled":"default","ast-page-background-meta":{"desktop":{"background-color":"var(--ast-global-color-4)","background-image":"","background-repeat":"repeat","background-position":"center center","background-size":"auto","background-attachment":"scroll","background-type":"","background-media":"","overlay-type":"","overlay-color":"","overlay-opacity":"","overlay-gradient":""},"tablet":{"background-color":"","background-image":"","background-repeat":"repeat","background-position":"center center","background-size":"auto","background-attachment":"scroll","background-type":"","background-media":"","overlay-type":"","overlay-color":"","overlay-opacity":"","overlay-gradient":""},"mobile":{"background-color":"","background-image":"","background-repeat":"repeat","background-position":"center center","background-size":"auto","background-attachment":"scroll","background-type":"","background-media":"","overlay-type":"","overlay-color":"","overlay-opacity":"","overlay-gradient":""}},"ast-content-background-meta":{"desktop":{"background-color":"var(--ast-global-color-5)","background-image":"","background-repeat":"repeat","background-position":"center center","background-size":"auto","background-attachment":"scroll","background-type":"","background-media":"","overlay-type":"","overlay-color":"","overlay-opacity":"","overlay-gradient":""},"tablet":{"background-color":"var(--ast-global-color-5)","background-image":"","background-repeat":"repeat","background-position":"center center","background-size":"auto","background-attachment":"scroll","background-type":"","background-media":"","overlay-type":"","overlay-color":"","overlay-opacity":"","overlay-gradient":""},"mobile":{"background-color":"var(--ast-global-color-5)","background-image":"","background-repeat":"repeat","background-position":"center center","background-size":"auto","background-attachment":"scroll","background-type":"","background-media":"","overlay-type":"","overlay-color":"","overlay-opacity":"","overlay-gradient":""}}},"product_brand":[],"product_cat":[188,1116,1014],"product_tag":[],"class_list":{"0":"post-253993","1":"product","2":"type-product","3":"status-publish","4":"has-post-thumbnail","6":"product_cat-freelancer","7":"product_cat-madrid","8":"product_cat-spain","9":"desktop-align-left","10":"tablet-align-left","11":"mobile-align-left","13":"first","14":"instock","15":"shipping-taxable","16":"product-type-simple"},"_links":{"self":[{"href":"https:\/\/poccky.com\/index.php\/wp-json\/wp\/v2\/product\/253993","targetHints":{"allow":["GET"]}}],"collection":[{"href":"https:\/\/poccky.com\/index.php\/wp-json\/wp\/v2\/product"}],"about":[{"href":"https:\/\/poccky.com\/index.php\/wp-json\/wp\/v2\/types\/product"}],"replies":[{"embeddable":true,"href":"https:\/\/poccky.com\/index.php\/wp-json\/wp\/v2\/comments?post=253993"}],"wp:featuredmedia":[{"embeddable":true,"href":"https:\/\/poccky.com\/index.php\/wp-json\/wp\/v2\/media\/156981"}],"wp:attachment":[{"href":"https:\/\/poccky.com\/index.php\/wp-json\/wp\/v2\/media?parent=253993"}],"wp:term":[{"taxonomy":"product_brand","embeddable":true,"href":"https:\/\/poccky.com\/index.php\/wp-json\/wp\/v2\/product_brand?post=253993"},{"taxonomy":"product_cat","embeddable":true,"href":"https:\/\/poccky.com\/index.php\/wp-json\/wp\/v2\/product_cat?post=253993"},{"taxonomy":"product_tag","embeddable":true,"href":"https:\/\/poccky.com\/index.php\/wp-json\/wp\/v2\/product_tag?post=253993"}],"curies":[{"name":"wp","href":"https:\/\/api.w.org\/{rel}","templated":true}]}}