{"id":253963,"date":"2023-10-26T21:45:14","date_gmt":"2023-10-26T21:45:14","guid":{"rendered":"https:\/\/poccky.com\/?post_type=product&#038;p=253963"},"modified":"2023-10-26T21:45:20","modified_gmt":"2023-10-26T21:45:20","slug":"sophia-brazil","status":"publish","type":"product","link":"https:\/\/poccky.com\/index.php\/product\/sophia-brazil\/","title":{"rendered":"Sophia Brazil"},"content":{"rendered":"","protected":false},"excerpt":{"rendered":"<p>Je suis br\u00e9silienne chaude et l\u00e0 pour quelques mois. Je re\u00e7ois homme courtois dans un appartement discret propre et calme pr\u00e8s du m\u00e9tro Cambronne (6)<br \/>\nJe aime tout&#8230; mais pas sodo.<\/p>\n<p>Je vous re\u00e7ois en lingerie sexy..<\/p>\n<p>Douche possible avant et apr\u00e8s. j&#8217;attache bcp d&#8217;importance \u00e0 l&#8217;hygi\u00e8ne. donc j&#8217;esp\u00e8re que vous aussi.<\/p>\n<p>Les photos c&#8217;est bien moi \ud83d\ude09<\/p>\n<p>contact uniquement par SMS :<br \/>\nJe r\u00e9ponds pas sur le site.<\/p>\n<p>bisous \ud83d\ude09<\/p>\n<p>&#8212;&#8211;<\/p>\n<p>Hi guys. i&#8217;m a hot brazilian girl here for few month. I receive gentlemen in a discreet in clean appartment near metro Cambronne (6).<br \/>\nI like everything.. just no anal.<\/p>\n<p>I will receive you dressed in sexy lingerie..<\/p>\n<p>Shower possible before and after. Hygien is very important to me. i hope for you too.<\/p>\n<p>My pics are real \ud83d\ude09<\/p>\n<p>Contact only by SMS :<br \/>\nI don&#8217;t reply to messages on the website.<\/p>\n<p>Kisses \ud83d\ude09 My details Below mentioned<\/p>\n<p>                Nationality:<br \/>\n                Brazilian <\/p>\n<p>                Languages:<br \/>\n                English. Portuguese<\/p>\n<p>                Age:<br \/>\n                20<\/p>\n<p>                Height:<br \/>\n                165<\/p>\n<p>                Weight:<br \/>\n                50<\/p>\n<p>                Hair:<br \/>\n                blond<\/p>\n<p>                Eyes:<br \/>\n                black<\/p>\n<p>                Measurements:<br \/>\n                85-70-85Companionship rates:<\/p>\n<p>                  1 hour rate<br \/>\n                  150 EUR<\/p>\n<p>                  2 hours rate<br \/>\n                  270 EUR<\/p>\n","protected":false},"featured_media":153129,"comment_status":"open","ping_status":"closed","template":"","meta":{"site-sidebar-layout":"default","site-content-layout":"","ast-site-content-layout":"","site-content-style":"default","site-sidebar-style":"default","ast-global-header-display":"","ast-banner-title-visibility":"","ast-main-header-display":"","ast-hfb-above-header-display":"","ast-hfb-below-header-display":"","ast-hfb-mobile-header-display":"","site-post-title":"","ast-breadcrumbs-content":"","ast-featured-img":"","footer-sml-layout":"","theme-transparent-header-meta":"","adv-header-id-meta":"","stick-header-meta":"","header-above-stick-meta":"","header-main-stick-meta":"","header-below-stick-meta":"","astra-migrate-meta-layouts":"default","ast-page-background-enabled":"default","ast-page-background-meta":{"desktop":{"background-color":"var(--ast-global-color-4)","background-image":"","background-repeat":"repeat","background-position":"center center","background-size":"auto","background-attachment":"scroll","background-type":"","background-media":"","overlay-type":"","overlay-color":"","overlay-opacity":"","overlay-gradient":""},"tablet":{"background-color":"","background-image":"","background-repeat":"repeat","background-position":"center center","background-size":"auto","background-attachment":"scroll","background-type":"","background-media":"","overlay-type":"","overlay-color":"","overlay-opacity":"","overlay-gradient":""},"mobile":{"background-color":"","background-image":"","background-repeat":"repeat","background-position":"center center","background-size":"auto","background-attachment":"scroll","background-type":"","background-media":"","overlay-type":"","overlay-color":"","overlay-opacity":"","overlay-gradient":""}},"ast-content-background-meta":{"desktop":{"background-color":"var(--ast-global-color-5)","background-image":"","background-repeat":"repeat","background-position":"center center","background-size":"auto","background-attachment":"scroll","background-type":"","background-media":"","overlay-type":"","overlay-color":"","overlay-opacity":"","overlay-gradient":""},"tablet":{"background-color":"var(--ast-global-color-5)","background-image":"","background-repeat":"repeat","background-position":"center center","background-size":"auto","background-attachment":"scroll","background-type":"","background-media":"","overlay-type":"","overlay-color":"","overlay-opacity":"","overlay-gradient":""},"mobile":{"background-color":"var(--ast-global-color-5)","background-image":"","background-repeat":"repeat","background-position":"center center","background-size":"auto","background-attachment":"scroll","background-type":"","background-media":"","overlay-type":"","overlay-color":"","overlay-opacity":"","overlay-gradient":""}}},"product_brand":[],"product_cat":[244,188,1118],"product_tag":[],"class_list":{"0":"post-253963","1":"product","2":"type-product","3":"status-publish","4":"has-post-thumbnail","6":"product_cat-france","7":"product_cat-freelancer","8":"product_cat-paris","9":"desktop-align-left","10":"tablet-align-left","11":"mobile-align-left","13":"first","14":"instock","15":"shipping-taxable","16":"product-type-simple"},"_links":{"self":[{"href":"https:\/\/poccky.com\/index.php\/wp-json\/wp\/v2\/product\/253963","targetHints":{"allow":["GET"]}}],"collection":[{"href":"https:\/\/poccky.com\/index.php\/wp-json\/wp\/v2\/product"}],"about":[{"href":"https:\/\/poccky.com\/index.php\/wp-json\/wp\/v2\/types\/product"}],"replies":[{"embeddable":true,"href":"https:\/\/poccky.com\/index.php\/wp-json\/wp\/v2\/comments?post=253963"}],"wp:featuredmedia":[{"embeddable":true,"href":"https:\/\/poccky.com\/index.php\/wp-json\/wp\/v2\/media\/153129"}],"wp:attachment":[{"href":"https:\/\/poccky.com\/index.php\/wp-json\/wp\/v2\/media?parent=253963"}],"wp:term":[{"taxonomy":"product_brand","embeddable":true,"href":"https:\/\/poccky.com\/index.php\/wp-json\/wp\/v2\/product_brand?post=253963"},{"taxonomy":"product_cat","embeddable":true,"href":"https:\/\/poccky.com\/index.php\/wp-json\/wp\/v2\/product_cat?post=253963"},{"taxonomy":"product_tag","embeddable":true,"href":"https:\/\/poccky.com\/index.php\/wp-json\/wp\/v2\/product_tag?post=253963"}],"curies":[{"name":"wp","href":"https:\/\/api.w.org\/{rel}","templated":true}]}}