{"id":253906,"date":"2023-10-26T21:36:29","date_gmt":"2023-10-26T21:36:29","guid":{"rendered":"https:\/\/poccky.com\/?post_type=product&#038;p=253906"},"modified":"2023-10-26T21:37:09","modified_gmt":"2023-10-26T21:37:09","slug":"elsa-4","status":"publish","type":"product","link":"https:\/\/poccky.com\/index.php\/product\/elsa-4\/","title":{"rendered":"Elsa"},"content":{"rendered":"","protected":false},"excerpt":{"rendered":"<p>I\u2019m an independent 26- year old Finnish girl. I\u2019m not experienced in escorting and I&#8217;m quite selective with my customers. I&#8217;m very natural. not a lot of make up. perfume. no tattoos or piercings. All natural.<\/p>\n<p>Olen suomalainen tytt\u00f6 uusi n\u00e4iss\u00e4 hommissa. ja olen valikoiva asiakkaiden kanssa. Olen luonnollinen. en k\u00e4yt\u00e4 paljon meikki\u00e4 tai hajusteita. Ei tatuointeja tai l\u00e4vistyksi\u00e4. Kaikki luomua.<\/p>\n<p>Kik: elsa.baby My details Below mentioned<\/p>\n<p>                Nationality:<br \/>\n                Finnish <\/p>\n<p>                Languages:<br \/>\n                English. Finnish<\/p>\n<p>                Age:<br \/>\n                26<\/p>\n<p>                Height:<br \/>\n                167 cm<\/p>\n<p>                Weight:<br \/>\n                55 kg<\/p>\n<p>                Hair:<br \/>\n                Blonde<\/p>\n<p>                Eyes:<br \/>\n                GreenCompanionship rates:<\/p>\n<p>                  1 hour rate<br \/>\n                  300 EUR<\/p>\n<p>                  2 hours rate<br \/>\n                  450 EUR<\/p>\n<p>                  3 hours rate<br \/>\n                  600 EUR<\/p>\n<p>                  full night rate<br \/>\n                  1200 EUR<\/p>\n","protected":false},"featured_media":0,"comment_status":"open","ping_status":"closed","template":"","meta":{"site-sidebar-layout":"default","site-content-layout":"","ast-site-content-layout":"","site-content-style":"default","site-sidebar-style":"default","ast-global-header-display":"","ast-banner-title-visibility":"","ast-main-header-display":"","ast-hfb-above-header-display":"","ast-hfb-below-header-display":"","ast-hfb-mobile-header-display":"","site-post-title":"","ast-breadcrumbs-content":"","ast-featured-img":"","footer-sml-layout":"","theme-transparent-header-meta":"","adv-header-id-meta":"","stick-header-meta":"","header-above-stick-meta":"","header-main-stick-meta":"","header-below-stick-meta":"","astra-migrate-meta-layouts":"default","ast-page-background-enabled":"default","ast-page-background-meta":{"desktop":{"background-color":"var(--ast-global-color-4)","background-image":"","background-repeat":"repeat","background-position":"center center","background-size":"auto","background-attachment":"scroll","background-type":"","background-media":"","overlay-type":"","overlay-color":"","overlay-opacity":"","overlay-gradient":""},"tablet":{"background-color":"","background-image":"","background-repeat":"repeat","background-position":"center center","background-size":"auto","background-attachment":"scroll","background-type":"","background-media":"","overlay-type":"","overlay-color":"","overlay-opacity":"","overlay-gradient":""},"mobile":{"background-color":"","background-image":"","background-repeat":"repeat","background-position":"center center","background-size":"auto","background-attachment":"scroll","background-type":"","background-media":"","overlay-type":"","overlay-color":"","overlay-opacity":"","overlay-gradient":""}},"ast-content-background-meta":{"desktop":{"background-color":"var(--ast-global-color-5)","background-image":"","background-repeat":"repeat","background-position":"center center","background-size":"auto","background-attachment":"scroll","background-type":"","background-media":"","overlay-type":"","overlay-color":"","overlay-opacity":"","overlay-gradient":""},"tablet":{"background-color":"var(--ast-global-color-5)","background-image":"","background-repeat":"repeat","background-position":"center center","background-size":"auto","background-attachment":"scroll","background-type":"","background-media":"","overlay-type":"","overlay-color":"","overlay-opacity":"","overlay-gradient":""},"mobile":{"background-color":"var(--ast-global-color-5)","background-image":"","background-repeat":"repeat","background-position":"center center","background-size":"auto","background-attachment":"scroll","background-type":"","background-media":"","overlay-type":"","overlay-color":"","overlay-opacity":"","overlay-gradient":""}}},"product_brand":[],"product_cat":[868,188,1128],"product_tag":[],"class_list":{"0":"post-253906","1":"product","2":"type-product","3":"status-publish","5":"product_cat-finland","6":"product_cat-freelancer","7":"product_cat-helsinki","8":"desktop-align-left","9":"tablet-align-left","10":"mobile-align-left","12":"first","13":"instock","14":"shipping-taxable","15":"product-type-simple"},"_links":{"self":[{"href":"https:\/\/poccky.com\/index.php\/wp-json\/wp\/v2\/product\/253906","targetHints":{"allow":["GET"]}}],"collection":[{"href":"https:\/\/poccky.com\/index.php\/wp-json\/wp\/v2\/product"}],"about":[{"href":"https:\/\/poccky.com\/index.php\/wp-json\/wp\/v2\/types\/product"}],"replies":[{"embeddable":true,"href":"https:\/\/poccky.com\/index.php\/wp-json\/wp\/v2\/comments?post=253906"}],"wp:attachment":[{"href":"https:\/\/poccky.com\/index.php\/wp-json\/wp\/v2\/media?parent=253906"}],"wp:term":[{"taxonomy":"product_brand","embeddable":true,"href":"https:\/\/poccky.com\/index.php\/wp-json\/wp\/v2\/product_brand?post=253906"},{"taxonomy":"product_cat","embeddable":true,"href":"https:\/\/poccky.com\/index.php\/wp-json\/wp\/v2\/product_cat?post=253906"},{"taxonomy":"product_tag","embeddable":true,"href":"https:\/\/poccky.com\/index.php\/wp-json\/wp\/v2\/product_tag?post=253906"}],"curies":[{"name":"wp","href":"https:\/\/api.w.org\/{rel}","templated":true}]}}