{"id":253819,"date":"2023-10-26T21:23:07","date_gmt":"2023-10-26T21:23:07","guid":{"rendered":"https:\/\/poccky.com\/?post_type=product&#038;p=253819"},"modified":"2023-10-26T21:23:11","modified_gmt":"2023-10-26T21:23:11","slug":"lorie","status":"publish","type":"product","link":"https:\/\/poccky.com\/index.php\/product\/lorie\/","title":{"rendered":"LORIE"},"content":{"rendered":"","protected":false},"excerpt":{"rendered":"<p>bonjour \u00e0 tous. je me pr\u00e9sente:<br \/>\nJe m&#8217;appelle Lorie. je suis une jeune femme de 19ans. je suis etudiante en commerce et je suis d&#8217;origine franco-japonaise.<br \/>\nMes mensurations respectives sont: Je fais 1m70. 54 kilos. 85b de tour de poitrine.<br \/>\nPour parler un peu plus de moi: j&#8217;avoue \u00eatre de nature tr\u00e8s douce et caline. d&#8217;une gentillesse extr\u00eame. ainsi que tr\u00e8s a fond sur mes principes.<br \/>\nJe me consid\u00e8re comme \u00e9tant une femme coquette. tr\u00e8s tr\u00e8s propre et soign\u00e9e. j&#8217;aime les bonnes choses. je suis tr\u00e8s ouverte \u00e0 la d\u00e9couverte de la gente humaine. malgr\u00e9 que je reste dans le classique (rires). Je pr\u00e9cise en tant que demoiselle de compagnie \u00eatre occasionelle et d\u00e9butante. alors pour les petits malins ind\u00e9cis. pervers. fantasmeurs et irrespectueux. ne perdez pas votre temps ni le miens.<br \/>\nJe suis jeune certes. d\u00e9butante certes. tr\u00e8s gentille aussi mais d\u00e9tentrice d&#8217;un fort caract\u00e8re. \u00e0 bon entendeur.<\/p>\n<p>La rencontre se passe selon le feeling uniquement.<br \/>\nPolitesse oblige. merci<\/p>\n<p>ps: merci de bien prendre en consid\u00e9ration mes exigences avant de me contacter.<\/p>\n<p>Manque d&#8217;hygiene et d\u00e9placement hors de Paris c&#8217;est non n\u00e9gociable.<\/p>\n<p>Je ne r\u00e9pond ni aux emails ni aux sms.<\/p>\n<p>Merci et bonne rencontre \u00e0 tous My details Below mentioned<\/p>\n<p>                Nationality:<br \/>\n                French <\/p>\n<p>                Languages:<br \/>\n                English. French<\/p>\n<p>                Age:<br \/>\n                19<\/p>\n<p>                Height:<br \/>\n                170<\/p>\n<p>                Weight:<br \/>\n                54 kg<\/p>\n<p>                Hair:<br \/>\n                black hair <\/p>\n<p>                Eyes:<br \/>\n                black<\/p>\n","protected":false},"featured_media":0,"comment_status":"open","ping_status":"closed","template":"","meta":{"site-sidebar-layout":"default","site-content-layout":"","ast-site-content-layout":"","site-content-style":"default","site-sidebar-style":"default","ast-global-header-display":"","ast-banner-title-visibility":"","ast-main-header-display":"","ast-hfb-above-header-display":"","ast-hfb-below-header-display":"","ast-hfb-mobile-header-display":"","site-post-title":"","ast-breadcrumbs-content":"","ast-featured-img":"","footer-sml-layout":"","theme-transparent-header-meta":"","adv-header-id-meta":"","stick-header-meta":"","header-above-stick-meta":"","header-main-stick-meta":"","header-below-stick-meta":"","astra-migrate-meta-layouts":"default","ast-page-background-enabled":"default","ast-page-background-meta":{"desktop":{"background-color":"var(--ast-global-color-4)","background-image":"","background-repeat":"repeat","background-position":"center center","background-size":"auto","background-attachment":"scroll","background-type":"","background-media":"","overlay-type":"","overlay-color":"","overlay-opacity":"","overlay-gradient":""},"tablet":{"background-color":"","background-image":"","background-repeat":"repeat","background-position":"center center","background-size":"auto","background-attachment":"scroll","background-type":"","background-media":"","overlay-type":"","overlay-color":"","overlay-opacity":"","overlay-gradient":""},"mobile":{"background-color":"","background-image":"","background-repeat":"repeat","background-position":"center center","background-size":"auto","background-attachment":"scroll","background-type":"","background-media":"","overlay-type":"","overlay-color":"","overlay-opacity":"","overlay-gradient":""}},"ast-content-background-meta":{"desktop":{"background-color":"var(--ast-global-color-5)","background-image":"","background-repeat":"repeat","background-position":"center center","background-size":"auto","background-attachment":"scroll","background-type":"","background-media":"","overlay-type":"","overlay-color":"","overlay-opacity":"","overlay-gradient":""},"tablet":{"background-color":"var(--ast-global-color-5)","background-image":"","background-repeat":"repeat","background-position":"center center","background-size":"auto","background-attachment":"scroll","background-type":"","background-media":"","overlay-type":"","overlay-color":"","overlay-opacity":"","overlay-gradient":""},"mobile":{"background-color":"var(--ast-global-color-5)","background-image":"","background-repeat":"repeat","background-position":"center center","background-size":"auto","background-attachment":"scroll","background-type":"","background-media":"","overlay-type":"","overlay-color":"","overlay-opacity":"","overlay-gradient":""}}},"product_brand":[],"product_cat":[244,188,1118],"product_tag":[],"class_list":{"0":"post-253819","1":"product","2":"type-product","3":"status-publish","5":"product_cat-france","6":"product_cat-freelancer","7":"product_cat-paris","8":"desktop-align-left","9":"tablet-align-left","10":"mobile-align-left","12":"first","13":"instock","14":"shipping-taxable","15":"product-type-simple"},"_links":{"self":[{"href":"https:\/\/poccky.com\/index.php\/wp-json\/wp\/v2\/product\/253819","targetHints":{"allow":["GET"]}}],"collection":[{"href":"https:\/\/poccky.com\/index.php\/wp-json\/wp\/v2\/product"}],"about":[{"href":"https:\/\/poccky.com\/index.php\/wp-json\/wp\/v2\/types\/product"}],"replies":[{"embeddable":true,"href":"https:\/\/poccky.com\/index.php\/wp-json\/wp\/v2\/comments?post=253819"}],"wp:attachment":[{"href":"https:\/\/poccky.com\/index.php\/wp-json\/wp\/v2\/media?parent=253819"}],"wp:term":[{"taxonomy":"product_brand","embeddable":true,"href":"https:\/\/poccky.com\/index.php\/wp-json\/wp\/v2\/product_brand?post=253819"},{"taxonomy":"product_cat","embeddable":true,"href":"https:\/\/poccky.com\/index.php\/wp-json\/wp\/v2\/product_cat?post=253819"},{"taxonomy":"product_tag","embeddable":true,"href":"https:\/\/poccky.com\/index.php\/wp-json\/wp\/v2\/product_tag?post=253819"}],"curies":[{"name":"wp","href":"https:\/\/api.w.org\/{rel}","templated":true}]}}