{"id":253504,"date":"2023-10-26T20:34:03","date_gmt":"2023-10-26T20:34:03","guid":{"rendered":"https:\/\/poccky.com\/?post_type=product&#038;p=253504"},"modified":"2023-10-26T20:34:09","modified_gmt":"2023-10-26T20:34:09","slug":"kelly-24","status":"publish","type":"product","link":"https:\/\/poccky.com\/index.php\/product\/kelly-24\/","title":{"rendered":"Kelly"},"content":{"rendered":"","protected":false},"excerpt":{"rendered":"<p>69. CIM. CIF. jouets. FK. GFE. BJ. BBBJ. BBBJTC. DT. Dirtytalk. DP. MSO.G Full Body Massage sensuel. Lingerie. bricolage. PSE. PS. Fetish. f\u00e9tichisme des pieds. Citro\u00ebns. jeu de r\u00f4le et Fantasylothed massage \u00a0 Teabagging \u00a0 Rimming \u00a0 Deep Throat \u00a0 Bondage \u00a0 GFE \u00a0 Role Playing \u00a0 Tie and Tease \u00a0 Gay Grooming \u00a0 CIM (with condom) \u00a0 Toys \u00a0 Oral (without condom) \u00a0 Face Sitting \u00a0 Bukkake \u00a0 Happy ending \u00a0 Gay Massage \u00a0 Kinky Sex \u00a0 Reverse Oral \u00a0 Hand job \u00a0 Webcam sex \u00a0 Anal \u00a0 Watersports \u00a0 Foot Fetish \u00a0 Burn \u00a0 Dinner Dates \u00a0 Threesome \u00a0 Naked massage \u00a0 Costumes \u00a0 Domination \u00a0 Uniforms \u00a0 Crossdressing \u00a0 Spanking \u00a0 Massage \u00a0 Couples \u00a0 Oral (with condom) \u00a0 CIM (without condom) \u00a0 Anal Top \u00a0 Facials \u00a0 French Kissing \u00a0 Shared Shower \u00a0 Handcuffs \u00a0 Sex Toys \u00a0 Lapdance \u00a0 Stripteas My details Below mentioned<\/p>\n<p>                Nationality:<br \/>\n                Ukrainian <\/p>\n<p>                Languages:<br \/>\n                Arabic. Chinese (Cantonese). English. Filipino. Hindi<\/p>\n<p>                Age:<br \/>\n                20<\/p>\n<p>                Height:<br \/>\n                169<\/p>\n<p>                Weight:<br \/>\n                55<\/p>\n<p>                Hair:<br \/>\n                Long<\/p>\n<p>                Eyes:<br \/>\n                Blue<\/p>\n<p>                Measurements:<br \/>\n                95.60.100Companionship rates:<\/p>\n<p>                  1 hour rate<br \/>\n                  100 USD<\/p>\n<p>                  2 hours rate<br \/>\n                  200 USD<\/p>\n<p>                  3 hours rate<br \/>\n                  300 USD<\/p>\n<p>                  full night rate<br \/>\n                  500 USD<\/p>\n","protected":false},"featured_media":197703,"comment_status":"open","ping_status":"closed","template":"","meta":{"site-sidebar-layout":"default","site-content-layout":"","ast-site-content-layout":"","site-content-style":"default","site-sidebar-style":"default","ast-global-header-display":"","ast-banner-title-visibility":"","ast-main-header-display":"","ast-hfb-above-header-display":"","ast-hfb-below-header-display":"","ast-hfb-mobile-header-display":"","site-post-title":"","ast-breadcrumbs-content":"","ast-featured-img":"","footer-sml-layout":"","theme-transparent-header-meta":"","adv-header-id-meta":"","stick-header-meta":"","header-above-stick-meta":"","header-main-stick-meta":"","header-below-stick-meta":"","astra-migrate-meta-layouts":"default","ast-page-background-enabled":"default","ast-page-background-meta":{"desktop":{"background-color":"var(--ast-global-color-4)","background-image":"","background-repeat":"repeat","background-position":"center center","background-size":"auto","background-attachment":"scroll","background-type":"","background-media":"","overlay-type":"","overlay-color":"","overlay-opacity":"","overlay-gradient":""},"tablet":{"background-color":"","background-image":"","background-repeat":"repeat","background-position":"center center","background-size":"auto","background-attachment":"scroll","background-type":"","background-media":"","overlay-type":"","overlay-color":"","overlay-opacity":"","overlay-gradient":""},"mobile":{"background-color":"","background-image":"","background-repeat":"repeat","background-position":"center center","background-size":"auto","background-attachment":"scroll","background-type":"","background-media":"","overlay-type":"","overlay-color":"","overlay-opacity":"","overlay-gradient":""}},"ast-content-background-meta":{"desktop":{"background-color":"var(--ast-global-color-5)","background-image":"","background-repeat":"repeat","background-position":"center center","background-size":"auto","background-attachment":"scroll","background-type":"","background-media":"","overlay-type":"","overlay-color":"","overlay-opacity":"","overlay-gradient":""},"tablet":{"background-color":"var(--ast-global-color-5)","background-image":"","background-repeat":"repeat","background-position":"center center","background-size":"auto","background-attachment":"scroll","background-type":"","background-media":"","overlay-type":"","overlay-color":"","overlay-opacity":"","overlay-gradient":""},"mobile":{"background-color":"var(--ast-global-color-5)","background-image":"","background-repeat":"repeat","background-position":"center center","background-size":"auto","background-attachment":"scroll","background-type":"","background-media":"","overlay-type":"","overlay-color":"","overlay-opacity":"","overlay-gradient":""}}},"product_brand":[],"product_cat":[240,188,1121],"product_tag":[],"class_list":{"0":"post-253504","1":"product","2":"type-product","3":"status-publish","4":"has-post-thumbnail","6":"product_cat-bahrain","7":"product_cat-freelancer","8":"product_cat-manama","9":"desktop-align-left","10":"tablet-align-left","11":"mobile-align-left","13":"first","14":"instock","15":"shipping-taxable","16":"product-type-simple"},"_links":{"self":[{"href":"https:\/\/poccky.com\/index.php\/wp-json\/wp\/v2\/product\/253504","targetHints":{"allow":["GET"]}}],"collection":[{"href":"https:\/\/poccky.com\/index.php\/wp-json\/wp\/v2\/product"}],"about":[{"href":"https:\/\/poccky.com\/index.php\/wp-json\/wp\/v2\/types\/product"}],"replies":[{"embeddable":true,"href":"https:\/\/poccky.com\/index.php\/wp-json\/wp\/v2\/comments?post=253504"}],"wp:featuredmedia":[{"embeddable":true,"href":"https:\/\/poccky.com\/index.php\/wp-json\/wp\/v2\/media\/197703"}],"wp:attachment":[{"href":"https:\/\/poccky.com\/index.php\/wp-json\/wp\/v2\/media?parent=253504"}],"wp:term":[{"taxonomy":"product_brand","embeddable":true,"href":"https:\/\/poccky.com\/index.php\/wp-json\/wp\/v2\/product_brand?post=253504"},{"taxonomy":"product_cat","embeddable":true,"href":"https:\/\/poccky.com\/index.php\/wp-json\/wp\/v2\/product_cat?post=253504"},{"taxonomy":"product_tag","embeddable":true,"href":"https:\/\/poccky.com\/index.php\/wp-json\/wp\/v2\/product_tag?post=253504"}],"curies":[{"name":"wp","href":"https:\/\/api.w.org\/{rel}","templated":true}]}}