{"id":250135,"date":"2023-10-26T05:37:41","date_gmt":"2023-10-26T05:37:41","guid":{"rendered":"https:\/\/poccky.com\/?post_type=product&#038;p=250135"},"modified":"2023-10-26T05:37:42","modified_gmt":"2023-10-26T05:37:42","slug":"ebony-2","status":"publish","type":"product","link":"https:\/\/poccky.com\/index.php\/product\/ebony-2\/","title":{"rendered":"EBONY"},"content":{"rendered":"","protected":false},"excerpt":{"rendered":"<p>Je suis une belle femme d&#8217;escorte ind\u00e9pendante de grande classe.  Escorte Monaco. Monte Carlo. Cannes. Nice. Antibes. Saint-Tropez. C\u00f4te d\u2019Azur J&#8217;appr\u00e9cie et je ne r\u00e9pondrai qu&#8217;aux messieurs ou aux femmes qui savent faire une bonne premi\u00e8re impression en se pr\u00e9sentant et en pr\u00e9sentant ce qu&#8217;ils recherchent  escorte.  J&#8217;offre le message GFE Exp\u00e9rience. Les services Mistress. Dominatrix (BDSM) et Roleplay me contactent en visitant mon site et en prenant rendez-vous ou en m&#8217;\u00e9crivant par sms uniquement sur WhatsApp ou par Sms Normale. je ne r\u00e9pondrai qu&#8217;\u00e0 des messieurs g\u00e9n\u00e9reux et bienveillants et les femmes se presentent ce sera un grand plaisir de vous rencontrer a bientot xxxx&#8230;I am a beautiful independent High Class Escort Lady. Escort Monaco. Monte Carlo. Cannes. Nice. Antibes. St. Tropez. Cote d&#8217; Azur I appreciate\u00a0 \u00a0and will only reply to gentlemen\u00a0 or women\u00a0 who knows\u00a0 how to make a good first impression\u00a0 by introducing\u00a0 themselves\u00a0 and\u00a0 what they are looking for\u00a0 in an escort . I offer girlfriend experience ( GFE )Message also Mistress.Dominatrix (BDSM) and\u00a0 Roleplay\u00a0 services contact me by visiting my site and booking your appointment or write me by sms only on WhatsApp\u00a0 or normal\u00a0 Sms\u00a0 Note i will only reply\u00a0 to generous\u00a0 and quanlity gentlemen\u00a0 and women introduce yourself it will be a great pleasure to meet you see you soon xxxx My details Below mentioned<\/p>\n<p>                Nationality:<br \/>\n                French <\/p>\n<p>                Languages:<br \/>\n                English. French<\/p>\n<p>                Age:<br \/>\n                21<\/p>\n<p>                Height:<br \/>\n                165 <\/p>\n<p>                Weight:<br \/>\n                57<\/p>\n<p>                Hair:<br \/>\n                Long<\/p>\n<p>                Eyes:<br \/>\n                BlackCompanionship rates:<\/p>\n<p>                  1 hour rate<br \/>\n                  300 EUR<\/p>\n","protected":false},"featured_media":185249,"comment_status":"open","ping_status":"closed","template":"","meta":{"site-sidebar-layout":"default","site-content-layout":"","ast-site-content-layout":"","site-content-style":"default","site-sidebar-style":"default","ast-global-header-display":"","ast-banner-title-visibility":"","ast-main-header-display":"","ast-hfb-above-header-display":"","ast-hfb-below-header-display":"","ast-hfb-mobile-header-display":"","site-post-title":"","ast-breadcrumbs-content":"","ast-featured-img":"","footer-sml-layout":"","theme-transparent-header-meta":"","adv-header-id-meta":"","stick-header-meta":"","header-above-stick-meta":"","header-main-stick-meta":"","header-below-stick-meta":"","astra-migrate-meta-layouts":"default","ast-page-background-enabled":"default","ast-page-background-meta":{"desktop":{"background-color":"var(--ast-global-color-4)","background-image":"","background-repeat":"repeat","background-position":"center center","background-size":"auto","background-attachment":"scroll","background-type":"","background-media":"","overlay-type":"","overlay-color":"","overlay-opacity":"","overlay-gradient":""},"tablet":{"background-color":"","background-image":"","background-repeat":"repeat","background-position":"center center","background-size":"auto","background-attachment":"scroll","background-type":"","background-media":"","overlay-type":"","overlay-color":"","overlay-opacity":"","overlay-gradient":""},"mobile":{"background-color":"","background-image":"","background-repeat":"repeat","background-position":"center center","background-size":"auto","background-attachment":"scroll","background-type":"","background-media":"","overlay-type":"","overlay-color":"","overlay-opacity":"","overlay-gradient":""}},"ast-content-background-meta":{"desktop":{"background-color":"var(--ast-global-color-5)","background-image":"","background-repeat":"repeat","background-position":"center center","background-size":"auto","background-attachment":"scroll","background-type":"","background-media":"","overlay-type":"","overlay-color":"","overlay-opacity":"","overlay-gradient":""},"tablet":{"background-color":"var(--ast-global-color-5)","background-image":"","background-repeat":"repeat","background-position":"center center","background-size":"auto","background-attachment":"scroll","background-type":"","background-media":"","overlay-type":"","overlay-color":"","overlay-opacity":"","overlay-gradient":""},"mobile":{"background-color":"var(--ast-global-color-5)","background-image":"","background-repeat":"repeat","background-position":"center center","background-size":"auto","background-attachment":"scroll","background-type":"","background-media":"","overlay-type":"","overlay-color":"","overlay-opacity":"","overlay-gradient":""}}},"product_brand":[],"product_cat":[244,188,1118],"product_tag":[],"class_list":{"0":"post-250135","1":"product","2":"type-product","3":"status-publish","4":"has-post-thumbnail","6":"product_cat-france","7":"product_cat-freelancer","8":"product_cat-paris","9":"desktop-align-left","10":"tablet-align-left","11":"mobile-align-left","13":"first","14":"instock","15":"shipping-taxable","16":"product-type-simple"},"_links":{"self":[{"href":"https:\/\/poccky.com\/index.php\/wp-json\/wp\/v2\/product\/250135","targetHints":{"allow":["GET"]}}],"collection":[{"href":"https:\/\/poccky.com\/index.php\/wp-json\/wp\/v2\/product"}],"about":[{"href":"https:\/\/poccky.com\/index.php\/wp-json\/wp\/v2\/types\/product"}],"replies":[{"embeddable":true,"href":"https:\/\/poccky.com\/index.php\/wp-json\/wp\/v2\/comments?post=250135"}],"wp:featuredmedia":[{"embeddable":true,"href":"https:\/\/poccky.com\/index.php\/wp-json\/wp\/v2\/media\/185249"}],"wp:attachment":[{"href":"https:\/\/poccky.com\/index.php\/wp-json\/wp\/v2\/media?parent=250135"}],"wp:term":[{"taxonomy":"product_brand","embeddable":true,"href":"https:\/\/poccky.com\/index.php\/wp-json\/wp\/v2\/product_brand?post=250135"},{"taxonomy":"product_cat","embeddable":true,"href":"https:\/\/poccky.com\/index.php\/wp-json\/wp\/v2\/product_cat?post=250135"},{"taxonomy":"product_tag","embeddable":true,"href":"https:\/\/poccky.com\/index.php\/wp-json\/wp\/v2\/product_tag?post=250135"}],"curies":[{"name":"wp","href":"https:\/\/api.w.org\/{rel}","templated":true}]}}