{"id":249743,"date":"2023-10-26T04:51:30","date_gmt":"2023-10-26T04:51:30","guid":{"rendered":"https:\/\/poccky.com\/?post_type=product&#038;p=249743"},"modified":"2023-10-26T04:51:31","modified_gmt":"2023-10-26T04:51:31","slug":"diskret-eskortservice-i-stockholm","status":"publish","type":"product","link":"https:\/\/poccky.com\/index.php\/product\/diskret-eskortservice-i-stockholm\/","title":{"rendered":"Diskret Eskortservice I Stockholm"},"content":{"rendered":"","protected":false},"excerpt":{"rendered":"<p>Hej alla sofistikerade. erfarna och uttr\u00e5kade m\u00e4n.<\/p>\n<p>Jag finns till f\u00f6r er i Stockholm f\u00f6r tidsbokning av kvalificerad och diskret eskortservice. Det b\u00e4sta jag har att ge dig \u00e4r the girlfriend experience &#8211; helkv\u00e4ll\/natt samt domina\/undergiven och rollspel. Jag kommer att behandla dig s\u00e5 v\u00e4l som du f\u00f6rtj\u00e4nar och njuter sj\u00e4lv precis lika mycket av det.<\/p>\n<p>Jag erbjuder en och tv\u00e5 timmars tr\u00e4ffar. \u00c4ven helkv\u00e4ll\/natt efter \u00f6verenskommelse om uppl\u00e4gg. Har god erfarenhet av att vara diskret. \u00e4r helt sj\u00e4lvst\u00e4ndig och \u00e4lskar att tr\u00e4ffa m\u00e4n som vill det lilla extra.<\/p>\n<p>Outcalls i Stockholmsomr\u00e5det<br \/>\nEn timme &#8211; 2 000 kr<br \/>\nEn timme GFE alt BDSM &#8211; 3 000 kr<br \/>\nTv\u00e5 timmar &#8211; 4 000 kr<br \/>\nTv\u00e5 timmar GFE alt BDSM &#8211; 6 000 kr<br \/>\nHelnatt &#8211; 12 000 kr<br \/>\nGFE med dejt + helnatt &#8211; 15 000 kr<\/p>\n<p>Weekends och reses\u00e4llskap &#8211; priser vid f\u00f6rfr\u00e5gan. skriv exakt uppl\u00e4gg och du f\u00e5r ett f\u00f6rslag.<\/p>\n<p>Skicka ett mail till whiterosesweden.gmail.com som inneh\u00e5ller \u00f6nskem\u00e5l om uppl\u00e4.GG tid. var du finns n\u00e5gonstans och din \u00e5lder.<\/p>\n<p>Puss. \/Michaela My details Below mentioned<\/p>\n<p>                Nationality:<br \/>\n                Swedish <\/p>\n<p>                Languages:<br \/>\n                English. Swedish<\/p>\n<p>                Age:<br \/>\n                22<\/p>\n<p>                Height:<br \/>\n                163<\/p>\n<p>                Weight:<br \/>\n                62<\/p>\n<p>                Hair:<br \/>\n                Dark long<\/p>\n<p>                Eyes:<br \/>\n                BlueCompanionship rates:<\/p>\n<p>                  1 hour rate<br \/>\n                  2000 SEK<\/p>\n<p>                  2 hours rate<br \/>\n                  4000 SEK<\/p>\n<p>                  full night rate<br \/>\n                  12000 SEK<\/p>\n","protected":false},"featured_media":188376,"comment_status":"open","ping_status":"closed","template":"","meta":{"site-sidebar-layout":"default","site-content-layout":"","ast-site-content-layout":"","site-content-style":"default","site-sidebar-style":"default","ast-global-header-display":"","ast-banner-title-visibility":"","ast-main-header-display":"","ast-hfb-above-header-display":"","ast-hfb-below-header-display":"","ast-hfb-mobile-header-display":"","site-post-title":"","ast-breadcrumbs-content":"","ast-featured-img":"","footer-sml-layout":"","theme-transparent-header-meta":"","adv-header-id-meta":"","stick-header-meta":"","header-above-stick-meta":"","header-main-stick-meta":"","header-below-stick-meta":"","astra-migrate-meta-layouts":"default","ast-page-background-enabled":"default","ast-page-background-meta":{"desktop":{"background-color":"var(--ast-global-color-4)","background-image":"","background-repeat":"repeat","background-position":"center center","background-size":"auto","background-attachment":"scroll","background-type":"","background-media":"","overlay-type":"","overlay-color":"","overlay-opacity":"","overlay-gradient":""},"tablet":{"background-color":"","background-image":"","background-repeat":"repeat","background-position":"center center","background-size":"auto","background-attachment":"scroll","background-type":"","background-media":"","overlay-type":"","overlay-color":"","overlay-opacity":"","overlay-gradient":""},"mobile":{"background-color":"","background-image":"","background-repeat":"repeat","background-position":"center center","background-size":"auto","background-attachment":"scroll","background-type":"","background-media":"","overlay-type":"","overlay-color":"","overlay-opacity":"","overlay-gradient":""}},"ast-content-background-meta":{"desktop":{"background-color":"var(--ast-global-color-5)","background-image":"","background-repeat":"repeat","background-position":"center center","background-size":"auto","background-attachment":"scroll","background-type":"","background-media":"","overlay-type":"","overlay-color":"","overlay-opacity":"","overlay-gradient":""},"tablet":{"background-color":"var(--ast-global-color-5)","background-image":"","background-repeat":"repeat","background-position":"center center","background-size":"auto","background-attachment":"scroll","background-type":"","background-media":"","overlay-type":"","overlay-color":"","overlay-opacity":"","overlay-gradient":""},"mobile":{"background-color":"var(--ast-global-color-5)","background-image":"","background-repeat":"repeat","background-position":"center center","background-size":"auto","background-attachment":"scroll","background-type":"","background-media":"","overlay-type":"","overlay-color":"","overlay-opacity":"","overlay-gradient":""}}},"product_brand":[],"product_cat":[188,1115,957],"product_tag":[],"class_list":{"0":"post-249743","1":"product","2":"type-product","3":"status-publish","4":"has-post-thumbnail","6":"product_cat-freelancer","7":"product_cat-stockholm","8":"product_cat-sweden","9":"desktop-align-left","10":"tablet-align-left","11":"mobile-align-left","13":"first","14":"instock","15":"shipping-taxable","16":"product-type-simple"},"_links":{"self":[{"href":"https:\/\/poccky.com\/index.php\/wp-json\/wp\/v2\/product\/249743","targetHints":{"allow":["GET"]}}],"collection":[{"href":"https:\/\/poccky.com\/index.php\/wp-json\/wp\/v2\/product"}],"about":[{"href":"https:\/\/poccky.com\/index.php\/wp-json\/wp\/v2\/types\/product"}],"replies":[{"embeddable":true,"href":"https:\/\/poccky.com\/index.php\/wp-json\/wp\/v2\/comments?post=249743"}],"wp:featuredmedia":[{"embeddable":true,"href":"https:\/\/poccky.com\/index.php\/wp-json\/wp\/v2\/media\/188376"}],"wp:attachment":[{"href":"https:\/\/poccky.com\/index.php\/wp-json\/wp\/v2\/media?parent=249743"}],"wp:term":[{"taxonomy":"product_brand","embeddable":true,"href":"https:\/\/poccky.com\/index.php\/wp-json\/wp\/v2\/product_brand?post=249743"},{"taxonomy":"product_cat","embeddable":true,"href":"https:\/\/poccky.com\/index.php\/wp-json\/wp\/v2\/product_cat?post=249743"},{"taxonomy":"product_tag","embeddable":true,"href":"https:\/\/poccky.com\/index.php\/wp-json\/wp\/v2\/product_tag?post=249743"}],"curies":[{"name":"wp","href":"https:\/\/api.w.org\/{rel}","templated":true}]}}