{"id":248993,"date":"2023-10-25T21:07:23","date_gmt":"2023-10-25T21:07:23","guid":{"rendered":"https:\/\/poccky.com\/?post_type=product&#038;p=248993"},"modified":"2023-10-25T21:07:30","modified_gmt":"2023-10-25T21:07:30","slug":"l-a-black","status":"publish","type":"product","link":"https:\/\/poccky.com\/index.php\/product\/l-a-black\/","title":{"rendered":"L -a Black"},"content":{"rendered":"","protected":false},"excerpt":{"rendered":"<p>Bonjour et bienvenue sur mon site.<\/p>\n<p>Je suis L\u00e9a superbe Escorte Black dans le 17e arrd.<\/p>\n<p>J&#8217;ai 22 ans ( 1m65. 50k.G 85C ).<\/p>\n<p>Belle Africaine aux formes plus qu&#8217;inspirantes. je vous apporterai d\u00e9tente et relaxation.<\/p>\n<p>Je re\u00e7ois ou me d\u00e9place. \u00e0 votre convenance.<\/p>\n<p>J&#8217;appr\u00e9cie les \u00e9changes dans la douceur et le respect mutuel.<\/p>\n<p>Je ne me donne qu&#8217;aux hommes attentionn\u00e9s .. !<\/p>\n<p>Dans l&#8217;attente d&#8217;avoir le plaisir de votre rencontre. je vous embrasse. My details Below mentioned<\/p>\n<p>                Nationality:<br \/>\n                Fran\u00e7aise <\/p>\n<p>                Languages:<br \/>\n                Fran\u00e7ais.  English<\/p>\n<p>                Age:<br \/>\n                22<\/p>\n<p>                Height:<br \/>\n                165<\/p>\n<p>                Weight:<br \/>\n                50<\/p>\n<p>                Hair:<br \/>\n                Noir<\/p>\n<p>                Eyes:<br \/>\n                Marron<\/p>\n<p>                Measurements:<br \/>\n                90-60-80<\/p>\n","protected":false},"featured_media":86097,"comment_status":"open","ping_status":"closed","template":"","meta":{"site-sidebar-layout":"default","site-content-layout":"","ast-site-content-layout":"","site-content-style":"default","site-sidebar-style":"default","ast-global-header-display":"","ast-banner-title-visibility":"","ast-main-header-display":"","ast-hfb-above-header-display":"","ast-hfb-below-header-display":"","ast-hfb-mobile-header-display":"","site-post-title":"","ast-breadcrumbs-content":"","ast-featured-img":"","footer-sml-layout":"","theme-transparent-header-meta":"","adv-header-id-meta":"","stick-header-meta":"","header-above-stick-meta":"","header-main-stick-meta":"","header-below-stick-meta":"","astra-migrate-meta-layouts":"default","ast-page-background-enabled":"default","ast-page-background-meta":{"desktop":{"background-color":"var(--ast-global-color-4)","background-image":"","background-repeat":"repeat","background-position":"center center","background-size":"auto","background-attachment":"scroll","background-type":"","background-media":"","overlay-type":"","overlay-color":"","overlay-opacity":"","overlay-gradient":""},"tablet":{"background-color":"","background-image":"","background-repeat":"repeat","background-position":"center center","background-size":"auto","background-attachment":"scroll","background-type":"","background-media":"","overlay-type":"","overlay-color":"","overlay-opacity":"","overlay-gradient":""},"mobile":{"background-color":"","background-image":"","background-repeat":"repeat","background-position":"center center","background-size":"auto","background-attachment":"scroll","background-type":"","background-media":"","overlay-type":"","overlay-color":"","overlay-opacity":"","overlay-gradient":""}},"ast-content-background-meta":{"desktop":{"background-color":"var(--ast-global-color-5)","background-image":"","background-repeat":"repeat","background-position":"center center","background-size":"auto","background-attachment":"scroll","background-type":"","background-media":"","overlay-type":"","overlay-color":"","overlay-opacity":"","overlay-gradient":""},"tablet":{"background-color":"var(--ast-global-color-5)","background-image":"","background-repeat":"repeat","background-position":"center center","background-size":"auto","background-attachment":"scroll","background-type":"","background-media":"","overlay-type":"","overlay-color":"","overlay-opacity":"","overlay-gradient":""},"mobile":{"background-color":"var(--ast-global-color-5)","background-image":"","background-repeat":"repeat","background-position":"center center","background-size":"auto","background-attachment":"scroll","background-type":"","background-media":"","overlay-type":"","overlay-color":"","overlay-opacity":"","overlay-gradient":""}}},"product_brand":[],"product_cat":[244,188,1118],"product_tag":[],"class_list":{"0":"post-248993","1":"product","2":"type-product","3":"status-publish","4":"has-post-thumbnail","6":"product_cat-france","7":"product_cat-freelancer","8":"product_cat-paris","9":"desktop-align-left","10":"tablet-align-left","11":"mobile-align-left","13":"first","14":"instock","15":"shipping-taxable","16":"product-type-simple"},"_links":{"self":[{"href":"https:\/\/poccky.com\/index.php\/wp-json\/wp\/v2\/product\/248993","targetHints":{"allow":["GET"]}}],"collection":[{"href":"https:\/\/poccky.com\/index.php\/wp-json\/wp\/v2\/product"}],"about":[{"href":"https:\/\/poccky.com\/index.php\/wp-json\/wp\/v2\/types\/product"}],"replies":[{"embeddable":true,"href":"https:\/\/poccky.com\/index.php\/wp-json\/wp\/v2\/comments?post=248993"}],"wp:featuredmedia":[{"embeddable":true,"href":"https:\/\/poccky.com\/index.php\/wp-json\/wp\/v2\/media\/86097"}],"wp:attachment":[{"href":"https:\/\/poccky.com\/index.php\/wp-json\/wp\/v2\/media?parent=248993"}],"wp:term":[{"taxonomy":"product_brand","embeddable":true,"href":"https:\/\/poccky.com\/index.php\/wp-json\/wp\/v2\/product_brand?post=248993"},{"taxonomy":"product_cat","embeddable":true,"href":"https:\/\/poccky.com\/index.php\/wp-json\/wp\/v2\/product_cat?post=248993"},{"taxonomy":"product_tag","embeddable":true,"href":"https:\/\/poccky.com\/index.php\/wp-json\/wp\/v2\/product_tag?post=248993"}],"curies":[{"name":"wp","href":"https:\/\/api.w.org\/{rel}","templated":true}]}}