{"id":248798,"date":"2023-10-25T20:44:46","date_gmt":"2023-10-25T20:44:46","guid":{"rendered":"https:\/\/poccky.com\/?post_type=product&#038;p=248798"},"modified":"2023-10-25T20:44:51","modified_gmt":"2023-10-25T20:44:51","slug":"sexiga-roxanna","status":"publish","type":"product","link":"https:\/\/poccky.com\/index.php\/product\/sexiga-roxanna\/","title":{"rendered":"Sexiga Roxanna"},"content":{"rendered":"","protected":false},"excerpt":{"rendered":"<p>Hejsan!<\/p>\n<p>Jag \u00e4r en Svensk\/Brasiliansk tjej p\u00e5 27 \u00e5r. snygg med en vacker kvinnlig kropp. Jag bor och arbetar i Stockholm innerstaden. Skulle du vilja tr\u00e4ffa mig n\u00e5gon annanstans \u00e4n hemma m\u00e5ste du d\u00e5 boka minst 2 dagar i f\u00f6rv\u00e4g.<\/p>\n<p>Jag \u00e4r en 1.72 cm och v\u00e4ger 58 kilo. Jag har fina. stora. runda och fasta br\u00f6st. &#8220;D- kupa&#8221;. Nertill \u00e4r jag alltid rakad. slickv\u00e4nlig och fresh!<\/p>\n<p>F\u00f6rutom mitt utseende \u00e4r jag en tjej som du kommer l\u00e4tt att kunna f\u00f6ra en samtal med. komma \u00f6verens med. eller helt enkel slappna av. Jag \u00e4r t\u00e5lmodi.G glad och positiv. Och du beh\u00f6ver inte p\u00e5 n\u00e5got s\u00e4tt k\u00e4nna oro!<\/p>\n<p>Om du vill ha en diskret \u00e4lskarinna som ger dig exklusiva upplevelser s\u00e5 \u00e4r jag r\u00e4tt person.<\/p>\n<p>Seriositet uppskatar jag h\u00f6gt och f\u00f6rv\u00e4ntar mig det samma fr\u00e5n dig. Allt sex sker med kondom. My details Below mentioned<\/p>\n","protected":false},"featured_media":244135,"comment_status":"open","ping_status":"closed","template":"","meta":{"site-sidebar-layout":"default","site-content-layout":"","ast-site-content-layout":"","site-content-style":"default","site-sidebar-style":"default","ast-global-header-display":"","ast-banner-title-visibility":"","ast-main-header-display":"","ast-hfb-above-header-display":"","ast-hfb-below-header-display":"","ast-hfb-mobile-header-display":"","site-post-title":"","ast-breadcrumbs-content":"","ast-featured-img":"","footer-sml-layout":"","theme-transparent-header-meta":"","adv-header-id-meta":"","stick-header-meta":"","header-above-stick-meta":"","header-main-stick-meta":"","header-below-stick-meta":"","astra-migrate-meta-layouts":"default","ast-page-background-enabled":"default","ast-page-background-meta":{"desktop":{"background-color":"var(--ast-global-color-4)","background-image":"","background-repeat":"repeat","background-position":"center center","background-size":"auto","background-attachment":"scroll","background-type":"","background-media":"","overlay-type":"","overlay-color":"","overlay-opacity":"","overlay-gradient":""},"tablet":{"background-color":"","background-image":"","background-repeat":"repeat","background-position":"center center","background-size":"auto","background-attachment":"scroll","background-type":"","background-media":"","overlay-type":"","overlay-color":"","overlay-opacity":"","overlay-gradient":""},"mobile":{"background-color":"","background-image":"","background-repeat":"repeat","background-position":"center center","background-size":"auto","background-attachment":"scroll","background-type":"","background-media":"","overlay-type":"","overlay-color":"","overlay-opacity":"","overlay-gradient":""}},"ast-content-background-meta":{"desktop":{"background-color":"var(--ast-global-color-5)","background-image":"","background-repeat":"repeat","background-position":"center center","background-size":"auto","background-attachment":"scroll","background-type":"","background-media":"","overlay-type":"","overlay-color":"","overlay-opacity":"","overlay-gradient":""},"tablet":{"background-color":"var(--ast-global-color-5)","background-image":"","background-repeat":"repeat","background-position":"center center","background-size":"auto","background-attachment":"scroll","background-type":"","background-media":"","overlay-type":"","overlay-color":"","overlay-opacity":"","overlay-gradient":""},"mobile":{"background-color":"var(--ast-global-color-5)","background-image":"","background-repeat":"repeat","background-position":"center center","background-size":"auto","background-attachment":"scroll","background-type":"","background-media":"","overlay-type":"","overlay-color":"","overlay-opacity":"","overlay-gradient":""}}},"product_brand":[],"product_cat":[188,1115,957],"product_tag":[],"class_list":{"0":"post-248798","1":"product","2":"type-product","3":"status-publish","4":"has-post-thumbnail","6":"product_cat-freelancer","7":"product_cat-stockholm","8":"product_cat-sweden","9":"desktop-align-left","10":"tablet-align-left","11":"mobile-align-left","13":"first","14":"instock","15":"shipping-taxable","16":"product-type-simple"},"_links":{"self":[{"href":"https:\/\/poccky.com\/index.php\/wp-json\/wp\/v2\/product\/248798","targetHints":{"allow":["GET"]}}],"collection":[{"href":"https:\/\/poccky.com\/index.php\/wp-json\/wp\/v2\/product"}],"about":[{"href":"https:\/\/poccky.com\/index.php\/wp-json\/wp\/v2\/types\/product"}],"replies":[{"embeddable":true,"href":"https:\/\/poccky.com\/index.php\/wp-json\/wp\/v2\/comments?post=248798"}],"wp:featuredmedia":[{"embeddable":true,"href":"https:\/\/poccky.com\/index.php\/wp-json\/wp\/v2\/media\/244135"}],"wp:attachment":[{"href":"https:\/\/poccky.com\/index.php\/wp-json\/wp\/v2\/media?parent=248798"}],"wp:term":[{"taxonomy":"product_brand","embeddable":true,"href":"https:\/\/poccky.com\/index.php\/wp-json\/wp\/v2\/product_brand?post=248798"},{"taxonomy":"product_cat","embeddable":true,"href":"https:\/\/poccky.com\/index.php\/wp-json\/wp\/v2\/product_cat?post=248798"},{"taxonomy":"product_tag","embeddable":true,"href":"https:\/\/poccky.com\/index.php\/wp-json\/wp\/v2\/product_tag?post=248798"}],"curies":[{"name":"wp","href":"https:\/\/api.w.org\/{rel}","templated":true}]}}