{"id":248406,"date":"2023-10-25T20:03:26","date_gmt":"2023-10-25T20:03:26","guid":{"rendered":"https:\/\/poccky.com\/?post_type=product&#038;p=248406"},"modified":"2023-10-25T20:03:44","modified_gmt":"2023-10-25T20:03:44","slug":"anna-victoria-trans-escort-paris","status":"publish","type":"product","link":"https:\/\/poccky.com\/index.php\/product\/anna-victoria-trans-escort-paris\/","title":{"rendered":"ANNA VICTORIA TRANS ESCORT PARIS"},"content":{"rendered":"","protected":false},"excerpt":{"rendered":"<p>Anna Victoria O\u2019Connell une superbe top model trans<\/p>\n<p>Je tinvite aussi \u00e0 aller visiter mon blog o\u00f9 tu trouveras plein dautres choses sur moi<\/p>\n<p>Je suis la cr\u00e9ature de la beaut\u00e9 incarn\u00e9e des deux genres.<br \/>\nD\u00e8s la premi\u00e8re seconde . mon corps sculptural; mon visage f\u00e9lin et mes yeux verts te feront fondre.<br \/>\nD\u00e8s la deuxi\u00e8me. quand tu seras dans mes bras. ton d\u00e9sir sera incontr\u00f4lable. d&#8217;autant que le mien sera bien visible et tr\u00e8s entreprenant&#8230;<br \/>\nune fois dans mes griffes tu n&#8217;en sortiras plus.<\/p>\n<p>Mes photos sont fid\u00e8les et sinc\u00e8res. tout comme moi.<br \/>\nJe te recevrai dans mon nid. confortable et discret . Alors viens faire pour un moment de d\u00e9tente. Si tu es respectueux. celui-ci sera partag\u00e9 et donc inoubliable.<\/p>\n<p>j&#8217;ai mesure 1m80 et 69kg f\u00e9minine et raffin\u00e9e. je suis d&#8217;une rare douceur. agr\u00e9able.<br \/>\nMes photos sont exactement le reflet de comme je suis pas de retouche et surtout pas de mauvaise surprise<br \/>\na l arriv\u00e9e Hygiene de rigueur et boisson propos\u00e9eJe te dis \u00e0 bient\u00f4t et te remercie davoir pris le temps de lire ces quelques lignes<br \/>\nAV OC<\/p>\n<p>REGARDE SUR INTERNET MON DERNIER FILM XXX<\/p>\n<p>Ma femme m&#8217;a offert un trans pour mon anniversaire (ANNA VICTORIA O&#8217;CONNELL) My details Below mentioned<\/p>\n<p>                Nationality:<br \/>\n                ARGENTINE <\/p>\n<p>                Languages:<br \/>\n                FRENCH <\/p>\n<p>                Age:<br \/>\n                27<\/p>\n<p>                Height:<br \/>\n                180<\/p>\n<p>                Weight:<br \/>\n                66<\/p>\n<p>                Hair:<br \/>\n                LONG BLONDE<\/p>\n<p>                Eyes:<br \/>\n                VERT<\/p>\n<p>                Measurements:<br \/>\n                95-57-95<\/p>\n","protected":false},"featured_media":242734,"comment_status":"open","ping_status":"closed","template":"","meta":{"site-sidebar-layout":"default","site-content-layout":"","ast-site-content-layout":"","site-content-style":"default","site-sidebar-style":"default","ast-global-header-display":"","ast-banner-title-visibility":"","ast-main-header-display":"","ast-hfb-above-header-display":"","ast-hfb-below-header-display":"","ast-hfb-mobile-header-display":"","site-post-title":"","ast-breadcrumbs-content":"","ast-featured-img":"","footer-sml-layout":"","theme-transparent-header-meta":"","adv-header-id-meta":"","stick-header-meta":"","header-above-stick-meta":"","header-main-stick-meta":"","header-below-stick-meta":"","astra-migrate-meta-layouts":"default","ast-page-background-enabled":"default","ast-page-background-meta":{"desktop":{"background-color":"var(--ast-global-color-4)","background-image":"","background-repeat":"repeat","background-position":"center center","background-size":"auto","background-attachment":"scroll","background-type":"","background-media":"","overlay-type":"","overlay-color":"","overlay-opacity":"","overlay-gradient":""},"tablet":{"background-color":"","background-image":"","background-repeat":"repeat","background-position":"center center","background-size":"auto","background-attachment":"scroll","background-type":"","background-media":"","overlay-type":"","overlay-color":"","overlay-opacity":"","overlay-gradient":""},"mobile":{"background-color":"","background-image":"","background-repeat":"repeat","background-position":"center center","background-size":"auto","background-attachment":"scroll","background-type":"","background-media":"","overlay-type":"","overlay-color":"","overlay-opacity":"","overlay-gradient":""}},"ast-content-background-meta":{"desktop":{"background-color":"var(--ast-global-color-5)","background-image":"","background-repeat":"repeat","background-position":"center center","background-size":"auto","background-attachment":"scroll","background-type":"","background-media":"","overlay-type":"","overlay-color":"","overlay-opacity":"","overlay-gradient":""},"tablet":{"background-color":"var(--ast-global-color-5)","background-image":"","background-repeat":"repeat","background-position":"center center","background-size":"auto","background-attachment":"scroll","background-type":"","background-media":"","overlay-type":"","overlay-color":"","overlay-opacity":"","overlay-gradient":""},"mobile":{"background-color":"var(--ast-global-color-5)","background-image":"","background-repeat":"repeat","background-position":"center center","background-size":"auto","background-attachment":"scroll","background-type":"","background-media":"","overlay-type":"","overlay-color":"","overlay-opacity":"","overlay-gradient":""}}},"product_brand":[],"product_cat":[244,188,1118],"product_tag":[],"class_list":{"0":"post-248406","1":"product","2":"type-product","3":"status-publish","4":"has-post-thumbnail","6":"product_cat-france","7":"product_cat-freelancer","8":"product_cat-paris","9":"desktop-align-left","10":"tablet-align-left","11":"mobile-align-left","13":"first","14":"instock","15":"shipping-taxable","16":"product-type-simple"},"_links":{"self":[{"href":"https:\/\/poccky.com\/index.php\/wp-json\/wp\/v2\/product\/248406","targetHints":{"allow":["GET"]}}],"collection":[{"href":"https:\/\/poccky.com\/index.php\/wp-json\/wp\/v2\/product"}],"about":[{"href":"https:\/\/poccky.com\/index.php\/wp-json\/wp\/v2\/types\/product"}],"replies":[{"embeddable":true,"href":"https:\/\/poccky.com\/index.php\/wp-json\/wp\/v2\/comments?post=248406"}],"wp:featuredmedia":[{"embeddable":true,"href":"https:\/\/poccky.com\/index.php\/wp-json\/wp\/v2\/media\/242734"}],"wp:attachment":[{"href":"https:\/\/poccky.com\/index.php\/wp-json\/wp\/v2\/media?parent=248406"}],"wp:term":[{"taxonomy":"product_brand","embeddable":true,"href":"https:\/\/poccky.com\/index.php\/wp-json\/wp\/v2\/product_brand?post=248406"},{"taxonomy":"product_cat","embeddable":true,"href":"https:\/\/poccky.com\/index.php\/wp-json\/wp\/v2\/product_cat?post=248406"},{"taxonomy":"product_tag","embeddable":true,"href":"https:\/\/poccky.com\/index.php\/wp-json\/wp\/v2\/product_tag?post=248406"}],"curies":[{"name":"wp","href":"https:\/\/api.w.org\/{rel}","templated":true}]}}