{"id":248212,"date":"2023-10-25T18:41:10","date_gmt":"2023-10-25T18:41:10","guid":{"rendered":"https:\/\/poccky.com\/?post_type=product&#038;p=248212"},"modified":"2023-10-25T18:41:15","modified_gmt":"2023-10-25T18:41:15","slug":"kristy-2","status":"publish","type":"product","link":"https:\/\/poccky.com\/index.php\/product\/kristy-2\/","title":{"rendered":"Kristy"},"content":{"rendered":"","protected":false},"excerpt":{"rendered":"<p>About me : Bonjour a tous ! Je suis Kristina. j&#8217;ai 23 ans et je parle francais. Avec moi vous aurez une vraie conversation&#8230; si vous le souhaitez Mon monde est fait de tendresse et de calins&#8230; Mes formes et mon corps ne laissent jamais indiff\u00e9rent ! J\\&#8217;ai \u00e9galement des tenues vari\u00e9es. faites-moi part de toutes vos envies&#8230; Je re\u00e7ois en tout discretion dans mon appartament priv\u00e9 dans le 16eme arrondissement. Quoi de mieux apr\u00e8s une dure journ\u00e9e qu\\&#8217;une bonne heure de relaxation totale. en charmante compagnie? Oui. je suis tr\u00e8s charmante. vous verrez&#8230; Si vous aimez les massages. je connais diff\u00e9rentes techniques. L\u00e0 encore. vous verrez. vous ne serez pas d\u00e9\u00e7u. Autre sc\u00e9nario? Venez me voir le soir. partager un verre de vin et des calins tr\u00e8s coquins&#8230; S&#8217;il vous plait. pour prendre rendez-vous. merci de contacter ma secr\u00e9taire qui va tout vous expliquer et r\u00e9pondre \u00e0 toutes vos questions. M\u00eame au dernier moment&#8230; Juste laissez moi le temps de me pr\u00e9parer car je n&#8217;acceuille pas sans \u00eatre la plus jolie&#8230; pour vous. Tendremment&#8230; Votre Kristina. 69. Toys. FK. GFE. Kissin.G BJ. Erotic Massage. DT. Dirtytalk. MSO.G Full Body Sensual Massage. Lingerie. DIY. AR(P). PS. Foam Massage. Foot Fetish. GS(A). Role Play and Fantasy. Spanking (give) Incall: 30 minutes 180 roses. 1 hours 250 roses. Outcall: 1 hours 250 roses.<br \/>\nPrices : 30min: 200\u20ac. 1h: 250\u20ac. 2h: 450\u20ac My details Below mentioned<\/p>\n<p>                Nationality:<br \/>\n                russe <\/p>\n<p>                Languages:<br \/>\n                francais<\/p>\n<p>                Age:<br \/>\n                26<\/p>\n<p>                Height:<br \/>\n                170<\/p>\n<p>                Weight:<br \/>\n                50<\/p>\n<p>                Eyes:<br \/>\n                bleu<\/p>\n<p>                Measurements:<br \/>\n                90-63-95<\/p>\n","protected":false},"featured_media":242108,"comment_status":"open","ping_status":"closed","template":"","meta":{"site-sidebar-layout":"default","site-content-layout":"","ast-site-content-layout":"","site-content-style":"default","site-sidebar-style":"default","ast-global-header-display":"","ast-banner-title-visibility":"","ast-main-header-display":"","ast-hfb-above-header-display":"","ast-hfb-below-header-display":"","ast-hfb-mobile-header-display":"","site-post-title":"","ast-breadcrumbs-content":"","ast-featured-img":"","footer-sml-layout":"","theme-transparent-header-meta":"","adv-header-id-meta":"","stick-header-meta":"","header-above-stick-meta":"","header-main-stick-meta":"","header-below-stick-meta":"","astra-migrate-meta-layouts":"default","ast-page-background-enabled":"default","ast-page-background-meta":{"desktop":{"background-color":"var(--ast-global-color-4)","background-image":"","background-repeat":"repeat","background-position":"center center","background-size":"auto","background-attachment":"scroll","background-type":"","background-media":"","overlay-type":"","overlay-color":"","overlay-opacity":"","overlay-gradient":""},"tablet":{"background-color":"","background-image":"","background-repeat":"repeat","background-position":"center center","background-size":"auto","background-attachment":"scroll","background-type":"","background-media":"","overlay-type":"","overlay-color":"","overlay-opacity":"","overlay-gradient":""},"mobile":{"background-color":"","background-image":"","background-repeat":"repeat","background-position":"center center","background-size":"auto","background-attachment":"scroll","background-type":"","background-media":"","overlay-type":"","overlay-color":"","overlay-opacity":"","overlay-gradient":""}},"ast-content-background-meta":{"desktop":{"background-color":"var(--ast-global-color-5)","background-image":"","background-repeat":"repeat","background-position":"center center","background-size":"auto","background-attachment":"scroll","background-type":"","background-media":"","overlay-type":"","overlay-color":"","overlay-opacity":"","overlay-gradient":""},"tablet":{"background-color":"var(--ast-global-color-5)","background-image":"","background-repeat":"repeat","background-position":"center center","background-size":"auto","background-attachment":"scroll","background-type":"","background-media":"","overlay-type":"","overlay-color":"","overlay-opacity":"","overlay-gradient":""},"mobile":{"background-color":"var(--ast-global-color-5)","background-image":"","background-repeat":"repeat","background-position":"center center","background-size":"auto","background-attachment":"scroll","background-type":"","background-media":"","overlay-type":"","overlay-color":"","overlay-opacity":"","overlay-gradient":""}}},"product_brand":[],"product_cat":[244,188,1118],"product_tag":[],"class_list":{"0":"post-248212","1":"product","2":"type-product","3":"status-publish","4":"has-post-thumbnail","6":"product_cat-france","7":"product_cat-freelancer","8":"product_cat-paris","9":"desktop-align-left","10":"tablet-align-left","11":"mobile-align-left","13":"first","14":"instock","15":"shipping-taxable","16":"product-type-simple"},"_links":{"self":[{"href":"https:\/\/poccky.com\/index.php\/wp-json\/wp\/v2\/product\/248212","targetHints":{"allow":["GET"]}}],"collection":[{"href":"https:\/\/poccky.com\/index.php\/wp-json\/wp\/v2\/product"}],"about":[{"href":"https:\/\/poccky.com\/index.php\/wp-json\/wp\/v2\/types\/product"}],"replies":[{"embeddable":true,"href":"https:\/\/poccky.com\/index.php\/wp-json\/wp\/v2\/comments?post=248212"}],"wp:featuredmedia":[{"embeddable":true,"href":"https:\/\/poccky.com\/index.php\/wp-json\/wp\/v2\/media\/242108"}],"wp:attachment":[{"href":"https:\/\/poccky.com\/index.php\/wp-json\/wp\/v2\/media?parent=248212"}],"wp:term":[{"taxonomy":"product_brand","embeddable":true,"href":"https:\/\/poccky.com\/index.php\/wp-json\/wp\/v2\/product_brand?post=248212"},{"taxonomy":"product_cat","embeddable":true,"href":"https:\/\/poccky.com\/index.php\/wp-json\/wp\/v2\/product_cat?post=248212"},{"taxonomy":"product_tag","embeddable":true,"href":"https:\/\/poccky.com\/index.php\/wp-json\/wp\/v2\/product_tag?post=248212"}],"curies":[{"name":"wp","href":"https:\/\/api.w.org\/{rel}","templated":true}]}}