{"id":248162,"date":"2023-10-25T18:34:15","date_gmt":"2023-10-25T18:34:15","guid":{"rendered":"https:\/\/poccky.com\/?post_type=product&#038;p=248162"},"modified":"2023-10-25T18:34:16","modified_gmt":"2023-10-25T18:34:16","slug":"miya-3","status":"publish","type":"product","link":"https:\/\/poccky.com\/index.php\/product\/miya-3\/","title":{"rendered":"Miya"},"content":{"rendered":"","protected":false},"excerpt":{"rendered":"<p>Hej<\/p>\n<p>Jag \u00e4r en mogen 40\u00e5rig kvinna med asiatiskt ursprun.G l\u00e5ngt svart h\u00e5r. bruna \u00f6gon. frisk o fr\u00e4sch. 154cm 46kg med fina br\u00f6st 75C. Huden \u00e4r len och kroppen \u00e4r mjuk och \u00e4r alltid rakad. Jag \u00e4r v\u00e4lv\u00e5rdad och f\u00f6rv\u00e4ntar mig att du ocks\u00e5 \u00e4r det. Jag \u00e4r varm o charmig som person. \u00c4r mycket f\u00f6rsiktigt o diskret d\u00e5 det \u00e4r bara ett hemligt jobb vid sidan av mitt liv just nu. Jag \u00e4r seri\u00f6s och engagerad i vad jag g\u00f6r o f\u00f6rv\u00e4ntar respekt ifr\u00e5n dig.. Jag kl\u00e4r mig simpelt och mkt diskret.<\/p>\n<p>Jag \u00e4lskar passionerad sex. kramas och gillar att ge o ta. Erbjuder allt fr\u00e5n lite kortare sk\u00f6na stunder till helkv\u00e4ll. Jag erbjuder mitt s\u00e4llskap med mysig &#038; sk\u00f6n sex o jag lovar att du kommer bli n\u00f6jd n\u00e4r vi g\u00e5r ifr\u00e5n varandra. Jag tr\u00e4ffar inte alla. Tr\u00e4ffar endast f\u00e5tal och enbart v\u00e4lv\u00e5rdade. gener\u00f6sa. seri\u00f6sa. trevliga nordiska gentlem\u00e4n mellan 30-60 \u00e5r f\u00f6r mysiga sk\u00f6na stunder.<\/p>\n<p>\u00c4r tacksam om du mejlar mig en bild p\u00e5 dig sj\u00e4lv (helst EJ nakenbild- ansiktet beh\u00f6ver inte visas om du inte vill det) Detta \u00e4r pga jag v\u00e4ljer fortfarande sj\u00e4lv vem jag ska ha sex med och samtidigt f\u00e5r du sj\u00e4lv v\u00e4lja om du vill tr\u00e4ffa mig eller inte. Det \u00e4r viktigt f\u00f6r mig att sexet med dig skall k\u00e4nnas bra och att b\u00e5de Du och Jag ska m\u00e5 bra efter &#8211;trots s\u00e4ttet hur vi hittade varandra. F\u00f6r det h\u00e4r med attraktionen \u00e4r fortfarande viktigt f\u00f6r mig o jag \u00e4r ganska s\u00e4kert att Du ox\u00e5 tycker likadant.<\/p>\n<p>Vi tr\u00e4ffas hos dig eller p\u00e5 hotell som du st\u00e5r f\u00f6r. L\u00e4ngre tid som helkv\u00e4ll kr\u00e4ver dock kemi fr\u00e5n b\u00e5da.<\/p>\n<p>V\u00e4ntar p\u00e5 att just du h\u00f6r av dig f\u00f6r att vilja ha en mysig stund med mig.<br \/>\nJag lovar dig en mysig sk\u00f6n stund och allt som h\u00e4nder h\u00e4r stannar mellan oss.lovar att du kommer bli n\u00f6jd! Kravl\u00f6st. sk\u00f6n sex . 101 % seri\u00f6st och diskret. Dock ej f\u00f6rnedring eller extremsex.<\/p>\n<p>Bokning sker endast via telefonsamtal. EJ sms eller e-mejl.<\/p>\n<p>076-0834459<\/p>\n<p>Svarar jag inte&#8230;- ring g\u00e4rna igen eft. en stund<br \/>\nSvarar EJ p\u00e5 SKYDDAT \/ DOLT NUMMER!<\/p>\n<p>Kram \/<br \/>\nMiya Huskvarna-J\u00f6nk\u00f6ping My details Below mentioned<\/p>\n<p>                Nationality:<br \/>\n                asian <\/p>\n<p>                Height:<br \/>\n                154<\/p>\n<p>                Weight:<br \/>\n                46phone_android Phone:<br \/>\n          0760834459<\/p>\n","protected":false},"featured_media":241912,"comment_status":"open","ping_status":"closed","template":"","meta":{"site-sidebar-layout":"default","site-content-layout":"","ast-site-content-layout":"","site-content-style":"default","site-sidebar-style":"default","ast-global-header-display":"","ast-banner-title-visibility":"","ast-main-header-display":"","ast-hfb-above-header-display":"","ast-hfb-below-header-display":"","ast-hfb-mobile-header-display":"","site-post-title":"","ast-breadcrumbs-content":"","ast-featured-img":"","footer-sml-layout":"","theme-transparent-header-meta":"","adv-header-id-meta":"","stick-header-meta":"","header-above-stick-meta":"","header-main-stick-meta":"","header-below-stick-meta":"","astra-migrate-meta-layouts":"default","ast-page-background-enabled":"default","ast-page-background-meta":{"desktop":{"background-color":"var(--ast-global-color-4)","background-image":"","background-repeat":"repeat","background-position":"center center","background-size":"auto","background-attachment":"scroll","background-type":"","background-media":"","overlay-type":"","overlay-color":"","overlay-opacity":"","overlay-gradient":""},"tablet":{"background-color":"","background-image":"","background-repeat":"repeat","background-position":"center center","background-size":"auto","background-attachment":"scroll","background-type":"","background-media":"","overlay-type":"","overlay-color":"","overlay-opacity":"","overlay-gradient":""},"mobile":{"background-color":"","background-image":"","background-repeat":"repeat","background-position":"center center","background-size":"auto","background-attachment":"scroll","background-type":"","background-media":"","overlay-type":"","overlay-color":"","overlay-opacity":"","overlay-gradient":""}},"ast-content-background-meta":{"desktop":{"background-color":"var(--ast-global-color-5)","background-image":"","background-repeat":"repeat","background-position":"center center","background-size":"auto","background-attachment":"scroll","background-type":"","background-media":"","overlay-type":"","overlay-color":"","overlay-opacity":"","overlay-gradient":""},"tablet":{"background-color":"var(--ast-global-color-5)","background-image":"","background-repeat":"repeat","background-position":"center center","background-size":"auto","background-attachment":"scroll","background-type":"","background-media":"","overlay-type":"","overlay-color":"","overlay-opacity":"","overlay-gradient":""},"mobile":{"background-color":"var(--ast-global-color-5)","background-image":"","background-repeat":"repeat","background-position":"center center","background-size":"auto","background-attachment":"scroll","background-type":"","background-media":"","overlay-type":"","overlay-color":"","overlay-opacity":"","overlay-gradient":""}}},"product_brand":[],"product_cat":[188,1115,957],"product_tag":[],"class_list":{"0":"post-248162","1":"product","2":"type-product","3":"status-publish","4":"has-post-thumbnail","6":"product_cat-freelancer","7":"product_cat-stockholm","8":"product_cat-sweden","9":"desktop-align-left","10":"tablet-align-left","11":"mobile-align-left","13":"first","14":"instock","15":"shipping-taxable","16":"product-type-simple"},"_links":{"self":[{"href":"https:\/\/poccky.com\/index.php\/wp-json\/wp\/v2\/product\/248162","targetHints":{"allow":["GET"]}}],"collection":[{"href":"https:\/\/poccky.com\/index.php\/wp-json\/wp\/v2\/product"}],"about":[{"href":"https:\/\/poccky.com\/index.php\/wp-json\/wp\/v2\/types\/product"}],"replies":[{"embeddable":true,"href":"https:\/\/poccky.com\/index.php\/wp-json\/wp\/v2\/comments?post=248162"}],"wp:featuredmedia":[{"embeddable":true,"href":"https:\/\/poccky.com\/index.php\/wp-json\/wp\/v2\/media\/241912"}],"wp:attachment":[{"href":"https:\/\/poccky.com\/index.php\/wp-json\/wp\/v2\/media?parent=248162"}],"wp:term":[{"taxonomy":"product_brand","embeddable":true,"href":"https:\/\/poccky.com\/index.php\/wp-json\/wp\/v2\/product_brand?post=248162"},{"taxonomy":"product_cat","embeddable":true,"href":"https:\/\/poccky.com\/index.php\/wp-json\/wp\/v2\/product_cat?post=248162"},{"taxonomy":"product_tag","embeddable":true,"href":"https:\/\/poccky.com\/index.php\/wp-json\/wp\/v2\/product_tag?post=248162"}],"curies":[{"name":"wp","href":"https:\/\/api.w.org\/{rel}","templated":true}]}}