{"id":248035,"date":"2023-10-25T18:20:04","date_gmt":"2023-10-25T18:20:04","guid":{"rendered":"https:\/\/poccky.com\/?post_type=product&#038;p=248035"},"modified":"2023-10-25T18:20:12","modified_gmt":"2023-10-25T18:20:12","slug":"monica-beluccia","status":"publish","type":"product","link":"https:\/\/poccky.com\/index.php\/product\/monica-beluccia\/","title":{"rendered":"MONICA BELUCCIA"},"content":{"rendered":"","protected":false},"excerpt":{"rendered":"<p>FOTO 1000 VERA !!! NESSUNA SORPRESA<br \/>\nSono una Ragazza de Brasil Dolce ed educata. amante della pulizia raffinata. Mora. dalle forme esuberanti. con una 6 naturale di seno! Foto realissime. nessuna sorpresa&#8230;. elegante. amante della lingerie e dei tacchi alti&#8230; Per il resto mi piace sorprenderti. Conoscermi sar\u00e0 per te un&#8217;esperienza unica e sconvolgente perch\u00e8 sono una vera Dea del &#8230; Io sono esattamente come mi vedi nelle foto. reale al 100%. a volte mi dicono che sono ancora pi\u00f9 bella. ma questo sarai tu a scoprirlo..A letto sono molto bravissima. sempre cerco di dare il massimo. perch\u00e8 per me ogni incontro \u00e8 unico&#8230; In cambio di tutto ci\u00f2. chiedo seriet\u00e0. pulizia e rispetto.<br \/>\nQuello che vedi \u00e8 quello che trovi. quello che dico \u00e8 quello che faccio!!Disponible per esaudire tutte le tue fantasie&#8230;Mi piacciono i lunghissimi preliminari al naturale. baci veri appassionati&#8230;Ti far\u00f2 impazzire. tutto senza fretta. Fondoschiena disponibilissimo.Dal vivo sono meglio!! Chiamami subito. non ti pentirai. Sono molto disponibile e completissima&#8230;Non vedo l&#8217;ora di conoscerti. non dico mai di no My details Below mentioned<\/p>\n<p>                Nationality:<br \/>\n                Brasil <\/p>\n<p>                Languages:<br \/>\n                Portugues.  spanish.  italian<\/p>\n<p>                Height:<br \/>\n                1.70<\/p>\n<p>                Weight:<br \/>\n                65<\/p>\n<p>                Hair:<br \/>\n                longphone_android Phone:<br \/>\n          393201605138<\/p>\n","protected":false},"featured_media":241403,"comment_status":"open","ping_status":"closed","template":"","meta":{"site-sidebar-layout":"default","site-content-layout":"","ast-site-content-layout":"","site-content-style":"default","site-sidebar-style":"default","ast-global-header-display":"","ast-banner-title-visibility":"","ast-main-header-display":"","ast-hfb-above-header-display":"","ast-hfb-below-header-display":"","ast-hfb-mobile-header-display":"","site-post-title":"","ast-breadcrumbs-content":"","ast-featured-img":"","footer-sml-layout":"","theme-transparent-header-meta":"","adv-header-id-meta":"","stick-header-meta":"","header-above-stick-meta":"","header-main-stick-meta":"","header-below-stick-meta":"","astra-migrate-meta-layouts":"default","ast-page-background-enabled":"default","ast-page-background-meta":{"desktop":{"background-color":"var(--ast-global-color-4)","background-image":"","background-repeat":"repeat","background-position":"center center","background-size":"auto","background-attachment":"scroll","background-type":"","background-media":"","overlay-type":"","overlay-color":"","overlay-opacity":"","overlay-gradient":""},"tablet":{"background-color":"","background-image":"","background-repeat":"repeat","background-position":"center center","background-size":"auto","background-attachment":"scroll","background-type":"","background-media":"","overlay-type":"","overlay-color":"","overlay-opacity":"","overlay-gradient":""},"mobile":{"background-color":"","background-image":"","background-repeat":"repeat","background-position":"center center","background-size":"auto","background-attachment":"scroll","background-type":"","background-media":"","overlay-type":"","overlay-color":"","overlay-opacity":"","overlay-gradient":""}},"ast-content-background-meta":{"desktop":{"background-color":"var(--ast-global-color-5)","background-image":"","background-repeat":"repeat","background-position":"center center","background-size":"auto","background-attachment":"scroll","background-type":"","background-media":"","overlay-type":"","overlay-color":"","overlay-opacity":"","overlay-gradient":""},"tablet":{"background-color":"var(--ast-global-color-5)","background-image":"","background-repeat":"repeat","background-position":"center center","background-size":"auto","background-attachment":"scroll","background-type":"","background-media":"","overlay-type":"","overlay-color":"","overlay-opacity":"","overlay-gradient":""},"mobile":{"background-color":"var(--ast-global-color-5)","background-image":"","background-repeat":"repeat","background-position":"center center","background-size":"auto","background-attachment":"scroll","background-type":"","background-media":"","overlay-type":"","overlay-color":"","overlay-opacity":"","overlay-gradient":""}}},"product_brand":[],"product_cat":[188,809,412],"product_tag":[],"class_list":{"0":"post-248035","1":"product","2":"type-product","3":"status-publish","4":"has-post-thumbnail","6":"product_cat-freelancer","7":"product_cat-italy","8":"product_cat-milan","9":"desktop-align-left","10":"tablet-align-left","11":"mobile-align-left","13":"first","14":"instock","15":"shipping-taxable","16":"product-type-simple"},"_links":{"self":[{"href":"https:\/\/poccky.com\/index.php\/wp-json\/wp\/v2\/product\/248035","targetHints":{"allow":["GET"]}}],"collection":[{"href":"https:\/\/poccky.com\/index.php\/wp-json\/wp\/v2\/product"}],"about":[{"href":"https:\/\/poccky.com\/index.php\/wp-json\/wp\/v2\/types\/product"}],"replies":[{"embeddable":true,"href":"https:\/\/poccky.com\/index.php\/wp-json\/wp\/v2\/comments?post=248035"}],"wp:featuredmedia":[{"embeddable":true,"href":"https:\/\/poccky.com\/index.php\/wp-json\/wp\/v2\/media\/241403"}],"wp:attachment":[{"href":"https:\/\/poccky.com\/index.php\/wp-json\/wp\/v2\/media?parent=248035"}],"wp:term":[{"taxonomy":"product_brand","embeddable":true,"href":"https:\/\/poccky.com\/index.php\/wp-json\/wp\/v2\/product_brand?post=248035"},{"taxonomy":"product_cat","embeddable":true,"href":"https:\/\/poccky.com\/index.php\/wp-json\/wp\/v2\/product_cat?post=248035"},{"taxonomy":"product_tag","embeddable":true,"href":"https:\/\/poccky.com\/index.php\/wp-json\/wp\/v2\/product_tag?post=248035"}],"curies":[{"name":"wp","href":"https:\/\/api.w.org\/{rel}","templated":true}]}}