{"id":247936,"date":"2023-10-25T18:07:54","date_gmt":"2023-10-25T18:07:54","guid":{"rendered":"https:\/\/poccky.com\/?post_type=product&#038;p=247936"},"modified":"2023-10-25T18:08:02","modified_gmt":"2023-10-25T18:08:02","slug":"christina_esk","status":"publish","type":"product","link":"https:\/\/poccky.com\/index.php\/product\/christina_esk\/","title":{"rendered":"Christina_esk"},"content":{"rendered":"","protected":false},"excerpt":{"rendered":"<p>Feminin och sensuell escort i Stockholm. Med elegans. sk\u00f6nhet och en kropp skapad f\u00f6r synd. En fantastisk personlighet. h\u00f6g intelligens. sprakande konversations talang och massor av humor. Vackert ansikte. m\u00f6rkbruna \u00f6gon och h\u00e4rlig sexy kropp.<\/p>\n<p>Jag \u00e4r kvinna och f\u00f6rv\u00e4ntar mig att bli behandlad som en lady. s\u00e5 var en gentleman n\u00e4r du ringer eller skriver. Jag ger alltid 100%. Du kommer aldrig att uppleva mig som fr\u00e5nvarande eller stressad.<\/p>\n<p>Diskretionen \u00e4r 100% garanterad s\u00e5 som du f\u00f6rv\u00e4ntar dig.<\/p>\n<p>Du kan ocks\u00e5 kontakta mig via e-mail<\/p>\n<p>christina_esk.hotmail.se My details Below mentioned<\/p>\n<p>                Nationality:<br \/>\n                svensk <\/p>\n<p>                Languages:<br \/>\n                svensk.  norsk.  engelsk<\/p>\n<p>                Age:<br \/>\n                34<\/p>\n<p>                Height:<br \/>\n                170 cm<\/p>\n<p>                Weight:<br \/>\n                64 kg<\/p>\n<p>                Hair:<br \/>\n                l\u00e5ng copper<\/p>\n<p>                Eyes:<br \/>\n                brunphone_android Phone:<br \/>\n          0720136337<\/p>\n","protected":false},"featured_media":240998,"comment_status":"open","ping_status":"closed","template":"","meta":{"site-sidebar-layout":"default","site-content-layout":"","ast-site-content-layout":"","site-content-style":"default","site-sidebar-style":"default","ast-global-header-display":"","ast-banner-title-visibility":"","ast-main-header-display":"","ast-hfb-above-header-display":"","ast-hfb-below-header-display":"","ast-hfb-mobile-header-display":"","site-post-title":"","ast-breadcrumbs-content":"","ast-featured-img":"","footer-sml-layout":"","theme-transparent-header-meta":"","adv-header-id-meta":"","stick-header-meta":"","header-above-stick-meta":"","header-main-stick-meta":"","header-below-stick-meta":"","astra-migrate-meta-layouts":"default","ast-page-background-enabled":"default","ast-page-background-meta":{"desktop":{"background-color":"var(--ast-global-color-4)","background-image":"","background-repeat":"repeat","background-position":"center center","background-size":"auto","background-attachment":"scroll","background-type":"","background-media":"","overlay-type":"","overlay-color":"","overlay-opacity":"","overlay-gradient":""},"tablet":{"background-color":"","background-image":"","background-repeat":"repeat","background-position":"center center","background-size":"auto","background-attachment":"scroll","background-type":"","background-media":"","overlay-type":"","overlay-color":"","overlay-opacity":"","overlay-gradient":""},"mobile":{"background-color":"","background-image":"","background-repeat":"repeat","background-position":"center center","background-size":"auto","background-attachment":"scroll","background-type":"","background-media":"","overlay-type":"","overlay-color":"","overlay-opacity":"","overlay-gradient":""}},"ast-content-background-meta":{"desktop":{"background-color":"var(--ast-global-color-5)","background-image":"","background-repeat":"repeat","background-position":"center center","background-size":"auto","background-attachment":"scroll","background-type":"","background-media":"","overlay-type":"","overlay-color":"","overlay-opacity":"","overlay-gradient":""},"tablet":{"background-color":"var(--ast-global-color-5)","background-image":"","background-repeat":"repeat","background-position":"center center","background-size":"auto","background-attachment":"scroll","background-type":"","background-media":"","overlay-type":"","overlay-color":"","overlay-opacity":"","overlay-gradient":""},"mobile":{"background-color":"var(--ast-global-color-5)","background-image":"","background-repeat":"repeat","background-position":"center center","background-size":"auto","background-attachment":"scroll","background-type":"","background-media":"","overlay-type":"","overlay-color":"","overlay-opacity":"","overlay-gradient":""}}},"product_brand":[],"product_cat":[188,1115,957],"product_tag":[],"class_list":{"0":"post-247936","1":"product","2":"type-product","3":"status-publish","4":"has-post-thumbnail","6":"product_cat-freelancer","7":"product_cat-stockholm","8":"product_cat-sweden","9":"desktop-align-left","10":"tablet-align-left","11":"mobile-align-left","13":"first","14":"instock","15":"shipping-taxable","16":"product-type-simple"},"_links":{"self":[{"href":"https:\/\/poccky.com\/index.php\/wp-json\/wp\/v2\/product\/247936","targetHints":{"allow":["GET"]}}],"collection":[{"href":"https:\/\/poccky.com\/index.php\/wp-json\/wp\/v2\/product"}],"about":[{"href":"https:\/\/poccky.com\/index.php\/wp-json\/wp\/v2\/types\/product"}],"replies":[{"embeddable":true,"href":"https:\/\/poccky.com\/index.php\/wp-json\/wp\/v2\/comments?post=247936"}],"wp:featuredmedia":[{"embeddable":true,"href":"https:\/\/poccky.com\/index.php\/wp-json\/wp\/v2\/media\/240998"}],"wp:attachment":[{"href":"https:\/\/poccky.com\/index.php\/wp-json\/wp\/v2\/media?parent=247936"}],"wp:term":[{"taxonomy":"product_brand","embeddable":true,"href":"https:\/\/poccky.com\/index.php\/wp-json\/wp\/v2\/product_brand?post=247936"},{"taxonomy":"product_cat","embeddable":true,"href":"https:\/\/poccky.com\/index.php\/wp-json\/wp\/v2\/product_cat?post=247936"},{"taxonomy":"product_tag","embeddable":true,"href":"https:\/\/poccky.com\/index.php\/wp-json\/wp\/v2\/product_tag?post=247936"}],"curies":[{"name":"wp","href":"https:\/\/api.w.org\/{rel}","templated":true}]}}