{"id":247907,"date":"2023-10-25T18:04:32","date_gmt":"2023-10-25T18:04:32","guid":{"rendered":"https:\/\/poccky.com\/?post_type=product&#038;p=247907"},"modified":"2023-10-25T18:04:35","modified_gmt":"2023-10-25T18:04:35","slug":"marie-5","status":"publish","type":"product","link":"https:\/\/poccky.com\/index.php\/product\/marie-5\/","title":{"rendered":"Marie"},"content":{"rendered":"","protected":false},"excerpt":{"rendered":"<p>Hej!<\/p>\n<p>Mogen kvinna 45 \u00e5r. \u00c4lskar att se m\u00e4n njuta n\u00e4r dom f\u00e5r min sk\u00f6na behandling.<\/p>\n<p>Jag finns s\u00f6der om globen.<\/p>\n<p>Mina tj\u00e4nster&#8230;Chackramassage med olja..800 kr halv timme.<\/p>\n<p>&#8211; En halv timme full servis ..1200 kr<\/p>\n<p>En timme full service ..1600 kr<\/p>\n<p>Jag ger dig..Chackramassage med olja&#8230;Stavar Strapon Wet Oralt rollspel L\u00e4tt dominans Samt vanlig mysig sex f\u00f6rst\u00e5s&#8230;<\/p>\n<p>OBS&#8230;Jag tar inte emot analt.<\/p>\n<p>Ring mig p\u00e5 tele 0708 25 76 48<\/p>\n<p>Kram Marie! My details Below mentioned<\/p>\n<p>                Nationality:<br \/>\n                Sweden <\/p>\n<p>                Languages:<br \/>\n                Swedish<\/p>\n<p>                Age:<br \/>\n                46<\/p>\n<p>                Height:<br \/>\n                1.70<\/p>\n<p>                Weight:<br \/>\n                78<\/p>\n<p>                Hair:<br \/>\n                long blond<\/p>\n<p>                Eyes:<br \/>\n                brunaphone_android Phone:<br \/>\n          0708257648<\/p>\n","protected":false},"featured_media":240867,"comment_status":"open","ping_status":"closed","template":"","meta":{"site-sidebar-layout":"default","site-content-layout":"","ast-site-content-layout":"","site-content-style":"default","site-sidebar-style":"default","ast-global-header-display":"","ast-banner-title-visibility":"","ast-main-header-display":"","ast-hfb-above-header-display":"","ast-hfb-below-header-display":"","ast-hfb-mobile-header-display":"","site-post-title":"","ast-breadcrumbs-content":"","ast-featured-img":"","footer-sml-layout":"","theme-transparent-header-meta":"","adv-header-id-meta":"","stick-header-meta":"","header-above-stick-meta":"","header-main-stick-meta":"","header-below-stick-meta":"","astra-migrate-meta-layouts":"default","ast-page-background-enabled":"default","ast-page-background-meta":{"desktop":{"background-color":"var(--ast-global-color-4)","background-image":"","background-repeat":"repeat","background-position":"center center","background-size":"auto","background-attachment":"scroll","background-type":"","background-media":"","overlay-type":"","overlay-color":"","overlay-opacity":"","overlay-gradient":""},"tablet":{"background-color":"","background-image":"","background-repeat":"repeat","background-position":"center center","background-size":"auto","background-attachment":"scroll","background-type":"","background-media":"","overlay-type":"","overlay-color":"","overlay-opacity":"","overlay-gradient":""},"mobile":{"background-color":"","background-image":"","background-repeat":"repeat","background-position":"center center","background-size":"auto","background-attachment":"scroll","background-type":"","background-media":"","overlay-type":"","overlay-color":"","overlay-opacity":"","overlay-gradient":""}},"ast-content-background-meta":{"desktop":{"background-color":"var(--ast-global-color-5)","background-image":"","background-repeat":"repeat","background-position":"center center","background-size":"auto","background-attachment":"scroll","background-type":"","background-media":"","overlay-type":"","overlay-color":"","overlay-opacity":"","overlay-gradient":""},"tablet":{"background-color":"var(--ast-global-color-5)","background-image":"","background-repeat":"repeat","background-position":"center center","background-size":"auto","background-attachment":"scroll","background-type":"","background-media":"","overlay-type":"","overlay-color":"","overlay-opacity":"","overlay-gradient":""},"mobile":{"background-color":"var(--ast-global-color-5)","background-image":"","background-repeat":"repeat","background-position":"center center","background-size":"auto","background-attachment":"scroll","background-type":"","background-media":"","overlay-type":"","overlay-color":"","overlay-opacity":"","overlay-gradient":""}}},"product_brand":[],"product_cat":[188,1115,957],"product_tag":[],"class_list":{"0":"post-247907","1":"product","2":"type-product","3":"status-publish","4":"has-post-thumbnail","6":"product_cat-freelancer","7":"product_cat-stockholm","8":"product_cat-sweden","9":"desktop-align-left","10":"tablet-align-left","11":"mobile-align-left","13":"first","14":"instock","15":"shipping-taxable","16":"product-type-simple"},"_links":{"self":[{"href":"https:\/\/poccky.com\/index.php\/wp-json\/wp\/v2\/product\/247907","targetHints":{"allow":["GET"]}}],"collection":[{"href":"https:\/\/poccky.com\/index.php\/wp-json\/wp\/v2\/product"}],"about":[{"href":"https:\/\/poccky.com\/index.php\/wp-json\/wp\/v2\/types\/product"}],"replies":[{"embeddable":true,"href":"https:\/\/poccky.com\/index.php\/wp-json\/wp\/v2\/comments?post=247907"}],"wp:featuredmedia":[{"embeddable":true,"href":"https:\/\/poccky.com\/index.php\/wp-json\/wp\/v2\/media\/240867"}],"wp:attachment":[{"href":"https:\/\/poccky.com\/index.php\/wp-json\/wp\/v2\/media?parent=247907"}],"wp:term":[{"taxonomy":"product_brand","embeddable":true,"href":"https:\/\/poccky.com\/index.php\/wp-json\/wp\/v2\/product_brand?post=247907"},{"taxonomy":"product_cat","embeddable":true,"href":"https:\/\/poccky.com\/index.php\/wp-json\/wp\/v2\/product_cat?post=247907"},{"taxonomy":"product_tag","embeddable":true,"href":"https:\/\/poccky.com\/index.php\/wp-json\/wp\/v2\/product_tag?post=247907"}],"curies":[{"name":"wp","href":"https:\/\/api.w.org\/{rel}","templated":true}]}}