{"id":247679,"date":"2023-10-25T17:38:07","date_gmt":"2023-10-25T17:38:07","guid":{"rendered":"https:\/\/poccky.com\/?post_type=product&#038;p=247679"},"modified":"2023-10-25T17:38:14","modified_gmt":"2023-10-25T17:38:14","slug":"lena-5","status":"publish","type":"product","link":"https:\/\/poccky.com\/index.php\/product\/lena-5\/","title":{"rendered":"Lena"},"content":{"rendered":"","protected":false},"excerpt":{"rendered":"<p>Wow.da fehlen einem die Worte f\u00fcr soviel Erotik pur. Ihr schlanker sportlicher K\u00f6rper mit dieser prallen Oberweite von 80 doppel D ist ein hingucker der besonderen Art. Jeder cm begeistert mehr. Lena bietet auch gerne l\u00e4ngere Besuche(Happy weekend) an. \u00dcberzeuge Dich selbst.<\/p>\n<p>Wenn Lena vom Escort den Raum betritt. bleibt einem der Atem we.G denn die 36j\u00e4hrihge ist nicht nur wundersch\u00f6n. sie hat auch einen aufregenden und makellosen K\u00f6rper. Sie verk\u00f6rpert pure Weiblichkeit und Leidenschaft und schnell wird der Wunsch. sie sofort zu verf\u00fchren. immer st\u00e4rker. Ihr blondes Haar ist \u00fcberw\u00e4ltigend genauso wie ihr wundersch\u00f6nes Gesicht. Lena kommt aus Polen und schon immer war es ihr Wunsch. f\u00fcr den Escort t\u00e4tig zu sein. Sie spricht polnisch. deutsch und englisch. um sich gut verst\u00e4ndigen zu k\u00f6nnen. In der Zeit ab 17 Uhr kann diese atemberaubende Sch\u00f6nheit t\u00e4glich gebucht werden. My details Below mentioned<\/p>\n<p>                Nationality:<br \/>\n                Polen <\/p>\n<p>                Languages:<br \/>\n                Deutsch.  Englisch<\/p>\n<p>                Age:<br \/>\n                36<\/p>\n<p>                Height:<br \/>\n                167 cm<\/p>\n<p>                Hair:<br \/>\n                LONG BLONDEphone_android Phone:<br \/>\n          015117980713<\/p>\n","protected":false},"featured_media":239943,"comment_status":"open","ping_status":"closed","template":"","meta":{"site-sidebar-layout":"default","site-content-layout":"","ast-site-content-layout":"","site-content-style":"default","site-sidebar-style":"default","ast-global-header-display":"","ast-banner-title-visibility":"","ast-main-header-display":"","ast-hfb-above-header-display":"","ast-hfb-below-header-display":"","ast-hfb-mobile-header-display":"","site-post-title":"","ast-breadcrumbs-content":"","ast-featured-img":"","footer-sml-layout":"","theme-transparent-header-meta":"","adv-header-id-meta":"","stick-header-meta":"","header-above-stick-meta":"","header-main-stick-meta":"","header-below-stick-meta":"","astra-migrate-meta-layouts":"default","ast-page-background-enabled":"default","ast-page-background-meta":{"desktop":{"background-color":"var(--ast-global-color-4)","background-image":"","background-repeat":"repeat","background-position":"center center","background-size":"auto","background-attachment":"scroll","background-type":"","background-media":"","overlay-type":"","overlay-color":"","overlay-opacity":"","overlay-gradient":""},"tablet":{"background-color":"","background-image":"","background-repeat":"repeat","background-position":"center center","background-size":"auto","background-attachment":"scroll","background-type":"","background-media":"","overlay-type":"","overlay-color":"","overlay-opacity":"","overlay-gradient":""},"mobile":{"background-color":"","background-image":"","background-repeat":"repeat","background-position":"center center","background-size":"auto","background-attachment":"scroll","background-type":"","background-media":"","overlay-type":"","overlay-color":"","overlay-opacity":"","overlay-gradient":""}},"ast-content-background-meta":{"desktop":{"background-color":"var(--ast-global-color-5)","background-image":"","background-repeat":"repeat","background-position":"center center","background-size":"auto","background-attachment":"scroll","background-type":"","background-media":"","overlay-type":"","overlay-color":"","overlay-opacity":"","overlay-gradient":""},"tablet":{"background-color":"var(--ast-global-color-5)","background-image":"","background-repeat":"repeat","background-position":"center center","background-size":"auto","background-attachment":"scroll","background-type":"","background-media":"","overlay-type":"","overlay-color":"","overlay-opacity":"","overlay-gradient":""},"mobile":{"background-color":"var(--ast-global-color-5)","background-image":"","background-repeat":"repeat","background-position":"center center","background-size":"auto","background-attachment":"scroll","background-type":"","background-media":"","overlay-type":"","overlay-color":"","overlay-opacity":"","overlay-gradient":""}}},"product_brand":[],"product_cat":[996,188,811],"product_tag":[],"class_list":{"0":"post-247679","1":"product","2":"type-product","3":"status-publish","4":"has-post-thumbnail","6":"product_cat-berlin","7":"product_cat-freelancer","8":"product_cat-germany","9":"desktop-align-left","10":"tablet-align-left","11":"mobile-align-left","13":"first","14":"instock","15":"shipping-taxable","16":"product-type-simple"},"_links":{"self":[{"href":"https:\/\/poccky.com\/index.php\/wp-json\/wp\/v2\/product\/247679","targetHints":{"allow":["GET"]}}],"collection":[{"href":"https:\/\/poccky.com\/index.php\/wp-json\/wp\/v2\/product"}],"about":[{"href":"https:\/\/poccky.com\/index.php\/wp-json\/wp\/v2\/types\/product"}],"replies":[{"embeddable":true,"href":"https:\/\/poccky.com\/index.php\/wp-json\/wp\/v2\/comments?post=247679"}],"wp:featuredmedia":[{"embeddable":true,"href":"https:\/\/poccky.com\/index.php\/wp-json\/wp\/v2\/media\/239943"}],"wp:attachment":[{"href":"https:\/\/poccky.com\/index.php\/wp-json\/wp\/v2\/media?parent=247679"}],"wp:term":[{"taxonomy":"product_brand","embeddable":true,"href":"https:\/\/poccky.com\/index.php\/wp-json\/wp\/v2\/product_brand?post=247679"},{"taxonomy":"product_cat","embeddable":true,"href":"https:\/\/poccky.com\/index.php\/wp-json\/wp\/v2\/product_cat?post=247679"},{"taxonomy":"product_tag","embeddable":true,"href":"https:\/\/poccky.com\/index.php\/wp-json\/wp\/v2\/product_tag?post=247679"}],"curies":[{"name":"wp","href":"https:\/\/api.w.org\/{rel}","templated":true}]}}