{"id":247598,"date":"2023-10-25T17:27:36","date_gmt":"2023-10-25T17:27:36","guid":{"rendered":"https:\/\/poccky.com\/?post_type=product&#038;p=247598"},"modified":"2023-10-25T17:27:54","modified_gmt":"2023-10-25T17:27:54","slug":"marlenne","status":"publish","type":"product","link":"https:\/\/poccky.com\/index.php\/product\/marlenne\/","title":{"rendered":"Marlenne"},"content":{"rendered":"","protected":false},"excerpt":{"rendered":"<p>Mannequin photo\/ex-h\u00f4tesse de l&#8217;air..<br \/>\nVip Escort Occasionnelle et Independente.<br \/>\nI speak spanish. english. french and italian.<br \/>\nJe m&#8217;appelle Marlenne. je suis une jolie rousse de 35 ans aux jeux verts et des magnifiques long jambes. Tr\u00e8s jolie femme douce et coquine. mannequin dot\u00e9e de mensurations de r\u00eaves vous propose un accompagnement VIP pour gentlemen au niveau social \u00e9lev\u00e9.<br \/>\nGlamour. sympathique. cultiv\u00e9e et d&#8217;une grande d\u00e9licatesse. je r\u00e9ponds totalement \u00e0 la d\u00e9finition de l&#8217;escorte HAUT DE GAMME&#8230;<br \/>\nMon charme naturel et mon pouvoir de s\u00e9duction vous transporteront durant notre rencontre.<br \/>\nMes caresses sont inoubliables et ma compagnie vraiment exceptionnelle&#8230;<br \/>\nLe tout dans une atmosph\u00e8re chic. classe et raffin\u00e9e.<br \/>\nA noter que seul mon temps d&#8217;accompagnement est factur\u00e9. s&#8217;il devait se passer autre chose lors de notre rencontre. cela releverait uniquement de la vie priv\u00e9e entre adultes consentants et serait d\u00e9tach\u00e9e de ma prestation d&#8217;accompagnatrice VIP.<br \/>\nTendres baisers!<br \/>\nMARLENNE.<\/p>\n<p>I&#8217;m Marlenne. I am a pretty ginger of 35 years old with green eyes and incredible long legs.<br \/>\nI am a cheerful nature as I am latin and I love living life to the fullest. Really sweet. sexy and class. I appreciate all the pleasures of life.<br \/>\nI could receive you in my appartement or I could also join you at your hotel or your place very discreetly.<br \/>\nBeing very selective. I r\u00e9serve myself the right to accept or refuse our meeting or not respond to a telephone call or discourteous familiar as mutual respect. gentleness and reciprocity are values that I especially appreciate.<br \/>\nI only do one appointment a day. this is more than enough for me so I give priority to gentlemen who give me some notice.<br \/>\nI only provide support services and relaxation between adults and I inform you about the legal activity of an independent and accompanist. Any more intimate relationship which could be covered solely of privacy between consenting adults is perfectly detached from the delivery.<br \/>\nI love the warm and special relationship to do our meeting a success!<br \/>\nSo I invite you to discover my sensual and relaxing world.<br \/>\nSweet kisses!<br \/>\nMARLENNE My details Below mentioned<\/p>\n<p>                Nationality:<br \/>\n                Spanish <\/p>\n<p>                Languages:<br \/>\n                French.  english.  spanish and italian<\/p>\n<p>                Age:<br \/>\n                35<\/p>\n<p>                Height:<br \/>\n                178cm<\/p>\n<p>                Weight:<br \/>\n                60kg<\/p>\n<p>                Hair:<br \/>\n                Long ginger<\/p>\n<p>                Eyes:<br \/>\n                dark green<\/p>\n<p>                Measurements:<br \/>\n                90-63-90<\/p>\n","protected":false},"featured_media":0,"comment_status":"open","ping_status":"closed","template":"","meta":{"site-sidebar-layout":"default","site-content-layout":"","ast-site-content-layout":"","site-content-style":"default","site-sidebar-style":"default","ast-global-header-display":"","ast-banner-title-visibility":"","ast-main-header-display":"","ast-hfb-above-header-display":"","ast-hfb-below-header-display":"","ast-hfb-mobile-header-display":"","site-post-title":"","ast-breadcrumbs-content":"","ast-featured-img":"","footer-sml-layout":"","theme-transparent-header-meta":"","adv-header-id-meta":"","stick-header-meta":"","header-above-stick-meta":"","header-main-stick-meta":"","header-below-stick-meta":"","astra-migrate-meta-layouts":"default","ast-page-background-enabled":"default","ast-page-background-meta":{"desktop":{"background-color":"var(--ast-global-color-4)","background-image":"","background-repeat":"repeat","background-position":"center center","background-size":"auto","background-attachment":"scroll","background-type":"","background-media":"","overlay-type":"","overlay-color":"","overlay-opacity":"","overlay-gradient":""},"tablet":{"background-color":"","background-image":"","background-repeat":"repeat","background-position":"center center","background-size":"auto","background-attachment":"scroll","background-type":"","background-media":"","overlay-type":"","overlay-color":"","overlay-opacity":"","overlay-gradient":""},"mobile":{"background-color":"","background-image":"","background-repeat":"repeat","background-position":"center center","background-size":"auto","background-attachment":"scroll","background-type":"","background-media":"","overlay-type":"","overlay-color":"","overlay-opacity":"","overlay-gradient":""}},"ast-content-background-meta":{"desktop":{"background-color":"var(--ast-global-color-5)","background-image":"","background-repeat":"repeat","background-position":"center center","background-size":"auto","background-attachment":"scroll","background-type":"","background-media":"","overlay-type":"","overlay-color":"","overlay-opacity":"","overlay-gradient":""},"tablet":{"background-color":"var(--ast-global-color-5)","background-image":"","background-repeat":"repeat","background-position":"center center","background-size":"auto","background-attachment":"scroll","background-type":"","background-media":"","overlay-type":"","overlay-color":"","overlay-opacity":"","overlay-gradient":""},"mobile":{"background-color":"var(--ast-global-color-5)","background-image":"","background-repeat":"repeat","background-position":"center center","background-size":"auto","background-attachment":"scroll","background-type":"","background-media":"","overlay-type":"","overlay-color":"","overlay-opacity":"","overlay-gradient":""}}},"product_brand":[],"product_cat":[244,188,1118],"product_tag":[],"class_list":{"0":"post-247598","1":"product","2":"type-product","3":"status-publish","5":"product_cat-france","6":"product_cat-freelancer","7":"product_cat-paris","8":"desktop-align-left","9":"tablet-align-left","10":"mobile-align-left","12":"first","13":"instock","14":"shipping-taxable","15":"product-type-simple"},"_links":{"self":[{"href":"https:\/\/poccky.com\/index.php\/wp-json\/wp\/v2\/product\/247598","targetHints":{"allow":["GET"]}}],"collection":[{"href":"https:\/\/poccky.com\/index.php\/wp-json\/wp\/v2\/product"}],"about":[{"href":"https:\/\/poccky.com\/index.php\/wp-json\/wp\/v2\/types\/product"}],"replies":[{"embeddable":true,"href":"https:\/\/poccky.com\/index.php\/wp-json\/wp\/v2\/comments?post=247598"}],"wp:attachment":[{"href":"https:\/\/poccky.com\/index.php\/wp-json\/wp\/v2\/media?parent=247598"}],"wp:term":[{"taxonomy":"product_brand","embeddable":true,"href":"https:\/\/poccky.com\/index.php\/wp-json\/wp\/v2\/product_brand?post=247598"},{"taxonomy":"product_cat","embeddable":true,"href":"https:\/\/poccky.com\/index.php\/wp-json\/wp\/v2\/product_cat?post=247598"},{"taxonomy":"product_tag","embeddable":true,"href":"https:\/\/poccky.com\/index.php\/wp-json\/wp\/v2\/product_tag?post=247598"}],"curies":[{"name":"wp","href":"https:\/\/api.w.org\/{rel}","templated":true}]}}