{"id":247480,"date":"2023-10-25T17:14:25","date_gmt":"2023-10-25T17:14:25","guid":{"rendered":"https:\/\/poccky.com\/?post_type=product&#038;p=247480"},"modified":"2023-10-25T17:14:32","modified_gmt":"2023-10-25T17:14:32","slug":"angelinabellissima","status":"publish","type":"product","link":"https:\/\/poccky.com\/index.php\/product\/angelinabellissima\/","title":{"rendered":"ANGELINABELLISSIMA"},"content":{"rendered":"","protected":false},"excerpt":{"rendered":"<p>Je suis une jeune femme sportive . pleine d energie . possedant bcp de personnalit\u00e9&#8230;Je peux etre arrogante . comme tres pos\u00e9e . je sais m adapter \u00e0 n importe quelle situation &#8230;Je me qualifie comme etant tres feminine et naturellement sensuelle . malgr\u00e9 tout. assez sauvage et mysterieuse ..J aime le gout de l aventure et les situations insolites . decouvrir de nouvelles personnalit\u00e9s et enrichir mes connaissances culturelles ou j y trouve un epanouissement personnel&#8230;De nature communicative et sociable . je privilegie les relations de qualit\u00e9&#8230;Si vous recherchez une escort alliant feminit\u00e9 . sensualit\u00e9 . subtilit\u00e9 . classe . elegance . sympathie et humour je serai ravie de vous accompagner dans vos sorties et activit\u00e9s favorites &#8230;Je transformerai vos nuits ou vos moments sombres en un rayon de soleil. alors messieurs laissez vous seduire!!!! My details Below mentioned<\/p>\n<p>                Nationality:<br \/>\n                FRENCH <\/p>\n<p>                Languages:<br \/>\n                ENGLISH SPANISH ITALIAN FRENCH<\/p>\n<p>                Age:<br \/>\n                18<\/p>\n<p>                Height:<br \/>\n                167<\/p>\n<p>                Weight:<br \/>\n                47<\/p>\n<p>                Hair:<br \/>\n                BROWN<\/p>\n<p>                Eyes:<br \/>\n                BLUE AND GREEN<\/p>\n<p>                Measurements:<br \/>\n                90<\/p>\n","protected":false},"featured_media":239196,"comment_status":"open","ping_status":"closed","template":"","meta":{"site-sidebar-layout":"default","site-content-layout":"","ast-site-content-layout":"","site-content-style":"default","site-sidebar-style":"default","ast-global-header-display":"","ast-banner-title-visibility":"","ast-main-header-display":"","ast-hfb-above-header-display":"","ast-hfb-below-header-display":"","ast-hfb-mobile-header-display":"","site-post-title":"","ast-breadcrumbs-content":"","ast-featured-img":"","footer-sml-layout":"","theme-transparent-header-meta":"","adv-header-id-meta":"","stick-header-meta":"","header-above-stick-meta":"","header-main-stick-meta":"","header-below-stick-meta":"","astra-migrate-meta-layouts":"default","ast-page-background-enabled":"default","ast-page-background-meta":{"desktop":{"background-color":"var(--ast-global-color-4)","background-image":"","background-repeat":"repeat","background-position":"center center","background-size":"auto","background-attachment":"scroll","background-type":"","background-media":"","overlay-type":"","overlay-color":"","overlay-opacity":"","overlay-gradient":""},"tablet":{"background-color":"","background-image":"","background-repeat":"repeat","background-position":"center center","background-size":"auto","background-attachment":"scroll","background-type":"","background-media":"","overlay-type":"","overlay-color":"","overlay-opacity":"","overlay-gradient":""},"mobile":{"background-color":"","background-image":"","background-repeat":"repeat","background-position":"center center","background-size":"auto","background-attachment":"scroll","background-type":"","background-media":"","overlay-type":"","overlay-color":"","overlay-opacity":"","overlay-gradient":""}},"ast-content-background-meta":{"desktop":{"background-color":"var(--ast-global-color-5)","background-image":"","background-repeat":"repeat","background-position":"center center","background-size":"auto","background-attachment":"scroll","background-type":"","background-media":"","overlay-type":"","overlay-color":"","overlay-opacity":"","overlay-gradient":""},"tablet":{"background-color":"var(--ast-global-color-5)","background-image":"","background-repeat":"repeat","background-position":"center center","background-size":"auto","background-attachment":"scroll","background-type":"","background-media":"","overlay-type":"","overlay-color":"","overlay-opacity":"","overlay-gradient":""},"mobile":{"background-color":"var(--ast-global-color-5)","background-image":"","background-repeat":"repeat","background-position":"center center","background-size":"auto","background-attachment":"scroll","background-type":"","background-media":"","overlay-type":"","overlay-color":"","overlay-opacity":"","overlay-gradient":""}}},"product_brand":[],"product_cat":[244,188,1118],"product_tag":[],"class_list":{"0":"post-247480","1":"product","2":"type-product","3":"status-publish","4":"has-post-thumbnail","6":"product_cat-france","7":"product_cat-freelancer","8":"product_cat-paris","9":"desktop-align-left","10":"tablet-align-left","11":"mobile-align-left","13":"first","14":"instock","15":"shipping-taxable","16":"product-type-simple"},"_links":{"self":[{"href":"https:\/\/poccky.com\/index.php\/wp-json\/wp\/v2\/product\/247480","targetHints":{"allow":["GET"]}}],"collection":[{"href":"https:\/\/poccky.com\/index.php\/wp-json\/wp\/v2\/product"}],"about":[{"href":"https:\/\/poccky.com\/index.php\/wp-json\/wp\/v2\/types\/product"}],"replies":[{"embeddable":true,"href":"https:\/\/poccky.com\/index.php\/wp-json\/wp\/v2\/comments?post=247480"}],"wp:featuredmedia":[{"embeddable":true,"href":"https:\/\/poccky.com\/index.php\/wp-json\/wp\/v2\/media\/239196"}],"wp:attachment":[{"href":"https:\/\/poccky.com\/index.php\/wp-json\/wp\/v2\/media?parent=247480"}],"wp:term":[{"taxonomy":"product_brand","embeddable":true,"href":"https:\/\/poccky.com\/index.php\/wp-json\/wp\/v2\/product_brand?post=247480"},{"taxonomy":"product_cat","embeddable":true,"href":"https:\/\/poccky.com\/index.php\/wp-json\/wp\/v2\/product_cat?post=247480"},{"taxonomy":"product_tag","embeddable":true,"href":"https:\/\/poccky.com\/index.php\/wp-json\/wp\/v2\/product_tag?post=247480"}],"curies":[{"name":"wp","href":"https:\/\/api.w.org\/{rel}","templated":true}]}}